{"id":1121,"date":"2022-01-12T08:53:12","date_gmt":"2022-01-12T07:53:12","guid":{"rendered":"https:\/\/bilogic.hu\/referenciaink\/"},"modified":"2023-03-06T14:39:25","modified_gmt":"2023-03-06T13:39:25","slug":"referenzen","status":"publish","type":"page","link":"https:\/\/bilogic.hu\/de\/referenzen\/","title":{"rendered":"Unsere Referenzen"},"content":{"rendered":"\n<div style=\"height:19px\" aria-hidden=\"true\" class=\"wp-block-spacer\"><\/div>\n\n\n\n<div class=\"wp-block-cover alignfull\" style=\"min-height:200px;aspect-ratio:unset;\"><span aria-hidden=\"true\" class=\"wp-block-cover__background has-nv-light-bg-background-color has-background-dim-100 has-background-dim\"><\/span><div class=\"wp-block-cover__inner-container is-layout-flow wp-block-cover-is-layout-flow\">\n<div class=\"wp-block-group\"><div class=\"wp-block-group__inner-container is-layout-flow wp-block-group-is-layout-flow\">\n<div class=\"wp-block-columns is-layout-flex wp-container-core-columns-is-layout-9d6595d7 wp-block-columns-is-layout-flex\">\n<div class=\"wp-block-column is-vertically-aligned-center is-layout-flow wp-block-column-is-layout-flow\" style=\"flex-basis:50%\">\n<div style=\"height:40px\" aria-hidden=\"true\" class=\"wp-block-spacer\"><\/div>\n\n\n<div class=\"wp-block-image\">\n<figure class=\"aligncenter size-large is-resized\"><img loading=\"lazy\" decoding=\"async\" src=\"https:\/\/bilogic.hu\/wp-content\/uploads\/2023\/03\/covid-1024x1024.png\" alt=\"\" class=\"wp-image-1385\" width=\"447\" height=\"447\" srcset=\"https:\/\/bilogic.hu\/wp-content\/uploads\/2023\/03\/covid-1024x1024.png 1024w, https:\/\/bilogic.hu\/wp-content\/uploads\/2023\/03\/covid-300x300.png 300w, https:\/\/bilogic.hu\/wp-content\/uploads\/2023\/03\/covid-150x150.png 150w, https:\/\/bilogic.hu\/wp-content\/uploads\/2023\/03\/covid-768x768.png 768w, https:\/\/bilogic.hu\/wp-content\/uploads\/2023\/03\/covid-1536x1536.png 1536w, https:\/\/bilogic.hu\/wp-content\/uploads\/2023\/03\/covid-2048x2048.png 2048w\" sizes=\"auto, (max-width: 447px) 100vw, 447px\" \/><\/figure>\n<\/div><\/div>\n\n\n\n<div class=\"wp-block-column is-layout-flow wp-block-column-is-layout-flow\" style=\"flex-basis:50%\">\n<div style=\"height:150px\" aria-hidden=\"true\" class=\"wp-block-spacer\"><\/div>\n\n\n\n<p class=\"has-neve-link-color-color has-text-color has-large-font-size\"><strong>COVID<\/strong><\/p>\n\n\n\n<p class=\"has-neve-link-color-color has-text-color\">Die COVID-19-Pandemie hat gezeigt, wie wichtig es ist, dass die Entscheidungstr\u00e4ger \u00fcber aktuelle Informationen \u00fcber die Ausbreitung der Pandemie verf\u00fcgen. Dar\u00fcber hinaus bieten die daraus resultierenden Daten viele weitere Analysem\u00f6glichkeiten. Es kann sich auch lohnen, einen Blick auf nationale oder europ\u00e4ische Daten zu werfen.<\/p>\n\n\n\n<p class=\"has-neve-link-color-color has-text-color\">Unser Unternehmen hat einen Beitrag zu einer wissenschaftlichen Abhandlung geleistet, in der die Ergebnisse und die Methodik einer innovativen Forschung zur Unterst\u00fctzung des Managements der nationalen und globalen Infektionskontrolle vorgestellt werden. Sie arbeitet auch mit einer Reihe von Kooperationspartnern bei der Verarbeitung und Analyse von Pandemiedaten zusammen.<\/p>\n\n\n\n<div class=\"wp-block-buttons is-layout-flex wp-block-buttons-is-layout-flex\">\n<div class=\"wp-block-button is-style-primary\"><a class=\"wp-block-button__link wp-element-button\" href=\"https:\/\/bilogic.hu\/de\/covid-2\">Mehr lesen<\/a><\/div>\n<\/div>\n\n\n\n<hr class=\"wp-block-separator has-css-opacity is-style-wide\"\/>\n\n\n\n<p class=\"has-neve-text-color-color has-text-color\">Mitwirkende Organisationen:<\/p>\n\n\n\n<ul class=\"has-neve-link-color-color has-text-color wp-block-list\">\n<li>Ministerium des Innern<\/li>\n\n\n\n<li>Ministerium f\u00fcr Innovation und Technologie<\/li>\n\n\n\n<li>Semmelweis-Universit\u00e4t<\/li>\n<\/ul>\n<\/div>\n<\/div>\n\n\n\n<div style=\"height:40px\" aria-hidden=\"true\" class=\"wp-block-spacer\"><\/div>\n<\/div><\/div>\n\n\n\n<div class=\"wp-block-cover alignfull\" style=\"min-height:800px;aspect-ratio:unset;\"><span aria-hidden=\"true\" class=\"wp-block-cover__background has-nv-site-bg-background-color has-background-dim-100 has-background-dim\"><\/span><div class=\"wp-block-cover__inner-container is-layout-flow wp-block-cover-is-layout-flow\">\n<div class=\"wp-block-group has-nv-site-bg-color has-text-color\"><div class=\"wp-block-group__inner-container is-layout-flow wp-block-group-is-layout-flow\">\n<div style=\"height:80px\" aria-hidden=\"true\" class=\"wp-block-spacer\"><\/div>\n\n\n\n<div class=\"wp-block-columns is-layout-flex wp-container-core-columns-is-layout-9d6595d7 wp-block-columns-is-layout-flex\">\n<div class=\"wp-block-column is-layout-flow wp-block-column-is-layout-flow\" style=\"flex-basis:100%\">\n<div class=\"wp-block-columns is-layout-flex wp-container-core-columns-is-layout-9d6595d7 wp-block-columns-is-layout-flex\">\n<div class=\"wp-block-column is-vertically-aligned-top is-layout-flow wp-block-column-is-layout-flow\" style=\"flex-basis:50%\">\n<div style=\"height:120px\" aria-hidden=\"true\" class=\"wp-block-spacer\"><\/div>\n\n\n<div class=\"wp-block-image\">\n<figure class=\"aligncenter size-large is-resized\"><img loading=\"lazy\" decoding=\"async\" src=\"https:\/\/bilogic.hu\/wp-content\/uploads\/2023\/03\/vir_4s20000-1024x1024.png\" alt=\"\" class=\"wp-image-1389\" width=\"424\" height=\"424\" srcset=\"https:\/\/bilogic.hu\/wp-content\/uploads\/2023\/03\/vir_4s20000-1024x1024.png 1024w, https:\/\/bilogic.hu\/wp-content\/uploads\/2023\/03\/vir_4s20000-300x300.png 300w, https:\/\/bilogic.hu\/wp-content\/uploads\/2023\/03\/vir_4s20000-150x150.png 150w, https:\/\/bilogic.hu\/wp-content\/uploads\/2023\/03\/vir_4s20000-768x768.png 768w, https:\/\/bilogic.hu\/wp-content\/uploads\/2023\/03\/vir_4s20000-1536x1536.png 1536w, https:\/\/bilogic.hu\/wp-content\/uploads\/2023\/03\/vir_4s20000-2048x2048.png 2048w\" sizes=\"auto, (max-width: 424px) 100vw, 424px\" \/><\/figure>\n<\/div><\/div>\n\n\n\n<div class=\"wp-block-column is-vertically-aligned-center has-neve-link-color-color has-text-color is-layout-flow wp-block-column-is-layout-flow\" style=\"flex-basis:50%\">\n<p class=\"has-neve-link-color-color has-text-color has-large-font-size\"><strong><strong>4S-2000 GmbH. &#8211;<\/strong> Management-Informationssystem (MIS)<\/strong><\/p>\n\n\n\n<p>4S-2000 GmbH. ist ein zu 100 % in ungarischem Besitz befindliches Unternehmen in Ny\u00edregyh\u00e1za, das 105 Mitarbeiter besch\u00e4ftigt. F\u00fcr das 1996 gegr\u00fcndete mittelst\u00e4ndische Unternehmen war es von gr\u00f6\u00dfter Wichtigkeit, dass die Gesch\u00e4ftsleitung neben den innovativen Fertigungsm\u00f6glichkeiten auch \u00fcber aktuelle Informationen \u00fcber den aktuellen Stand des Unternehmens und der Gesch\u00e4ftst\u00e4tigkeit verf\u00fcgt.<\/p>\n\n\n\n<p>Unser Unternehmen hat ein Management-Berichts- und Informationssystem entwickelt, das auf Daten aus internen IT-gest\u00fctzten Produktions- und ERP-Systemen basiert. Die an 4S-2000 GmbH. gelieferten L\u00f6sungen bieten einen durchg\u00e4ngigen Einblick in einen wesentlichen Teil der internen Prozesse.<\/p>\n\n\n\n<div class=\"wp-block-buttons is-layout-flex wp-block-buttons-is-layout-flex\">\n<div class=\"wp-block-button is-style-primary\"><a class=\"wp-block-button__link wp-element-button\" href=\"https:\/\/bilogic.hu\/de\/michelin\/\">Mehr lesen<\/a><\/div>\n<\/div>\n\n\n\n<hr class=\"wp-block-separator has-text-color has-nv-light-bg-color has-css-opacity has-nv-light-bg-background-color has-background is-style-wide\"\/>\n\n\n\n<p class=\"has-neve-text-color-color has-text-color\">Implementierung von Berichtsmodulen:<\/p>\n\n\n\n<ul class=\"wp-block-list\">\n<li>\u00dcberwachung von Angeboten, Bestellungen, Lieferungen&nbsp;&nbsp;<\/li>\n\n\n\n<li>Kundenmanagement, Analyse der Kundenfluktuation, Lieferantenanalyse<\/li>\n\n\n\n<li>\u00dcberwachung der Produktion, Produktionslinien<\/li>\n\n\n\n<li>\u00dcberwachung der Finanzprozesse (Umsatz, R\u00fcckstand, Preisgestaltung)<\/li>\n<\/ul>\n<\/div>\n<\/div>\n<\/div>\n<\/div>\n\n\n\n<p><\/p>\n<\/div><\/div>\n\n\n\n<p><\/p>\n<\/div><\/div>\n\n\n\n<div class=\"wp-block-columns is-layout-flex wp-container-core-columns-is-layout-9d6595d7 wp-block-columns-is-layout-flex\">\n<div class=\"wp-block-column is-vertically-aligned-center is-layout-flow wp-block-column-is-layout-flow\" style=\"flex-basis:50%\">\n<div style=\"height:40px\" aria-hidden=\"true\" class=\"wp-block-spacer\"><\/div>\n\n\n<div class=\"wp-block-image\">\n<figure class=\"aligncenter size-large is-resized\"><img loading=\"lazy\" decoding=\"async\" src=\"https:\/\/bilogic.hu\/wp-content\/uploads\/2023\/03\/vir_tracon-1024x1024.png\" alt=\"\" class=\"wp-image-1392\" width=\"435\" height=\"435\" srcset=\"https:\/\/bilogic.hu\/wp-content\/uploads\/2023\/03\/vir_tracon-1024x1024.png 1024w, https:\/\/bilogic.hu\/wp-content\/uploads\/2023\/03\/vir_tracon-300x300.png 300w, https:\/\/bilogic.hu\/wp-content\/uploads\/2023\/03\/vir_tracon-150x150.png 150w, https:\/\/bilogic.hu\/wp-content\/uploads\/2023\/03\/vir_tracon-768x768.png 768w, https:\/\/bilogic.hu\/wp-content\/uploads\/2023\/03\/vir_tracon-1536x1536.png 1536w, https:\/\/bilogic.hu\/wp-content\/uploads\/2023\/03\/vir_tracon-2048x2048.png 2048w\" sizes=\"auto, (max-width: 435px) 100vw, 435px\" \/><\/figure>\n<\/div><\/div>\n\n\n\n<div class=\"wp-block-column is-layout-flow wp-block-column-is-layout-flow\" style=\"flex-basis:50%\">\n<div style=\"height:99px\" aria-hidden=\"true\" class=\"wp-block-spacer\"><\/div>\n\n\n\n<p class=\"has-neve-link-color-color has-text-color has-large-font-size\"><strong>Tracon Budapest GmbH. Management-Informationssystem (MIS) &#8211; Phase I<\/strong><\/p>\n\n\n\n<p class=\"has-neve-link-color-color has-text-color\">Tracon Budapest GmbH. ist eine seit 1990 t\u00e4tige Unternehmensgruppe mit Niederlassungen in mehr als 10 europ\u00e4ischen L\u00e4ndern. Die Gruppe arbeitet t\u00e4glich mit mehr als 5.000 Wiederverk\u00e4ufern und fast 7.500 Produkten zusammen, die im firmeneigenen robotergest\u00fctzten Lager (smart warehouse) gelagert werden. Sie verf\u00fcgen auch \u00fcber ein eigenes Labor f\u00fcr Beleuchtungstechnik.<\/p>\n\n\n\n<p class=\"has-neve-link-color-color has-text-color\">Unser Unternehmen hat f\u00fcr Tracon GmbH. in mehreren Phasen ein integriertes Management-Informationssystem entwickelt, in dem die Daten aller Muttergesellschaften in einer Oberfl\u00e4che f\u00fcr die Unternehmensleitung dargestellt werden. Der daraus resultierende Bericht ist immer aktuell und hilft bei der Entscheidungsfindung.<\/p>\n\n\n\n<div class=\"wp-block-buttons is-layout-flex wp-block-buttons-is-layout-flex\">\n<div class=\"wp-block-button is-style-primary\"><a class=\"wp-block-button__link wp-element-button\" href=\"https:\/\/bilogic.hu\/de\/navision-bc\/\">Mehr lesen<\/a><\/div>\n<\/div>\n\n\n\n<hr class=\"wp-block-separator has-css-opacity is-style-wide\"\/>\n\n\n\n<p class=\"has-neve-text-color-color has-text-color\">Implementierung von Berichtsmodulen:<\/p>\n\n\n\n<ul class=\"has-neve-link-color-color has-text-color wp-block-list\">\n<li>Design von Mobiltelefonen<\/li>\n\n\n\n<li>Finanzmodul (Einnahmen, Ausgaben, Plan-Fakt-Analyse, Umsatz, Deckungsanalyse usw.)<\/li>\n\n\n\n<li>Kundenmodul (Kundenauftr\u00e4ge, Verkaufsanalyse, Partnerumsatz, Produktumsatz)&nbsp;<\/li>\n\n\n\n<li>Lieferanten- und Lagermodul (Bestandsanalyse, Lieferantenanalyse)<\/li>\n<\/ul>\n<\/div>\n<\/div>\n\n\n\n<div style=\"height:40px\" aria-hidden=\"true\" class=\"wp-block-spacer\"><\/div>\n<\/div><\/div>\n\n\n\n<div style=\"height:32px\" aria-hidden=\"true\" class=\"wp-block-spacer\"><\/div>\n\n\n\n<p class=\"has-text-align-center has-small-font-size\">Die hier gezeigten BI-Dashboard-Oberfl\u00e4chen basieren auf \u00f6ffentlich zug\u00e4nglichen Daten und Testdaten, die von Partnerunternehmen bereitgestellt wurden.<\/p>\n\n\n\n<div style=\"height:32px\" aria-hidden=\"true\" class=\"wp-block-spacer\"><\/div>\n\n\n\n<div class=\"wp-block-cover alignfull\" style=\"min-height:300px;aspect-ratio:unset;\"><span aria-hidden=\"true\" class=\"wp-block-cover__background has-nv-dark-bg-background-color has-background-dim-100 has-background-dim\"><\/span><div class=\"wp-block-cover__inner-container is-layout-flow wp-block-cover-is-layout-flow\">\n<div style=\"height:140px\" aria-hidden=\"true\" class=\"wp-block-spacer\"><\/div>\n\n\n\n<h2 class=\"has-text-align-center has-nv-text-dark-bg-color has-text-color wp-block-heading\" id=\"dolgozzunk-egyutt\">Lassen Sie uns zusammenarbeiten<\/h2>\n\n\n\n<p class=\"has-text-align-center has-medium-font-size\">Kontaktieren Sie uns!<\/p>\n\n\n\n<div class=\"wp-block-buttons is-horizontal is-content-justification-center is-layout-flex wp-container-core-buttons-is-layout-499968f5 wp-block-buttons-is-layout-flex\">\n<div class=\"wp-block-button is-style-primary\"><a class=\"wp-block-button__link wp-element-button\" href=\"https:\/\/bilogic.hu\/de\/index.php#kapcsolat\">Kontakt<\/a><\/div>\n<\/div>\n\n\n\n<div style=\"height:140px\" aria-hidden=\"true\" class=\"wp-block-spacer\"><\/div>\n<\/div><\/div>\n","protected":false},"excerpt":{"rendered":"<p>Die hier gezeigten BI-Dashboard-Oberfl\u00e4chen basieren auf \u00f6ffentlich zug\u00e4nglichen Daten und Testdaten, die von Partnerunternehmen bereitgestellt wurden.<\/p>\n","protected":false},"author":1,"featured_media":1283,"parent":0,"menu_order":0,"comment_status":"closed","ping_status":"closed","template":"","meta":{"neve_meta_sidebar":"","neve_meta_container":"default","neve_meta_enable_content_width":"on","neve_meta_content_width":100,"neve_meta_title_alignment":"","neve_meta_author_avatar":"","neve_post_elements_order":"","neve_meta_disable_header":"off","neve_meta_disable_footer":"","neve_meta_disable_title":"off","footnotes":""},"class_list":["post-1121","page","type-page","status-publish","has-post-thumbnail","hentry"],"yoast_head":"<!-- This site is optimized with the Yoast SEO plugin v27.2 - https:\/\/yoast.com\/product\/yoast-seo-wordpress\/ -->\n<title>Unsere Referenzen - BI LOGIC<\/title>\n<meta name=\"description\" content=\"Entdecken Sie die Business-Intelligence-Services von Powered BI und erfahren Sie, wie Sie die wahren Werte Ihres Unternehmens aufdecken k\u00f6nnen. Von der Datenanalyse bis hin zu Gesch\u00e4ftsentscheidungen ist Bilogic Ihr Partner f\u00fcr die digitale Transformation.\" \/>\n<meta name=\"robots\" content=\"index, follow, max-snippet:-1, max-image-preview:large, max-video-preview:-1\" \/>\n<link rel=\"canonical\" href=\"https:\/\/bilogic.hu\/de\/referenzen\/\" \/>\n<meta property=\"og:locale\" content=\"de_DE\" \/>\n<meta property=\"og:type\" content=\"article\" \/>\n<meta property=\"og:title\" content=\"Unsere Referenzen - BI LOGIC\" \/>\n<meta property=\"og:description\" content=\"Entdecken Sie die Business-Intelligence-Services von Powered BI und erfahren Sie, wie Sie die wahren Werte Ihres Unternehmens aufdecken k\u00f6nnen. Von der Datenanalyse bis hin zu Gesch\u00e4ftsentscheidungen ist Bilogic Ihr Partner f\u00fcr die digitale Transformation.\" \/>\n<meta property=\"og:url\" content=\"https:\/\/bilogic.hu\/de\/referenzen\/\" \/>\n<meta property=\"og:site_name\" content=\"BI LOGIC\" \/>\n<meta property=\"article:publisher\" content=\"https:\/\/www.facebook.com\/bilogickft\" \/>\n<meta property=\"article:modified_time\" content=\"2023-03-06T13:39:25+00:00\" \/>\n<meta property=\"og:image\" content=\"https:\/\/bilogic.hu\/wp-content\/uploads\/2023\/03\/vir_small.png\" \/>\n\t<meta property=\"og:image:width\" content=\"130\" \/>\n\t<meta property=\"og:image:height\" content=\"99\" \/>\n\t<meta property=\"og:image:type\" content=\"image\/png\" \/>\n<meta name=\"twitter:card\" content=\"summary_large_image\" \/>\n<meta name=\"twitter:label1\" content=\"Gesch\u00e4tzte Lesezeit\" \/>\n\t<meta name=\"twitter:data1\" content=\"3\u00a0Minuten\" \/>\n<script type=\"application\/ld+json\" class=\"yoast-schema-graph\">{\"@context\":\"https:\/\/schema.org\",\"@graph\":[{\"@type\":\"WebPage\",\"@id\":\"https:\/\/bilogic.hu\/de\/referenzen\/\",\"url\":\"https:\/\/bilogic.hu\/de\/referenzen\/\",\"name\":\"Unsere Referenzen - BI LOGIC\",\"isPartOf\":{\"@id\":\"https:\/\/bilogic.hu\/#website\"},\"primaryImageOfPage\":{\"@id\":\"https:\/\/bilogic.hu\/de\/referenzen\/#primaryimage\"},\"image\":{\"@id\":\"https:\/\/bilogic.hu\/de\/referenzen\/#primaryimage\"},\"thumbnailUrl\":\"https:\/\/bilogic.hu\/wp-content\/uploads\/2023\/03\/vir_small.png\",\"datePublished\":\"2022-01-12T07:53:12+00:00\",\"dateModified\":\"2023-03-06T13:39:25+00:00\",\"description\":\"Entdecken Sie die Business-Intelligence-Services von Powered BI und erfahren Sie, wie Sie die wahren Werte Ihres Unternehmens aufdecken k\u00f6nnen. Von der Datenanalyse bis hin zu Gesch\u00e4ftsentscheidungen ist Bilogic Ihr Partner f\u00fcr die digitale Transformation.\",\"breadcrumb\":{\"@id\":\"https:\/\/bilogic.hu\/de\/referenzen\/#breadcrumb\"},\"inLanguage\":\"de\",\"potentialAction\":[{\"@type\":\"ReadAction\",\"target\":[\"https:\/\/bilogic.hu\/de\/referenzen\/\"]}]},{\"@type\":\"ImageObject\",\"inLanguage\":\"de\",\"@id\":\"https:\/\/bilogic.hu\/de\/referenzen\/#primaryimage\",\"url\":\"https:\/\/bilogic.hu\/wp-content\/uploads\/2023\/03\/vir_small.png\",\"contentUrl\":\"https:\/\/bilogic.hu\/wp-content\/uploads\/2023\/03\/vir_small.png\",\"width\":130,\"height\":99},{\"@type\":\"BreadcrumbList\",\"@id\":\"https:\/\/bilogic.hu\/de\/referenzen\/#breadcrumb\",\"itemListElement\":[{\"@type\":\"ListItem\",\"position\":1,\"name\":\"Kezd\u0151lap\",\"item\":\"https:\/\/bilogic.hu\/de\/\"},{\"@type\":\"ListItem\",\"position\":2,\"name\":\"Unsere Referenzen\"}]},{\"@type\":\"WebSite\",\"@id\":\"https:\/\/bilogic.hu\/#website\",\"url\":\"https:\/\/bilogic.hu\/\",\"name\":\"BiLogic\",\"description\":\"Felfedj\u00fck \u00fczlete \u00e9rt\u00e9keit a Powered BI seg\u00edts\u00e9g\u00e9vel\",\"publisher\":{\"@id\":\"https:\/\/bilogic.hu\/#organization\"},\"alternateName\":\"BiLogic\",\"potentialAction\":[{\"@type\":\"SearchAction\",\"target\":{\"@type\":\"EntryPoint\",\"urlTemplate\":\"https:\/\/bilogic.hu\/?s={search_term_string}\"},\"query-input\":{\"@type\":\"PropertyValueSpecification\",\"valueRequired\":true,\"valueName\":\"search_term_string\"}}],\"inLanguage\":\"de\"},{\"@type\":\"Organization\",\"@id\":\"https:\/\/bilogic.hu\/#organization\",\"name\":\"BiLogic\",\"alternateName\":\"BiLogic\",\"url\":\"https:\/\/bilogic.hu\/\",\"logo\":{\"@type\":\"ImageObject\",\"inLanguage\":\"de\",\"@id\":\"https:\/\/bilogic.hu\/#\/schema\/logo\/image\/\",\"url\":\"https:\/\/bilogic.hu\/wp-content\/uploads\/2021\/10\/logo_big-1.jpg\",\"contentUrl\":\"https:\/\/bilogic.hu\/wp-content\/uploads\/2021\/10\/logo_big-1.jpg\",\"width\":501,\"height\":127,\"caption\":\"BiLogic\"},\"image\":{\"@id\":\"https:\/\/bilogic.hu\/#\/schema\/logo\/image\/\"},\"sameAs\":[\"https:\/\/www.facebook.com\/bilogickft\",\"https:\/\/www.linkedin.com\/company\/bi-logic-kft\"]}]}<\/script>\n<!-- \/ Yoast SEO plugin. -->","yoast_head_json":{"title":"Unsere Referenzen - BI LOGIC","description":"Entdecken Sie die Business-Intelligence-Services von Powered BI und erfahren Sie, wie Sie die wahren Werte Ihres Unternehmens aufdecken k\u00f6nnen. Von der Datenanalyse bis hin zu Gesch\u00e4ftsentscheidungen ist Bilogic Ihr Partner f\u00fcr die digitale Transformation.","robots":{"index":"index","follow":"follow","max-snippet":"max-snippet:-1","max-image-preview":"max-image-preview:large","max-video-preview":"max-video-preview:-1"},"canonical":"https:\/\/bilogic.hu\/de\/referenzen\/","og_locale":"de_DE","og_type":"article","og_title":"Unsere Referenzen - BI LOGIC","og_description":"Entdecken Sie die Business-Intelligence-Services von Powered BI und erfahren Sie, wie Sie die wahren Werte Ihres Unternehmens aufdecken k\u00f6nnen. Von der Datenanalyse bis hin zu Gesch\u00e4ftsentscheidungen ist Bilogic Ihr Partner f\u00fcr die digitale Transformation.","og_url":"https:\/\/bilogic.hu\/de\/referenzen\/","og_site_name":"BI LOGIC","article_publisher":"https:\/\/www.facebook.com\/bilogickft","article_modified_time":"2023-03-06T13:39:25+00:00","og_image":[{"width":130,"height":99,"url":"https:\/\/bilogic.hu\/wp-content\/uploads\/2023\/03\/vir_small.png","type":"image\/png"}],"twitter_card":"summary_large_image","twitter_misc":{"Gesch\u00e4tzte Lesezeit":"3\u00a0Minuten"},"schema":{"@context":"https:\/\/schema.org","@graph":[{"@type":"WebPage","@id":"https:\/\/bilogic.hu\/de\/referenzen\/","url":"https:\/\/bilogic.hu\/de\/referenzen\/","name":"Unsere Referenzen - BI LOGIC","isPartOf":{"@id":"https:\/\/bilogic.hu\/#website"},"primaryImageOfPage":{"@id":"https:\/\/bilogic.hu\/de\/referenzen\/#primaryimage"},"image":{"@id":"https:\/\/bilogic.hu\/de\/referenzen\/#primaryimage"},"thumbnailUrl":"https:\/\/bilogic.hu\/wp-content\/uploads\/2023\/03\/vir_small.png","datePublished":"2022-01-12T07:53:12+00:00","dateModified":"2023-03-06T13:39:25+00:00","description":"Entdecken Sie die Business-Intelligence-Services von Powered BI und erfahren Sie, wie Sie die wahren Werte Ihres Unternehmens aufdecken k\u00f6nnen. Von der Datenanalyse bis hin zu Gesch\u00e4ftsentscheidungen ist Bilogic Ihr Partner f\u00fcr die digitale Transformation.","breadcrumb":{"@id":"https:\/\/bilogic.hu\/de\/referenzen\/#breadcrumb"},"inLanguage":"de","potentialAction":[{"@type":"ReadAction","target":["https:\/\/bilogic.hu\/de\/referenzen\/"]}]},{"@type":"ImageObject","inLanguage":"de","@id":"https:\/\/bilogic.hu\/de\/referenzen\/#primaryimage","url":"https:\/\/bilogic.hu\/wp-content\/uploads\/2023\/03\/vir_small.png","contentUrl":"https:\/\/bilogic.hu\/wp-content\/uploads\/2023\/03\/vir_small.png","width":130,"height":99},{"@type":"BreadcrumbList","@id":"https:\/\/bilogic.hu\/de\/referenzen\/#breadcrumb","itemListElement":[{"@type":"ListItem","position":1,"name":"Kezd\u0151lap","item":"https:\/\/bilogic.hu\/de\/"},{"@type":"ListItem","position":2,"name":"Unsere Referenzen"}]},{"@type":"WebSite","@id":"https:\/\/bilogic.hu\/#website","url":"https:\/\/bilogic.hu\/","name":"BiLogic","description":"Felfedj\u00fck \u00fczlete \u00e9rt\u00e9keit a Powered BI seg\u00edts\u00e9g\u00e9vel","publisher":{"@id":"https:\/\/bilogic.hu\/#organization"},"alternateName":"BiLogic","potentialAction":[{"@type":"SearchAction","target":{"@type":"EntryPoint","urlTemplate":"https:\/\/bilogic.hu\/?s={search_term_string}"},"query-input":{"@type":"PropertyValueSpecification","valueRequired":true,"valueName":"search_term_string"}}],"inLanguage":"de"},{"@type":"Organization","@id":"https:\/\/bilogic.hu\/#organization","name":"BiLogic","alternateName":"BiLogic","url":"https:\/\/bilogic.hu\/","logo":{"@type":"ImageObject","inLanguage":"de","@id":"https:\/\/bilogic.hu\/#\/schema\/logo\/image\/","url":"https:\/\/bilogic.hu\/wp-content\/uploads\/2021\/10\/logo_big-1.jpg","contentUrl":"https:\/\/bilogic.hu\/wp-content\/uploads\/2021\/10\/logo_big-1.jpg","width":501,"height":127,"caption":"BiLogic"},"image":{"@id":"https:\/\/bilogic.hu\/#\/schema\/logo\/image\/"},"sameAs":["https:\/\/www.facebook.com\/bilogickft","https:\/\/www.linkedin.com\/company\/bi-logic-kft"]}]}},"_links":{"self":[{"href":"https:\/\/bilogic.hu\/de\/wp-json\/wp\/v2\/pages\/1121","targetHints":{"allow":["GET"]}}],"collection":[{"href":"https:\/\/bilogic.hu\/de\/wp-json\/wp\/v2\/pages"}],"about":[{"href":"https:\/\/bilogic.hu\/de\/wp-json\/wp\/v2\/types\/page"}],"author":[{"embeddable":true,"href":"https:\/\/bilogic.hu\/de\/wp-json\/wp\/v2\/users\/1"}],"replies":[{"embeddable":true,"href":"https:\/\/bilogic.hu\/de\/wp-json\/wp\/v2\/comments?post=1121"}],"version-history":[{"count":4,"href":"https:\/\/bilogic.hu\/de\/wp-json\/wp\/v2\/pages\/1121\/revisions"}],"predecessor-version":[{"id":1414,"href":"https:\/\/bilogic.hu\/de\/wp-json\/wp\/v2\/pages\/1121\/revisions\/1414"}],"wp:featuredmedia":[{"embeddable":true,"href":"https:\/\/bilogic.hu\/de\/wp-json\/wp\/v2\/media\/1283"}],"wp:attachment":[{"href":"https:\/\/bilogic.hu\/de\/wp-json\/wp\/v2\/media?parent=1121"}],"curies":[{"name":"wp","href":"https:\/\/api.w.org\/{rel}","templated":true}]}}