{"id":1125,"date":"2022-02-04T15:11:42","date_gmt":"2022-02-04T14:11:42","guid":{"rendered":"https:\/\/bilogic.hu\/covid-2\/"},"modified":"2023-01-18T15:27:29","modified_gmt":"2023-01-18T14:27:29","slug":"covid-2","status":"publish","type":"page","link":"https:\/\/bilogic.hu\/de\/covid-2\/","title":{"rendered":"COVID"},"content":{"rendered":"\n<div class=\"wp-block-columns is-layout-flex wp-container-core-columns-is-layout-9d6595d7 wp-block-columns-is-layout-flex\">\n<div class=\"wp-block-column is-layout-flow wp-block-column-is-layout-flow\">\n<p><strong>Die COVID-19-Pandemie hat gezeigt, wie wichtig es ist, dass die Entscheidungstr\u00e4ger \u00fcber aktuelle Informationen \u00fcber die Ausbreitung der Pandemie verf\u00fcgen. Dar\u00fcber hinaus bieten die daraus resultierenden Daten viele weitere Analysem\u00f6glichkeiten. Es kann sich auch lohnen, einen Blick auf nationale oder europ\u00e4ische Daten zu werfen.<\/strong><\/p>\n\n\n\n<p><strong>Unser Unternehmen hat einen Beitrag zu einer wissenschaftlichen Abhandlung geleistet, in der die Ergebnisse und die Methodik einer innovativen Forschung zur Unterst\u00fctzung des Managements der nationalen und globalen Infektionskontrolle vorgestellt werden. Sie arbeitet auch mit einer Reihe von Kooperationspartnern bei der Verarbeitung und Analyse von Pandemiedaten zusammen.<\/strong><\/p>\n\n\n\n<div class=\"wp-block-columns is-layout-flex wp-container-core-columns-is-layout-9d6595d7 wp-block-columns-is-layout-flex\">\n<div class=\"wp-block-column is-layout-flow wp-block-column-is-layout-flow\" style=\"flex-basis:100%\">\n<iframe loading=\"lazy\" width=\"600\" height=\"373.5\" src=\"https:\/\/app.powerbi.com\/view?r=eyJrIjoiNDE0MDlhYzYtNGFiNS00MzM2LWFmOGYtYTJmMTQ4NzBmNDRjIiwidCI6IjI2M2UwNWFjLTdmMmQtNGFiOS04ZDgwLWY1Y2QwMzBjNDM2NSIsImMiOjl9\" frameborder=\"0\" allowfullscreen=\"true\"><\/iframe>\n<\/div>\n<\/div>\n\n\n\n<p>Seit Beginn der Epidemie arbeitet unser Unternehmen mit dem Innenministerium, dem Ministerium f\u00fcr Innovation und Technologie und der Semmelweis-Universit\u00e4t bei der Verarbeitung der epidemiologischen Daten zusammen. Die wichtigsten Bereiche, in denen wir diese Einrichtungen unterst\u00fctzt haben, sind:<\/p>\n\n\n\n<ul class=\"wp-block-list\">\n<li>Epidemiologische Datenverarbeitung, Beratung<\/li>\n\n\n\n<li>Systematisierung der epidemiologischen Daten, Beratung<\/li>\n\n\n\n<li>Datenspeicherung, Nutzung, Beratung<\/li>\n\n\n\n<li>Bearbeitung verschiedener Berichte (z. B. des Nationalen Zentrums f\u00fcr \u00f6ffentliche Gesundheit)<\/li>\n<\/ul>\n\n\n\n<p><\/p>\n\n\n\n<p>Die Business Intelligence (BI) Entwicklungsabteilung (BI-Logic GmbH.) der Fakult\u00e4t f\u00fcr Gesundheit und \u00f6ffentliche Verwaltung der Semmelweis Universit\u00e4t (Dr. Mikl\u00f3s Sz\u00f3cska, Dr. P\u00e9ter Ga\u00e1l, Tam\u00e1s Jo\u00f3, Dr. Tam\u00e1s Palicz, Dr. P\u00e9ter Pollner), Magyar Telekom, Telenor, Vodafone Ungarn und Dr. Istv\u00e1n Schiszler, unter der Leitung von Dr. Istv\u00e1n Schiszler, waren ebenfalls an der Vorbereitung des wissenschaftlichen Artikels beteiligt, in dem die Ergebnisse und die Methodik der innovativen Forschung zur Unterst\u00fctzung des Managements der nationalen und globalen Infektionskontrolle vorgestellt werden. Ein weiteres Ergebnis des Projekts war die Zusammenarbeit mit dem ELTE Institute of Physics und der London School of Hygiene &amp; Tropical Medicine. Die Studie mit dem Titel &#8222;Countrywide population movement monitoring using mobile devices generated (big) data during the COVID-19 crisis&#8220; wurde in der Fachzeitschrift Nature Scientific Report ver\u00f6ffentlicht, die unter dem unten stehenden Link abgerufen werden kann:<\/p>\n\n\n\n<p><a href=\"https:\/\/www.nature.com\/articles\/s41598-021-81873-6\">https:\/\/www.nature.com\/articles\/s41598-021-81873-6<\/a><\/p>\n\n\n\n<p>Weitere Informationen \u00fcber die Forschung sind auf der Website der Semmelweis-Universit\u00e4t zu finden:<\/p>\n\n\n\n<figure class=\"wp-block-embed is-type-wp-embed is-provider-semmelweis-university wp-block-embed-semmelweis-university\"><div class=\"wp-block-embed__wrapper\">\n<blockquote class=\"wp-embedded-content\" data-secret=\"spAZEVmyrM\"><a href=\"https:\/\/semmelweis.hu\/english\/2021\/04\/the-mobility-database-of-the-faculty-of-health-and-public-administration-supports-epidemiological-control\/\">Mobility database of the Faculty of Health and Public Administration assists infection control<\/a><\/blockquote><iframe loading=\"lazy\" class=\"wp-embedded-content\" sandbox=\"allow-scripts\" security=\"restricted\" style=\"position: absolute; clip: rect(1px, 1px, 1px, 1px);\" title=\"&#8220;Mobility database of the Faculty of Health and Public Administration assists infection control&#8221; &#8212; Semmelweis University\" src=\"https:\/\/semmelweis.hu\/english\/2021\/04\/the-mobility-database-of-the-faculty-of-health-and-public-administration-supports-epidemiological-control\/embed\/#?secret=spAZEVmyrM\" data-secret=\"spAZEVmyrM\" width=\"600\" height=\"338\" frameborder=\"0\" marginwidth=\"0\" marginheight=\"0\" scrolling=\"no\"><\/iframe>\n<\/div><\/figure>\n\n\n\n<div class=\"wp-block-buttons is-layout-flex wp-block-buttons-is-layout-flex\">\n<div class=\"wp-block-button is-style-primary\"><a class=\"wp-block-button__link wp-element-button\" href=\"https:\/\/app.powerbi.com\/view?r=eyJrIjoiNDE0MDlhYzYtNGFiNS00MzM2LWFmOGYtYTJmMTQ4NzBmNDRjIiwidCI6IjI2M2UwNWFjLTdmMmQtNGFiOS04ZDgwLWY1Y2QwMzBjNDM2NSIsImMiOjl9\">Gr\u00f6\u00dfere Ansicht<\/a><\/div>\n<\/div>\n<\/div>\n<\/div>\n","protected":false},"excerpt":{"rendered":"<p>Die COVID-19-Pandemie hat gezeigt, wie wichtig es ist, dass die Entscheidungstr\u00e4ger \u00fcber aktuelle Informationen \u00fcber die Ausbreitung der Pandemie verf\u00fcgen. Dar\u00fcber hinaus bieten die daraus resultierenden Daten viele weitere Analysem\u00f6glichkeiten. Es kann sich auch lohnen, einen Blick auf nationale oder europ\u00e4ische Daten zu werfen. Unser Unternehmen hat einen Beitrag zu einer wissenschaftlichen Abhandlung geleistet, in&hellip;&nbsp;<a href=\"https:\/\/bilogic.hu\/de\/covid-2\/\" class=\"\" rel=\"bookmark\">Weiterlesen &raquo;<span class=\"screen-reader-text\">COVID<\/span><\/a><\/p>\n","protected":false},"author":1,"featured_media":0,"parent":0,"menu_order":0,"comment_status":"closed","ping_status":"closed","template":"","meta":{"neve_meta_sidebar":"","neve_meta_container":"","neve_meta_enable_content_width":"","neve_meta_content_width":0,"neve_meta_title_alignment":"","neve_meta_author_avatar":"","neve_post_elements_order":"","neve_meta_disable_header":"","neve_meta_disable_footer":"","neve_meta_disable_title":"","footnotes":""},"class_list":["post-1125","page","type-page","status-publish","hentry"],"yoast_head":"<!-- This site is optimized with the Yoast SEO plugin v27.2 - https:\/\/yoast.com\/product\/yoast-seo-wordpress\/ -->\n<title>COVID - BI LOGIC<\/title>\n<meta name=\"description\" content=\"Fedezze fel a Powered BI \u00e1ltal ny\u00fajtott \u00fczleti intelligencia szolg\u00e1ltat\u00e1sokat \u00e9s tapasztalja meg, hogyan felfedheti \u00fczlet\u00e9nek val\u00f3di \u00e9rt\u00e9keit. Az adatok elemz\u00e9s\u00e9t\u0151l az \u00fczleti d\u00f6nt\u00e9sekig, a Bilogic az \u00d6n partnere a digit\u00e1lis \u00e1talakul\u00e1sban.\" \/>\n<meta name=\"robots\" content=\"index, follow, max-snippet:-1, max-image-preview:large, max-video-preview:-1\" \/>\n<link rel=\"canonical\" href=\"https:\/\/bilogic.hu\/de\/covid-2\/\" \/>\n<meta property=\"og:locale\" content=\"de_DE\" \/>\n<meta property=\"og:type\" content=\"article\" \/>\n<meta property=\"og:title\" content=\"COVID - BI LOGIC\" \/>\n<meta property=\"og:description\" content=\"Fedezze fel a Powered BI \u00e1ltal ny\u00fajtott \u00fczleti intelligencia szolg\u00e1ltat\u00e1sokat \u00e9s tapasztalja meg, hogyan felfedheti \u00fczlet\u00e9nek val\u00f3di \u00e9rt\u00e9keit. Az adatok elemz\u00e9s\u00e9t\u0151l az \u00fczleti d\u00f6nt\u00e9sekig, a Bilogic az \u00d6n partnere a digit\u00e1lis \u00e1talakul\u00e1sban.\" \/>\n<meta property=\"og:url\" content=\"https:\/\/bilogic.hu\/de\/covid-2\/\" \/>\n<meta property=\"og:site_name\" content=\"BI LOGIC\" \/>\n<meta property=\"article:publisher\" content=\"https:\/\/www.facebook.com\/bilogickft\" \/>\n<meta property=\"article:modified_time\" content=\"2023-01-18T14:27:29+00:00\" \/>\n<meta property=\"og:image\" content=\"https:\/\/bilogic.hu\/wp-content\/uploads\/2021\/10\/logo.png\" \/>\n\t<meta property=\"og:image:width\" content=\"127\" \/>\n\t<meta property=\"og:image:height\" content=\"127\" \/>\n\t<meta property=\"og:image:type\" content=\"image\/png\" \/>\n<meta name=\"twitter:card\" content=\"summary_large_image\" \/>\n<meta name=\"twitter:label1\" content=\"Gesch\u00e4tzte Lesezeit\" \/>\n\t<meta name=\"twitter:data1\" content=\"2\u00a0Minuten\" \/>\n<script type=\"application\/ld+json\" class=\"yoast-schema-graph\">{\"@context\":\"https:\/\/schema.org\",\"@graph\":[{\"@type\":\"WebPage\",\"@id\":\"https:\/\/bilogic.hu\/de\/covid-2\/\",\"url\":\"https:\/\/bilogic.hu\/de\/covid-2\/\",\"name\":\"COVID - BI LOGIC\",\"isPartOf\":{\"@id\":\"https:\/\/bilogic.hu\/#website\"},\"datePublished\":\"2022-02-04T14:11:42+00:00\",\"dateModified\":\"2023-01-18T14:27:29+00:00\",\"description\":\"Fedezze fel a Powered BI \u00e1ltal ny\u00fajtott \u00fczleti intelligencia szolg\u00e1ltat\u00e1sokat \u00e9s tapasztalja meg, hogyan felfedheti \u00fczlet\u00e9nek val\u00f3di \u00e9rt\u00e9keit. Az adatok elemz\u00e9s\u00e9t\u0151l az \u00fczleti d\u00f6nt\u00e9sekig, a Bilogic az \u00d6n partnere a digit\u00e1lis \u00e1talakul\u00e1sban.\",\"breadcrumb\":{\"@id\":\"https:\/\/bilogic.hu\/de\/covid-2\/#breadcrumb\"},\"inLanguage\":\"de\",\"potentialAction\":[{\"@type\":\"ReadAction\",\"target\":[\"https:\/\/bilogic.hu\/de\/covid-2\/\"]}]},{\"@type\":\"BreadcrumbList\",\"@id\":\"https:\/\/bilogic.hu\/de\/covid-2\/#breadcrumb\",\"itemListElement\":[{\"@type\":\"ListItem\",\"position\":1,\"name\":\"Kezd\u0151lap\",\"item\":\"https:\/\/bilogic.hu\/de\/\"},{\"@type\":\"ListItem\",\"position\":2,\"name\":\"COVID\"}]},{\"@type\":\"WebSite\",\"@id\":\"https:\/\/bilogic.hu\/#website\",\"url\":\"https:\/\/bilogic.hu\/\",\"name\":\"BiLogic\",\"description\":\"Felfedj\u00fck \u00fczlete \u00e9rt\u00e9keit a Powered BI seg\u00edts\u00e9g\u00e9vel\",\"publisher\":{\"@id\":\"https:\/\/bilogic.hu\/#organization\"},\"alternateName\":\"BiLogic\",\"potentialAction\":[{\"@type\":\"SearchAction\",\"target\":{\"@type\":\"EntryPoint\",\"urlTemplate\":\"https:\/\/bilogic.hu\/?s={search_term_string}\"},\"query-input\":{\"@type\":\"PropertyValueSpecification\",\"valueRequired\":true,\"valueName\":\"search_term_string\"}}],\"inLanguage\":\"de\"},{\"@type\":\"Organization\",\"@id\":\"https:\/\/bilogic.hu\/#organization\",\"name\":\"BiLogic\",\"alternateName\":\"BiLogic\",\"url\":\"https:\/\/bilogic.hu\/\",\"logo\":{\"@type\":\"ImageObject\",\"inLanguage\":\"de\",\"@id\":\"https:\/\/bilogic.hu\/#\/schema\/logo\/image\/\",\"url\":\"https:\/\/bilogic.hu\/wp-content\/uploads\/2021\/10\/logo_big-1.jpg\",\"contentUrl\":\"https:\/\/bilogic.hu\/wp-content\/uploads\/2021\/10\/logo_big-1.jpg\",\"width\":501,\"height\":127,\"caption\":\"BiLogic\"},\"image\":{\"@id\":\"https:\/\/bilogic.hu\/#\/schema\/logo\/image\/\"},\"sameAs\":[\"https:\/\/www.facebook.com\/bilogickft\",\"https:\/\/www.linkedin.com\/company\/bi-logic-kft\"]}]}<\/script>\n<!-- \/ Yoast SEO plugin. -->","yoast_head_json":{"title":"COVID - BI LOGIC","description":"Fedezze fel a Powered BI \u00e1ltal ny\u00fajtott \u00fczleti intelligencia szolg\u00e1ltat\u00e1sokat \u00e9s tapasztalja meg, hogyan felfedheti \u00fczlet\u00e9nek val\u00f3di \u00e9rt\u00e9keit. Az adatok elemz\u00e9s\u00e9t\u0151l az \u00fczleti d\u00f6nt\u00e9sekig, a Bilogic az \u00d6n partnere a digit\u00e1lis \u00e1talakul\u00e1sban.","robots":{"index":"index","follow":"follow","max-snippet":"max-snippet:-1","max-image-preview":"max-image-preview:large","max-video-preview":"max-video-preview:-1"},"canonical":"https:\/\/bilogic.hu\/de\/covid-2\/","og_locale":"de_DE","og_type":"article","og_title":"COVID - BI LOGIC","og_description":"Fedezze fel a Powered BI \u00e1ltal ny\u00fajtott \u00fczleti intelligencia szolg\u00e1ltat\u00e1sokat \u00e9s tapasztalja meg, hogyan felfedheti \u00fczlet\u00e9nek val\u00f3di \u00e9rt\u00e9keit. Az adatok elemz\u00e9s\u00e9t\u0151l az \u00fczleti d\u00f6nt\u00e9sekig, a Bilogic az \u00d6n partnere a digit\u00e1lis \u00e1talakul\u00e1sban.","og_url":"https:\/\/bilogic.hu\/de\/covid-2\/","og_site_name":"BI LOGIC","article_publisher":"https:\/\/www.facebook.com\/bilogickft","article_modified_time":"2023-01-18T14:27:29+00:00","og_image":[{"width":127,"height":127,"url":"https:\/\/bilogic.hu\/wp-content\/uploads\/2021\/10\/logo.png","type":"image\/png"}],"twitter_card":"summary_large_image","twitter_misc":{"Gesch\u00e4tzte Lesezeit":"2\u00a0Minuten"},"schema":{"@context":"https:\/\/schema.org","@graph":[{"@type":"WebPage","@id":"https:\/\/bilogic.hu\/de\/covid-2\/","url":"https:\/\/bilogic.hu\/de\/covid-2\/","name":"COVID - BI LOGIC","isPartOf":{"@id":"https:\/\/bilogic.hu\/#website"},"datePublished":"2022-02-04T14:11:42+00:00","dateModified":"2023-01-18T14:27:29+00:00","description":"Fedezze fel a Powered BI \u00e1ltal ny\u00fajtott \u00fczleti intelligencia szolg\u00e1ltat\u00e1sokat \u00e9s tapasztalja meg, hogyan felfedheti \u00fczlet\u00e9nek val\u00f3di \u00e9rt\u00e9keit. Az adatok elemz\u00e9s\u00e9t\u0151l az \u00fczleti d\u00f6nt\u00e9sekig, a Bilogic az \u00d6n partnere a digit\u00e1lis \u00e1talakul\u00e1sban.","breadcrumb":{"@id":"https:\/\/bilogic.hu\/de\/covid-2\/#breadcrumb"},"inLanguage":"de","potentialAction":[{"@type":"ReadAction","target":["https:\/\/bilogic.hu\/de\/covid-2\/"]}]},{"@type":"BreadcrumbList","@id":"https:\/\/bilogic.hu\/de\/covid-2\/#breadcrumb","itemListElement":[{"@type":"ListItem","position":1,"name":"Kezd\u0151lap","item":"https:\/\/bilogic.hu\/de\/"},{"@type":"ListItem","position":2,"name":"COVID"}]},{"@type":"WebSite","@id":"https:\/\/bilogic.hu\/#website","url":"https:\/\/bilogic.hu\/","name":"BiLogic","description":"Felfedj\u00fck \u00fczlete \u00e9rt\u00e9keit a Powered BI seg\u00edts\u00e9g\u00e9vel","publisher":{"@id":"https:\/\/bilogic.hu\/#organization"},"alternateName":"BiLogic","potentialAction":[{"@type":"SearchAction","target":{"@type":"EntryPoint","urlTemplate":"https:\/\/bilogic.hu\/?s={search_term_string}"},"query-input":{"@type":"PropertyValueSpecification","valueRequired":true,"valueName":"search_term_string"}}],"inLanguage":"de"},{"@type":"Organization","@id":"https:\/\/bilogic.hu\/#organization","name":"BiLogic","alternateName":"BiLogic","url":"https:\/\/bilogic.hu\/","logo":{"@type":"ImageObject","inLanguage":"de","@id":"https:\/\/bilogic.hu\/#\/schema\/logo\/image\/","url":"https:\/\/bilogic.hu\/wp-content\/uploads\/2021\/10\/logo_big-1.jpg","contentUrl":"https:\/\/bilogic.hu\/wp-content\/uploads\/2021\/10\/logo_big-1.jpg","width":501,"height":127,"caption":"BiLogic"},"image":{"@id":"https:\/\/bilogic.hu\/#\/schema\/logo\/image\/"},"sameAs":["https:\/\/www.facebook.com\/bilogickft","https:\/\/www.linkedin.com\/company\/bi-logic-kft"]}]}},"_links":{"self":[{"href":"https:\/\/bilogic.hu\/de\/wp-json\/wp\/v2\/pages\/1125","targetHints":{"allow":["GET"]}}],"collection":[{"href":"https:\/\/bilogic.hu\/de\/wp-json\/wp\/v2\/pages"}],"about":[{"href":"https:\/\/bilogic.hu\/de\/wp-json\/wp\/v2\/types\/page"}],"author":[{"embeddable":true,"href":"https:\/\/bilogic.hu\/de\/wp-json\/wp\/v2\/users\/1"}],"replies":[{"embeddable":true,"href":"https:\/\/bilogic.hu\/de\/wp-json\/wp\/v2\/comments?post=1125"}],"version-history":[{"count":2,"href":"https:\/\/bilogic.hu\/de\/wp-json\/wp\/v2\/pages\/1125\/revisions"}],"predecessor-version":[{"id":1131,"href":"https:\/\/bilogic.hu\/de\/wp-json\/wp\/v2\/pages\/1125\/revisions\/1131"}],"wp:attachment":[{"href":"https:\/\/bilogic.hu\/de\/wp-json\/wp\/v2\/media?parent=1125"}],"curies":[{"name":"wp","href":"https:\/\/api.w.org\/{rel}","templated":true}]}}