{"id":1128,"date":"2021-12-08T10:38:52","date_gmt":"2021-12-08T09:38:52","guid":{"rendered":"https:\/\/bilogic.hu\/michelin\/"},"modified":"2023-01-18T15:36:22","modified_gmt":"2023-01-18T14:36:22","slug":"michelin","status":"publish","type":"page","link":"https:\/\/bilogic.hu\/de\/michelin\/","title":{"rendered":"4S-2000 GmbH &#8211; Management-Informationssystem (MIS)"},"content":{"rendered":"\n<div class=\"wp-block-columns is-layout-flex wp-container-core-columns-is-layout-9d6595d7 wp-block-columns-is-layout-flex\">\n<div class=\"wp-block-column is-layout-flow wp-block-column-is-layout-flow\">\n<iframe loading=\"lazy\" width=\"600\" height=\"373.5\" src=\"https:\/\/app.powerbi.com\/view?r=eyJrIjoiZGU2ZWY4YTctOGY2Ni00ODNhLThhZTMtNjdiMWE3YWQ4YzcxIiwidCI6IjI2M2UwNWFjLTdmMmQtNGFiOS04ZDgwLWY1Y2QwMzBjNDM2NSIsImMiOjl9\" frameborder=\"0\" allowfullscreen=\"true\"><\/iframe>\n<\/div>\n\n\n\n<div class=\"wp-block-column is-layout-flow wp-block-column-is-layout-flow\">\n<p><strong>4S-2000 GmbH ist ein zu 100 % in ungarischem Besitz befindliches Unternehmen in Ny\u00edregyh\u00e1za, das 105 Mitarbeiter besch\u00e4ftigt. F\u00fcr das 1996 gegr\u00fcndete mittelst\u00e4ndische Unternehmen war es von gr\u00f6\u00dfter Wichtigkeit, dass die Gesch\u00e4ftsleitung neben den innovativen Fertigungsm\u00f6glichkeiten auch \u00fcber aktuelle Informationen \u00fcber den aktuellen Stand des Unternehmens und der Gesch\u00e4ftst\u00e4tigkeit verf\u00fcgt.<\/strong><\/p>\n\n\n\n<p><strong>Unser Unternehmen hat ein Management-Berichts- und Informationssystem entwickelt, das auf Daten aus internen IT-gest\u00fctzten Produktions- und ERP-Systemen basiert. Die an 4S-2000 GmbH gelieferten L\u00f6sungen bieten einen durchg\u00e4ngigen Einblick in einen wesentlichen Teil der internen Prozesse.<\/strong><\/p>\n\n\n\n<p>4S-2000 GmbH steuert und \u00fcberwacht die gesamte Gesch\u00e4ftst\u00e4tigkeit des Unternehmens mit dem bereits vorgestellten Clip-ERP. In diesem System werden Gesch\u00e4ftsprozesse verwaltet, von der Angebotserstellung \u00fcber die Bestellung bis hin zum Eingang. Auch die Lagerhaltung und der Bestand an Produktionsmitteln werden in diesem System erfasst. Dar\u00fcber hinaus ist das ERP-System mit dem Kundenverwaltungssystem, dem Workflow- und dem Dokumentenverwaltungssystem integriert, und alle Finanzfunktionen, mit Ausnahme der Buchhaltung, sind ebenfalls in diesem System implementiert.<\/p>\n\n\n\n<p>Auf dieses komplexe System &#8211; integriert &#8211; hat BI-Logic GmbH die Business-Intelligence-Anwendung aufgebaut, die die Gesch\u00e4ftsprozesse des gesamten Unternehmens in Echtzeit \u00fcberwacht und berichtet. Das System hat eine direkte Datenbankanbindung an das Clip-ERP-System, so dass die Entscheidungstr\u00e4ger des Unternehmens immer \u00fcber aktuelle Informationen verf\u00fcgen.<\/p>\n\n\n\n<p>Implementierung von Berichtsmodulen:<\/p>\n\n\n\n<ul class=\"wp-block-list\">\n<li>\u00dcberwachung von Angeboten, Bestellungen, Lieferungen<\/li>\n\n\n\n<li>Kundenmanagement, Analyse der Kundenfluktuation, Lieferantenanalyse<\/li>\n\n\n\n<li>\u00dcberwachung der Produktion, Produktionslinien<\/li>\n\n\n\n<li>\u00dcberwachung der Finanzprozesse (Umsatz, Auftragsbestand, Preisgestaltung usw.)<\/li>\n<\/ul>\n\n\n\n<p>Die hier vorgestellte Demo demonstriert funktionell die Elemente, aus denen das MIR-System besteht, basiert jedoch auf den vom Unternehmen bereitgestellten Demodaten.<\/p>\n\n\n\n<p><\/p>\n\n\n\n<div class=\"wp-block-buttons is-layout-flex wp-block-buttons-is-layout-flex\">\n<div class=\"wp-block-button is-style-primary\"><a class=\"wp-block-button__link wp-element-button\" href=\"https:\/\/app.powerbi.com\/view?r=eyJrIjoiZGU2ZWY4YTctOGY2Ni00ODNhLThhZTMtNjdiMWE3YWQ4YzcxIiwidCI6IjI2M2UwNWFjLTdmMmQtNGFiOS04ZDgwLWY1Y2QwMzBjNDM2NSIsImMiOjl9\">Gr\u00f6\u00dfere Ansicht<\/a><\/div>\n<\/div>\n<\/div>\n<\/div>\n\n\n\n<p><\/p>\n","protected":false},"excerpt":{"rendered":"<p>4S-2000 GmbH ist ein zu 100 % in ungarischem Besitz befindliches Unternehmen in Ny\u00edregyh\u00e1za, das 105 Mitarbeiter besch\u00e4ftigt. F\u00fcr das 1996 gegr\u00fcndete mittelst\u00e4ndische Unternehmen war es von gr\u00f6\u00dfter Wichtigkeit, dass die Gesch\u00e4ftsleitung neben den innovativen Fertigungsm\u00f6glichkeiten auch \u00fcber aktuelle Informationen \u00fcber den aktuellen Stand des Unternehmens und der Gesch\u00e4ftst\u00e4tigkeit verf\u00fcgt. Unser Unternehmen hat ein Management-Berichts-&hellip;&nbsp;<a href=\"https:\/\/bilogic.hu\/de\/michelin\/\" class=\"\" rel=\"bookmark\">Weiterlesen &raquo;<span class=\"screen-reader-text\">4S-2000 GmbH &#8211; Management-Informationssystem (MIS)<\/span><\/a><\/p>\n","protected":false},"author":1,"featured_media":0,"parent":0,"menu_order":0,"comment_status":"closed","ping_status":"closed","template":"","meta":{"neve_meta_sidebar":"","neve_meta_container":"","neve_meta_enable_content_width":"","neve_meta_content_width":0,"neve_meta_title_alignment":"","neve_meta_author_avatar":"","neve_post_elements_order":"","neve_meta_disable_header":"","neve_meta_disable_footer":"","neve_meta_disable_title":"","footnotes":""},"class_list":["post-1128","page","type-page","status-publish","hentry"],"yoast_head":"<!-- This site is optimized with the Yoast SEO plugin v27.2 - https:\/\/yoast.com\/product\/yoast-seo-wordpress\/ -->\n<title>4S-2000 GmbH - Management-Informationssystem (MIS) - BI LOGIC<\/title>\n<meta name=\"description\" content=\"Fedezze fel a Powered BI \u00e1ltal ny\u00fajtott \u00fczleti intelligencia szolg\u00e1ltat\u00e1sokat \u00e9s tapasztalja meg, hogyan felfedheti \u00fczlet\u00e9nek val\u00f3di \u00e9rt\u00e9keit. Az adatok elemz\u00e9s\u00e9t\u0151l az \u00fczleti d\u00f6nt\u00e9sekig, a Bilogic az \u00d6n partnere a digit\u00e1lis \u00e1talakul\u00e1sban.\" \/>\n<meta name=\"robots\" content=\"index, follow, max-snippet:-1, max-image-preview:large, max-video-preview:-1\" \/>\n<link rel=\"canonical\" href=\"https:\/\/bilogic.hu\/de\/michelin\/\" \/>\n<meta property=\"og:locale\" content=\"de_DE\" \/>\n<meta property=\"og:type\" content=\"article\" \/>\n<meta property=\"og:title\" content=\"4S-2000 GmbH - Management-Informationssystem (MIS) - BI LOGIC\" \/>\n<meta property=\"og:description\" content=\"Fedezze fel a Powered BI \u00e1ltal ny\u00fajtott \u00fczleti intelligencia szolg\u00e1ltat\u00e1sokat \u00e9s tapasztalja meg, hogyan felfedheti \u00fczlet\u00e9nek val\u00f3di \u00e9rt\u00e9keit. Az adatok elemz\u00e9s\u00e9t\u0151l az \u00fczleti d\u00f6nt\u00e9sekig, a Bilogic az \u00d6n partnere a digit\u00e1lis \u00e1talakul\u00e1sban.\" \/>\n<meta property=\"og:url\" content=\"https:\/\/bilogic.hu\/de\/michelin\/\" \/>\n<meta property=\"og:site_name\" content=\"BI LOGIC\" \/>\n<meta property=\"article:publisher\" content=\"https:\/\/www.facebook.com\/bilogickft\" \/>\n<meta property=\"article:modified_time\" content=\"2023-01-18T14:36:22+00:00\" \/>\n<meta property=\"og:image\" content=\"https:\/\/bilogic.hu\/wp-content\/uploads\/2021\/10\/logo.png\" \/>\n\t<meta property=\"og:image:width\" content=\"127\" \/>\n\t<meta property=\"og:image:height\" content=\"127\" \/>\n\t<meta property=\"og:image:type\" content=\"image\/png\" \/>\n<meta name=\"twitter:card\" content=\"summary_large_image\" \/>\n<meta name=\"twitter:label1\" content=\"Gesch\u00e4tzte Lesezeit\" \/>\n\t<meta name=\"twitter:data1\" content=\"1\u00a0Minute\" \/>\n<script type=\"application\/ld+json\" class=\"yoast-schema-graph\">{\"@context\":\"https:\/\/schema.org\",\"@graph\":[{\"@type\":\"WebPage\",\"@id\":\"https:\/\/bilogic.hu\/de\/michelin\/\",\"url\":\"https:\/\/bilogic.hu\/de\/michelin\/\",\"name\":\"4S-2000 GmbH - Management-Informationssystem (MIS) - BI LOGIC\",\"isPartOf\":{\"@id\":\"https:\/\/bilogic.hu\/#website\"},\"datePublished\":\"2021-12-08T09:38:52+00:00\",\"dateModified\":\"2023-01-18T14:36:22+00:00\",\"description\":\"Fedezze fel a Powered BI \u00e1ltal ny\u00fajtott \u00fczleti intelligencia szolg\u00e1ltat\u00e1sokat \u00e9s tapasztalja meg, hogyan felfedheti \u00fczlet\u00e9nek val\u00f3di \u00e9rt\u00e9keit. Az adatok elemz\u00e9s\u00e9t\u0151l az \u00fczleti d\u00f6nt\u00e9sekig, a Bilogic az \u00d6n partnere a digit\u00e1lis \u00e1talakul\u00e1sban.\",\"breadcrumb\":{\"@id\":\"https:\/\/bilogic.hu\/de\/michelin\/#breadcrumb\"},\"inLanguage\":\"de\",\"potentialAction\":[{\"@type\":\"ReadAction\",\"target\":[\"https:\/\/bilogic.hu\/de\/michelin\/\"]}]},{\"@type\":\"BreadcrumbList\",\"@id\":\"https:\/\/bilogic.hu\/de\/michelin\/#breadcrumb\",\"itemListElement\":[{\"@type\":\"ListItem\",\"position\":1,\"name\":\"Kezd\u0151lap\",\"item\":\"https:\/\/bilogic.hu\/de\/\"},{\"@type\":\"ListItem\",\"position\":2,\"name\":\"4S-2000 GmbH &#8211; Management-Informationssystem (MIS)\"}]},{\"@type\":\"WebSite\",\"@id\":\"https:\/\/bilogic.hu\/#website\",\"url\":\"https:\/\/bilogic.hu\/\",\"name\":\"BiLogic\",\"description\":\"Felfedj\u00fck \u00fczlete \u00e9rt\u00e9keit a Powered BI seg\u00edts\u00e9g\u00e9vel\",\"publisher\":{\"@id\":\"https:\/\/bilogic.hu\/#organization\"},\"alternateName\":\"BiLogic\",\"potentialAction\":[{\"@type\":\"SearchAction\",\"target\":{\"@type\":\"EntryPoint\",\"urlTemplate\":\"https:\/\/bilogic.hu\/?s={search_term_string}\"},\"query-input\":{\"@type\":\"PropertyValueSpecification\",\"valueRequired\":true,\"valueName\":\"search_term_string\"}}],\"inLanguage\":\"de\"},{\"@type\":\"Organization\",\"@id\":\"https:\/\/bilogic.hu\/#organization\",\"name\":\"BiLogic\",\"alternateName\":\"BiLogic\",\"url\":\"https:\/\/bilogic.hu\/\",\"logo\":{\"@type\":\"ImageObject\",\"inLanguage\":\"de\",\"@id\":\"https:\/\/bilogic.hu\/#\/schema\/logo\/image\/\",\"url\":\"https:\/\/bilogic.hu\/wp-content\/uploads\/2021\/10\/logo_big-1.jpg\",\"contentUrl\":\"https:\/\/bilogic.hu\/wp-content\/uploads\/2021\/10\/logo_big-1.jpg\",\"width\":501,\"height\":127,\"caption\":\"BiLogic\"},\"image\":{\"@id\":\"https:\/\/bilogic.hu\/#\/schema\/logo\/image\/\"},\"sameAs\":[\"https:\/\/www.facebook.com\/bilogickft\",\"https:\/\/www.linkedin.com\/company\/bi-logic-kft\"]}]}<\/script>\n<!-- \/ Yoast SEO plugin. -->","yoast_head_json":{"title":"4S-2000 GmbH - Management-Informationssystem (MIS) - BI LOGIC","description":"Fedezze fel a Powered BI \u00e1ltal ny\u00fajtott \u00fczleti intelligencia szolg\u00e1ltat\u00e1sokat \u00e9s tapasztalja meg, hogyan felfedheti \u00fczlet\u00e9nek val\u00f3di \u00e9rt\u00e9keit. Az adatok elemz\u00e9s\u00e9t\u0151l az \u00fczleti d\u00f6nt\u00e9sekig, a Bilogic az \u00d6n partnere a digit\u00e1lis \u00e1talakul\u00e1sban.","robots":{"index":"index","follow":"follow","max-snippet":"max-snippet:-1","max-image-preview":"max-image-preview:large","max-video-preview":"max-video-preview:-1"},"canonical":"https:\/\/bilogic.hu\/de\/michelin\/","og_locale":"de_DE","og_type":"article","og_title":"4S-2000 GmbH - Management-Informationssystem (MIS) - BI LOGIC","og_description":"Fedezze fel a Powered BI \u00e1ltal ny\u00fajtott \u00fczleti intelligencia szolg\u00e1ltat\u00e1sokat \u00e9s tapasztalja meg, hogyan felfedheti \u00fczlet\u00e9nek val\u00f3di \u00e9rt\u00e9keit. Az adatok elemz\u00e9s\u00e9t\u0151l az \u00fczleti d\u00f6nt\u00e9sekig, a Bilogic az \u00d6n partnere a digit\u00e1lis \u00e1talakul\u00e1sban.","og_url":"https:\/\/bilogic.hu\/de\/michelin\/","og_site_name":"BI LOGIC","article_publisher":"https:\/\/www.facebook.com\/bilogickft","article_modified_time":"2023-01-18T14:36:22+00:00","og_image":[{"width":127,"height":127,"url":"https:\/\/bilogic.hu\/wp-content\/uploads\/2021\/10\/logo.png","type":"image\/png"}],"twitter_card":"summary_large_image","twitter_misc":{"Gesch\u00e4tzte Lesezeit":"1\u00a0Minute"},"schema":{"@context":"https:\/\/schema.org","@graph":[{"@type":"WebPage","@id":"https:\/\/bilogic.hu\/de\/michelin\/","url":"https:\/\/bilogic.hu\/de\/michelin\/","name":"4S-2000 GmbH - Management-Informationssystem (MIS) - BI LOGIC","isPartOf":{"@id":"https:\/\/bilogic.hu\/#website"},"datePublished":"2021-12-08T09:38:52+00:00","dateModified":"2023-01-18T14:36:22+00:00","description":"Fedezze fel a Powered BI \u00e1ltal ny\u00fajtott \u00fczleti intelligencia szolg\u00e1ltat\u00e1sokat \u00e9s tapasztalja meg, hogyan felfedheti \u00fczlet\u00e9nek val\u00f3di \u00e9rt\u00e9keit. Az adatok elemz\u00e9s\u00e9t\u0151l az \u00fczleti d\u00f6nt\u00e9sekig, a Bilogic az \u00d6n partnere a digit\u00e1lis \u00e1talakul\u00e1sban.","breadcrumb":{"@id":"https:\/\/bilogic.hu\/de\/michelin\/#breadcrumb"},"inLanguage":"de","potentialAction":[{"@type":"ReadAction","target":["https:\/\/bilogic.hu\/de\/michelin\/"]}]},{"@type":"BreadcrumbList","@id":"https:\/\/bilogic.hu\/de\/michelin\/#breadcrumb","itemListElement":[{"@type":"ListItem","position":1,"name":"Kezd\u0151lap","item":"https:\/\/bilogic.hu\/de\/"},{"@type":"ListItem","position":2,"name":"4S-2000 GmbH &#8211; Management-Informationssystem (MIS)"}]},{"@type":"WebSite","@id":"https:\/\/bilogic.hu\/#website","url":"https:\/\/bilogic.hu\/","name":"BiLogic","description":"Felfedj\u00fck \u00fczlete \u00e9rt\u00e9keit a Powered BI seg\u00edts\u00e9g\u00e9vel","publisher":{"@id":"https:\/\/bilogic.hu\/#organization"},"alternateName":"BiLogic","potentialAction":[{"@type":"SearchAction","target":{"@type":"EntryPoint","urlTemplate":"https:\/\/bilogic.hu\/?s={search_term_string}"},"query-input":{"@type":"PropertyValueSpecification","valueRequired":true,"valueName":"search_term_string"}}],"inLanguage":"de"},{"@type":"Organization","@id":"https:\/\/bilogic.hu\/#organization","name":"BiLogic","alternateName":"BiLogic","url":"https:\/\/bilogic.hu\/","logo":{"@type":"ImageObject","inLanguage":"de","@id":"https:\/\/bilogic.hu\/#\/schema\/logo\/image\/","url":"https:\/\/bilogic.hu\/wp-content\/uploads\/2021\/10\/logo_big-1.jpg","contentUrl":"https:\/\/bilogic.hu\/wp-content\/uploads\/2021\/10\/logo_big-1.jpg","width":501,"height":127,"caption":"BiLogic"},"image":{"@id":"https:\/\/bilogic.hu\/#\/schema\/logo\/image\/"},"sameAs":["https:\/\/www.facebook.com\/bilogickft","https:\/\/www.linkedin.com\/company\/bi-logic-kft"]}]}},"_links":{"self":[{"href":"https:\/\/bilogic.hu\/de\/wp-json\/wp\/v2\/pages\/1128","targetHints":{"allow":["GET"]}}],"collection":[{"href":"https:\/\/bilogic.hu\/de\/wp-json\/wp\/v2\/pages"}],"about":[{"href":"https:\/\/bilogic.hu\/de\/wp-json\/wp\/v2\/types\/page"}],"author":[{"embeddable":true,"href":"https:\/\/bilogic.hu\/de\/wp-json\/wp\/v2\/users\/1"}],"replies":[{"embeddable":true,"href":"https:\/\/bilogic.hu\/de\/wp-json\/wp\/v2\/comments?post=1128"}],"version-history":[{"count":3,"href":"https:\/\/bilogic.hu\/de\/wp-json\/wp\/v2\/pages\/1128\/revisions"}],"predecessor-version":[{"id":1141,"href":"https:\/\/bilogic.hu\/de\/wp-json\/wp\/v2\/pages\/1128\/revisions\/1141"}],"wp:attachment":[{"href":"https:\/\/bilogic.hu\/de\/wp-json\/wp\/v2\/media?parent=1128"}],"curies":[{"name":"wp","href":"https:\/\/api.w.org\/{rel}","templated":true}]}}