{"id":1133,"date":"2021-12-08T11:01:07","date_gmt":"2021-12-08T10:01:07","guid":{"rendered":"https:\/\/bilogic.hu\/navision-bc\/"},"modified":"2023-01-18T15:31:27","modified_gmt":"2023-01-18T14:31:27","slug":"navision-bc","status":"publish","type":"page","link":"https:\/\/bilogic.hu\/de\/navision-bc\/","title":{"rendered":"Tracon Budapest GmbH. Management-Informationssystem (MIS) &#8211; Phase I"},"content":{"rendered":"\n<div class=\"wp-block-columns is-layout-flex wp-container-core-columns-is-layout-9d6595d7 wp-block-columns-is-layout-flex\">\n<div class=\"wp-block-column is-layout-flow wp-block-column-is-layout-flow\">\n<iframe loading=\"lazy\" width=\"600\" height=\"373.5\" src=\"https:\/\/app.powerbi.com\/view?r=eyJrIjoiMmE1NGJhNzktMzQ3Yy00ZDE2LWIxMjEtNmEwZGEyY2M4YTdmIiwidCI6IjI2M2UwNWFjLTdmMmQtNGFiOS04ZDgwLWY1Y2QwMzBjNDM2NSIsImMiOjl9\" frameborder=\"0\" allowfullscreen=\"true\"><\/iframe>\n\n\n\n<p><\/p>\n\n\n<div class=\"wp-block-image\">\n<figure class=\"aligncenter size-full\"><img loading=\"lazy\" decoding=\"async\" width=\"300\" height=\"300\" src=\"https:\/\/bilogic.hu\/wp-content\/uploads\/2021\/12\/tracon1.png\" alt=\"\" class=\"wp-image-370\" srcset=\"https:\/\/bilogic.hu\/wp-content\/uploads\/2021\/12\/tracon1.png 300w, https:\/\/bilogic.hu\/wp-content\/uploads\/2021\/12\/tracon1-150x150.png 150w\" sizes=\"auto, (max-width: 300px) 100vw, 300px\" \/><\/figure>\n<\/div>\n\n\n<p><\/p>\n\n\n\n<iframe loading=\"lazy\" width=\"600\" height=\"373.5\" src=\"https:\/\/app.powerbi.com\/view?r=eyJrIjoiZjZhZDRhMzMtMmRiMS00Mzk5LWFkYzEtMmMyODBmMzBkY2FhIiwidCI6IjI2M2UwNWFjLTdmMmQtNGFiOS04ZDgwLWY1Y2QwMzBjNDM2NSIsImMiOjl9\" frameborder=\"0\" allowfullscreen=\"true\"><\/iframe>\n<\/div>\n\n\n\n<div class=\"wp-block-column is-layout-flow wp-block-column-is-layout-flow\">\n<p><strong>Tracon Budapest GmbH. ist eine seit 1990 t\u00e4tige Unternehmensgruppe mit Niederlassungen in mehr als 10 europ\u00e4ischen L\u00e4ndern. Die Gruppe arbeitet t\u00e4glich mit mehr als 5.000 Wiederverk\u00e4ufern und fast 7.500 Produkten zusammen, die im firmeneigenen robotergest\u00fctzten Lager (smart warehouse) gelagert werden. Sie verf\u00fcgen auch \u00fcber ein eigenes Labor f\u00fcr Beleuchtungstechnik.<\/strong><\/p>\n\n\n\n<p><strong>Unser Unternehmen hat f\u00fcr Tracon GmbH. in mehreren Phasen ein integriertes Management-Informationssystem entwickelt, in dem die Daten aller Muttergesellschaften in einer Oberfl\u00e4che f\u00fcr die Unternehmensleitung dargestellt werden. Der daraus resultierende Bericht ist immer aktuell und hilft bei der Entscheidungsfindung.<\/strong><\/p>\n\n\n\n<p>Jede Tochtergesellschaft der Gruppe verf\u00fcgt \u00fcber ihr eigenes internes ERP-System Microsoft Dynamics NAV. Die hier gesammelten Daten werden jedoch nicht in einem integrierten System dargestellt und k\u00f6nnen daher nicht zusammen, sondern nur getrennt analysiert werden. BI-Logic Ltd. lieferte eine L\u00f6sung f\u00fcr diese Aufgabe, deren Ergebnis ein Management-Informationssystem ist, das das Leben der gesamten Gruppe radikal ver\u00e4ndert hat.<br><\/p>\n\n\n\n<p>Durch die Verfolgung der Finanzen in Echtzeit haben nicht nur die F\u00fchrungskr\u00e4fte des Unternehmens Zugang zu aktuellen Informationen, sondern beispielsweise auch die Controlling-Abteilung. Weitere Einsatzgebiete von Remdser sind der Verkauf, wo vordefinierte Pl\u00e4ne und KPIs auch auf Filialebene verfolgt werden k\u00f6nnen. Dar\u00fcber hinaus wurde eine Handy-L\u00f6sung mit entsprechenden Berechtigungsstufen (Au\u00dfendienstmitarbeiter k\u00f6nnen nur ihre eigenen Daten sehen, Tochtergesellschaften nur die Daten ihrer eigenen Tochtergesellschaft, das Management kann das gesamte Portfolio sehen) entwickelt, um eine umfassende Nutzung des VIR-Systems zu erm\u00f6glichen.<\/p>\n\n\n\n<p>Die hier vorgestellte Demo demonstriert funktionell die Elemente, aus denen das MIR-System besteht, basiert jedoch auf den vom Unternehmen bereitgestellten Demodaten.<\/p>\n\n\n\n<div class=\"wp-block-buttons is-layout-flex wp-block-buttons-is-layout-flex\">\n<div class=\"wp-block-button is-style-primary\"><a class=\"wp-block-button__link wp-element-button\" href=\"https:\/\/app.powerbi.com\/view?r=eyJrIjoiMmE1NGJhNzktMzQ3Yy00ZDE2LWIxMjEtNmEwZGEyY2M4YTdmIiwidCI6IjI2M2UwNWFjLTdmMmQtNGFiOS04ZDgwLWY1Y2QwMzBjNDM2NSIsImMiOjl9\">Gr\u00f6\u00dfere Ansicht<\/a><\/div>\n<\/div>\n<\/div>\n<\/div>\n","protected":false},"excerpt":{"rendered":"<p>Tracon Budapest GmbH. ist eine seit 1990 t\u00e4tige Unternehmensgruppe mit Niederlassungen in mehr als 10 europ\u00e4ischen L\u00e4ndern. Die Gruppe arbeitet t\u00e4glich mit mehr als 5.000 Wiederverk\u00e4ufern und fast 7.500 Produkten zusammen, die im firmeneigenen robotergest\u00fctzten Lager (smart warehouse) gelagert werden. Sie verf\u00fcgen auch \u00fcber ein eigenes Labor f\u00fcr Beleuchtungstechnik. Unser Unternehmen hat f\u00fcr Tracon GmbH.&hellip;&nbsp;<a href=\"https:\/\/bilogic.hu\/de\/navision-bc\/\" class=\"\" rel=\"bookmark\">Weiterlesen &raquo;<span class=\"screen-reader-text\">Tracon Budapest GmbH. Management-Informationssystem (MIS) &#8211; Phase I<\/span><\/a><\/p>\n","protected":false},"author":1,"featured_media":0,"parent":0,"menu_order":0,"comment_status":"closed","ping_status":"closed","template":"","meta":{"neve_meta_sidebar":"","neve_meta_container":"","neve_meta_enable_content_width":"","neve_meta_content_width":0,"neve_meta_title_alignment":"","neve_meta_author_avatar":"","neve_post_elements_order":"","neve_meta_disable_header":"","neve_meta_disable_footer":"","neve_meta_disable_title":"","footnotes":""},"class_list":["post-1133","page","type-page","status-publish","hentry"],"yoast_head":"<!-- This site is optimized with the Yoast SEO plugin v27.2 - https:\/\/yoast.com\/product\/yoast-seo-wordpress\/ -->\n<title>Tracon Budapest GmbH. Management-Informationssystem (MIS) - Phase I - BI LOGIC<\/title>\n<meta name=\"description\" content=\"Fedezze fel a Powered BI \u00e1ltal ny\u00fajtott \u00fczleti intelligencia szolg\u00e1ltat\u00e1sokat \u00e9s tapasztalja meg, hogyan felfedheti \u00fczlet\u00e9nek val\u00f3di \u00e9rt\u00e9keit. Az adatok elemz\u00e9s\u00e9t\u0151l az \u00fczleti d\u00f6nt\u00e9sekig, a Bilogic az \u00d6n partnere a digit\u00e1lis \u00e1talakul\u00e1sban.\" \/>\n<meta name=\"robots\" content=\"index, follow, max-snippet:-1, max-image-preview:large, max-video-preview:-1\" \/>\n<link rel=\"canonical\" href=\"https:\/\/bilogic.hu\/de\/navision-bc\/\" \/>\n<meta property=\"og:locale\" content=\"de_DE\" \/>\n<meta property=\"og:type\" content=\"article\" \/>\n<meta property=\"og:title\" content=\"Tracon Budapest GmbH. Management-Informationssystem (MIS) - Phase I - BI LOGIC\" \/>\n<meta property=\"og:description\" content=\"Fedezze fel a Powered BI \u00e1ltal ny\u00fajtott \u00fczleti intelligencia szolg\u00e1ltat\u00e1sokat \u00e9s tapasztalja meg, hogyan felfedheti \u00fczlet\u00e9nek val\u00f3di \u00e9rt\u00e9keit. Az adatok elemz\u00e9s\u00e9t\u0151l az \u00fczleti d\u00f6nt\u00e9sekig, a Bilogic az \u00d6n partnere a digit\u00e1lis \u00e1talakul\u00e1sban.\" \/>\n<meta property=\"og:url\" content=\"https:\/\/bilogic.hu\/de\/navision-bc\/\" \/>\n<meta property=\"og:site_name\" content=\"BI LOGIC\" \/>\n<meta property=\"article:publisher\" content=\"https:\/\/www.facebook.com\/bilogickft\" \/>\n<meta property=\"article:modified_time\" content=\"2023-01-18T14:31:27+00:00\" \/>\n<meta property=\"og:image\" content=\"https:\/\/bilogic.hu\/wp-content\/uploads\/2021\/12\/tracon1.png\" \/>\n<meta name=\"twitter:card\" content=\"summary_large_image\" \/>\n<meta name=\"twitter:label1\" content=\"Gesch\u00e4tzte Lesezeit\" \/>\n\t<meta name=\"twitter:data1\" content=\"1\u00a0Minute\" \/>\n<script type=\"application\/ld+json\" class=\"yoast-schema-graph\">{\"@context\":\"https:\/\/schema.org\",\"@graph\":[{\"@type\":\"WebPage\",\"@id\":\"https:\/\/bilogic.hu\/de\/navision-bc\/\",\"url\":\"https:\/\/bilogic.hu\/de\/navision-bc\/\",\"name\":\"Tracon Budapest GmbH. Management-Informationssystem (MIS) - Phase I - BI LOGIC\",\"isPartOf\":{\"@id\":\"https:\/\/bilogic.hu\/#website\"},\"primaryImageOfPage\":{\"@id\":\"https:\/\/bilogic.hu\/de\/navision-bc\/#primaryimage\"},\"image\":{\"@id\":\"https:\/\/bilogic.hu\/de\/navision-bc\/#primaryimage\"},\"thumbnailUrl\":\"https:\/\/bilogic.hu\/wp-content\/uploads\/2021\/12\/tracon1.png\",\"datePublished\":\"2021-12-08T10:01:07+00:00\",\"dateModified\":\"2023-01-18T14:31:27+00:00\",\"description\":\"Fedezze fel a Powered BI \u00e1ltal ny\u00fajtott \u00fczleti intelligencia szolg\u00e1ltat\u00e1sokat \u00e9s tapasztalja meg, hogyan felfedheti \u00fczlet\u00e9nek val\u00f3di \u00e9rt\u00e9keit. Az adatok elemz\u00e9s\u00e9t\u0151l az \u00fczleti d\u00f6nt\u00e9sekig, a Bilogic az \u00d6n partnere a digit\u00e1lis \u00e1talakul\u00e1sban.\",\"breadcrumb\":{\"@id\":\"https:\/\/bilogic.hu\/de\/navision-bc\/#breadcrumb\"},\"inLanguage\":\"de\",\"potentialAction\":[{\"@type\":\"ReadAction\",\"target\":[\"https:\/\/bilogic.hu\/de\/navision-bc\/\"]}]},{\"@type\":\"ImageObject\",\"inLanguage\":\"de\",\"@id\":\"https:\/\/bilogic.hu\/de\/navision-bc\/#primaryimage\",\"url\":\"https:\/\/bilogic.hu\/wp-content\/uploads\/2021\/12\/tracon1.png\",\"contentUrl\":\"https:\/\/bilogic.hu\/wp-content\/uploads\/2021\/12\/tracon1.png\"},{\"@type\":\"BreadcrumbList\",\"@id\":\"https:\/\/bilogic.hu\/de\/navision-bc\/#breadcrumb\",\"itemListElement\":[{\"@type\":\"ListItem\",\"position\":1,\"name\":\"Kezd\u0151lap\",\"item\":\"https:\/\/bilogic.hu\/de\/\"},{\"@type\":\"ListItem\",\"position\":2,\"name\":\"Tracon Budapest GmbH. Management-Informationssystem (MIS) &#8211; Phase I\"}]},{\"@type\":\"WebSite\",\"@id\":\"https:\/\/bilogic.hu\/#website\",\"url\":\"https:\/\/bilogic.hu\/\",\"name\":\"BiLogic\",\"description\":\"Felfedj\u00fck \u00fczlete \u00e9rt\u00e9keit a Powered BI seg\u00edts\u00e9g\u00e9vel\",\"publisher\":{\"@id\":\"https:\/\/bilogic.hu\/#organization\"},\"alternateName\":\"BiLogic\",\"potentialAction\":[{\"@type\":\"SearchAction\",\"target\":{\"@type\":\"EntryPoint\",\"urlTemplate\":\"https:\/\/bilogic.hu\/?s={search_term_string}\"},\"query-input\":{\"@type\":\"PropertyValueSpecification\",\"valueRequired\":true,\"valueName\":\"search_term_string\"}}],\"inLanguage\":\"de\"},{\"@type\":\"Organization\",\"@id\":\"https:\/\/bilogic.hu\/#organization\",\"name\":\"BiLogic\",\"alternateName\":\"BiLogic\",\"url\":\"https:\/\/bilogic.hu\/\",\"logo\":{\"@type\":\"ImageObject\",\"inLanguage\":\"de\",\"@id\":\"https:\/\/bilogic.hu\/#\/schema\/logo\/image\/\",\"url\":\"https:\/\/bilogic.hu\/wp-content\/uploads\/2021\/10\/logo_big-1.jpg\",\"contentUrl\":\"https:\/\/bilogic.hu\/wp-content\/uploads\/2021\/10\/logo_big-1.jpg\",\"width\":501,\"height\":127,\"caption\":\"BiLogic\"},\"image\":{\"@id\":\"https:\/\/bilogic.hu\/#\/schema\/logo\/image\/\"},\"sameAs\":[\"https:\/\/www.facebook.com\/bilogickft\",\"https:\/\/www.linkedin.com\/company\/bi-logic-kft\"]}]}<\/script>\n<!-- \/ Yoast SEO plugin. -->","yoast_head_json":{"title":"Tracon Budapest GmbH. Management-Informationssystem (MIS) - Phase I - BI LOGIC","description":"Fedezze fel a Powered BI \u00e1ltal ny\u00fajtott \u00fczleti intelligencia szolg\u00e1ltat\u00e1sokat \u00e9s tapasztalja meg, hogyan felfedheti \u00fczlet\u00e9nek val\u00f3di \u00e9rt\u00e9keit. Az adatok elemz\u00e9s\u00e9t\u0151l az \u00fczleti d\u00f6nt\u00e9sekig, a Bilogic az \u00d6n partnere a digit\u00e1lis \u00e1talakul\u00e1sban.","robots":{"index":"index","follow":"follow","max-snippet":"max-snippet:-1","max-image-preview":"max-image-preview:large","max-video-preview":"max-video-preview:-1"},"canonical":"https:\/\/bilogic.hu\/de\/navision-bc\/","og_locale":"de_DE","og_type":"article","og_title":"Tracon Budapest GmbH. Management-Informationssystem (MIS) - Phase I - BI LOGIC","og_description":"Fedezze fel a Powered BI \u00e1ltal ny\u00fajtott \u00fczleti intelligencia szolg\u00e1ltat\u00e1sokat \u00e9s tapasztalja meg, hogyan felfedheti \u00fczlet\u00e9nek val\u00f3di \u00e9rt\u00e9keit. Az adatok elemz\u00e9s\u00e9t\u0151l az \u00fczleti d\u00f6nt\u00e9sekig, a Bilogic az \u00d6n partnere a digit\u00e1lis \u00e1talakul\u00e1sban.","og_url":"https:\/\/bilogic.hu\/de\/navision-bc\/","og_site_name":"BI LOGIC","article_publisher":"https:\/\/www.facebook.com\/bilogickft","article_modified_time":"2023-01-18T14:31:27+00:00","og_image":[{"url":"https:\/\/bilogic.hu\/wp-content\/uploads\/2021\/12\/tracon1.png","type":"","width":"","height":""}],"twitter_card":"summary_large_image","twitter_misc":{"Gesch\u00e4tzte Lesezeit":"1\u00a0Minute"},"schema":{"@context":"https:\/\/schema.org","@graph":[{"@type":"WebPage","@id":"https:\/\/bilogic.hu\/de\/navision-bc\/","url":"https:\/\/bilogic.hu\/de\/navision-bc\/","name":"Tracon Budapest GmbH. Management-Informationssystem (MIS) - Phase I - BI LOGIC","isPartOf":{"@id":"https:\/\/bilogic.hu\/#website"},"primaryImageOfPage":{"@id":"https:\/\/bilogic.hu\/de\/navision-bc\/#primaryimage"},"image":{"@id":"https:\/\/bilogic.hu\/de\/navision-bc\/#primaryimage"},"thumbnailUrl":"https:\/\/bilogic.hu\/wp-content\/uploads\/2021\/12\/tracon1.png","datePublished":"2021-12-08T10:01:07+00:00","dateModified":"2023-01-18T14:31:27+00:00","description":"Fedezze fel a Powered BI \u00e1ltal ny\u00fajtott \u00fczleti intelligencia szolg\u00e1ltat\u00e1sokat \u00e9s tapasztalja meg, hogyan felfedheti \u00fczlet\u00e9nek val\u00f3di \u00e9rt\u00e9keit. Az adatok elemz\u00e9s\u00e9t\u0151l az \u00fczleti d\u00f6nt\u00e9sekig, a Bilogic az \u00d6n partnere a digit\u00e1lis \u00e1talakul\u00e1sban.","breadcrumb":{"@id":"https:\/\/bilogic.hu\/de\/navision-bc\/#breadcrumb"},"inLanguage":"de","potentialAction":[{"@type":"ReadAction","target":["https:\/\/bilogic.hu\/de\/navision-bc\/"]}]},{"@type":"ImageObject","inLanguage":"de","@id":"https:\/\/bilogic.hu\/de\/navision-bc\/#primaryimage","url":"https:\/\/bilogic.hu\/wp-content\/uploads\/2021\/12\/tracon1.png","contentUrl":"https:\/\/bilogic.hu\/wp-content\/uploads\/2021\/12\/tracon1.png"},{"@type":"BreadcrumbList","@id":"https:\/\/bilogic.hu\/de\/navision-bc\/#breadcrumb","itemListElement":[{"@type":"ListItem","position":1,"name":"Kezd\u0151lap","item":"https:\/\/bilogic.hu\/de\/"},{"@type":"ListItem","position":2,"name":"Tracon Budapest GmbH. Management-Informationssystem (MIS) &#8211; Phase I"}]},{"@type":"WebSite","@id":"https:\/\/bilogic.hu\/#website","url":"https:\/\/bilogic.hu\/","name":"BiLogic","description":"Felfedj\u00fck \u00fczlete \u00e9rt\u00e9keit a Powered BI seg\u00edts\u00e9g\u00e9vel","publisher":{"@id":"https:\/\/bilogic.hu\/#organization"},"alternateName":"BiLogic","potentialAction":[{"@type":"SearchAction","target":{"@type":"EntryPoint","urlTemplate":"https:\/\/bilogic.hu\/?s={search_term_string}"},"query-input":{"@type":"PropertyValueSpecification","valueRequired":true,"valueName":"search_term_string"}}],"inLanguage":"de"},{"@type":"Organization","@id":"https:\/\/bilogic.hu\/#organization","name":"BiLogic","alternateName":"BiLogic","url":"https:\/\/bilogic.hu\/","logo":{"@type":"ImageObject","inLanguage":"de","@id":"https:\/\/bilogic.hu\/#\/schema\/logo\/image\/","url":"https:\/\/bilogic.hu\/wp-content\/uploads\/2021\/10\/logo_big-1.jpg","contentUrl":"https:\/\/bilogic.hu\/wp-content\/uploads\/2021\/10\/logo_big-1.jpg","width":501,"height":127,"caption":"BiLogic"},"image":{"@id":"https:\/\/bilogic.hu\/#\/schema\/logo\/image\/"},"sameAs":["https:\/\/www.facebook.com\/bilogickft","https:\/\/www.linkedin.com\/company\/bi-logic-kft"]}]}},"_links":{"self":[{"href":"https:\/\/bilogic.hu\/de\/wp-json\/wp\/v2\/pages\/1133","targetHints":{"allow":["GET"]}}],"collection":[{"href":"https:\/\/bilogic.hu\/de\/wp-json\/wp\/v2\/pages"}],"about":[{"href":"https:\/\/bilogic.hu\/de\/wp-json\/wp\/v2\/types\/page"}],"author":[{"embeddable":true,"href":"https:\/\/bilogic.hu\/de\/wp-json\/wp\/v2\/users\/1"}],"replies":[{"embeddable":true,"href":"https:\/\/bilogic.hu\/de\/wp-json\/wp\/v2\/comments?post=1133"}],"version-history":[{"count":1,"href":"https:\/\/bilogic.hu\/de\/wp-json\/wp\/v2\/pages\/1133\/revisions"}],"predecessor-version":[{"id":1135,"href":"https:\/\/bilogic.hu\/de\/wp-json\/wp\/v2\/pages\/1133\/revisions\/1135"}],"wp:attachment":[{"href":"https:\/\/bilogic.hu\/de\/wp-json\/wp\/v2\/media?parent=1133"}],"curies":[{"name":"wp","href":"https:\/\/api.w.org\/{rel}","templated":true}]}}