{"id":1372,"date":"2022-09-23T14:22:20","date_gmt":"2022-09-23T12:22:20","guid":{"rendered":"https:\/\/bilogic.hu\/munkatarsaink\/"},"modified":"2023-03-30T14:36:19","modified_gmt":"2023-03-30T12:36:19","slug":"munkatarsaink","status":"publish","type":"page","link":"https:\/\/bilogic.hu\/de\/munkatarsaink\/","title":{"rendered":"Unsere Angestellte"},"content":{"rendered":"\n<div class=\"wp-block-columns is-layout-flex wp-container-core-columns-is-layout-9d6595d7 wp-block-columns-is-layout-flex\">\n<div class=\"wp-block-column is-layout-flow wp-block-column-is-layout-flow\" style=\"flex-basis:100%\">\n<div class=\"wp-block-columns is-layout-flex wp-container-core-columns-is-layout-9d6595d7 wp-block-columns-is-layout-flex\"><\/div>\n<\/div>\n<\/div>\n\n\n\n<div class=\"wp-block-columns is-layout-flex wp-container-core-columns-is-layout-9d6595d7 wp-block-columns-is-layout-flex\">\n<div class=\"wp-block-column is-layout-flow wp-block-column-is-layout-flow\" style=\"flex-basis:33.33%\"><div class=\"wp-block-image\">\n<figure class=\"aligncenter size-full\"><img loading=\"lazy\" decoding=\"async\" width=\"768\" height=\"787\" src=\"https:\/\/bilogic.hu\/wp-content\/uploads\/2023\/03\/sch_istvan.png\" alt=\"\" class=\"wp-image-1322\" srcset=\"https:\/\/bilogic.hu\/wp-content\/uploads\/2023\/03\/sch_istvan.png 768w, https:\/\/bilogic.hu\/wp-content\/uploads\/2023\/03\/sch_istvan-293x300.png 293w\" sizes=\"auto, (max-width: 768px) 100vw, 768px\" \/><\/figure>\n<\/div><\/div>\n\n\n\n<div class=\"wp-block-column is-layout-flow wp-block-column-is-layout-flow\">\n<p><strong>Dr Schiszler Istv\u00e1n &#8211; CEO<\/strong><\/p>\n\n\n\n<p>Im Laufe meiner Arbeit habe ich an vielen Stellen die Erfahrung gemacht, dass eine angemessene Entscheidungsfindung die Verwendung von richtig aufbereiteten Daten erfordert. Diese Daten waren normalerweise verf\u00fcgbar, aber in einem rohen, unstrukturierten \u2013 praktisch nicht interpretierbaren \u2013 Zustand.<\/p>\n\n\n\n<p>Meiner Meinung nach ist es f\u00fcr die moderne Unternehmensf\u00fchrung von heute unerl\u00e4sslich, die verf\u00fcgbaren Informationen\/Daten mit neuesten Technologien, wie z. B. Business-Intelligence-Anwendungen, zu analysieren, zu interpretieren und mit ihrer Hilfe die richtigen Entscheidungen zu treffen.<\/p>\n\n\n\n<p>Wir haben BI-Logic Business Intelligence Kft. gegr\u00fcndet, um Unternehmen zu helfen, die offen f\u00fcr neue M\u00f6glichkeiten sind und genau wissen wollen, was im t\u00e4glichen Leben ihres Unternehmens passiert.<\/p>\n<\/div>\n<\/div>\n\n\n\n<div style=\"height:100px\" aria-hidden=\"true\" class=\"wp-block-spacer\"><\/div>\n\n\n\n<div class=\"wp-block-columns is-layout-flex wp-container-core-columns-is-layout-9d6595d7 wp-block-columns-is-layout-flex\">\n<div class=\"wp-block-column is-layout-flow wp-block-column-is-layout-flow\" style=\"flex-basis:33.33%\"><div class=\"wp-block-image\">\n<figure class=\"aligncenter size-large is-resized\"><img loading=\"lazy\" decoding=\"async\" src=\"https:\/\/bilogic.hu\/wp-content\/uploads\/2023\/03\/robot_2-1024x1024.png\" alt=\"\" class=\"wp-image-1304\" width=\"260\" height=\"260\" srcset=\"https:\/\/bilogic.hu\/wp-content\/uploads\/2023\/03\/robot_2-1024x1024.png 1024w, https:\/\/bilogic.hu\/wp-content\/uploads\/2023\/03\/robot_2-300x300.png 300w, https:\/\/bilogic.hu\/wp-content\/uploads\/2023\/03\/robot_2-150x150.png 150w, https:\/\/bilogic.hu\/wp-content\/uploads\/2023\/03\/robot_2-768x768.png 768w, https:\/\/bilogic.hu\/wp-content\/uploads\/2023\/03\/robot_2.png 1060w\" sizes=\"auto, (max-width: 260px) 100vw, 260px\" \/><\/figure>\n<\/div><\/div>\n\n\n\n<div class=\"wp-block-column is-layout-flow wp-block-column-is-layout-flow\" style=\"flex-basis:66.66%\">\n<p><strong>Demeter Viktor \u2013 Projektleiter, Berater<\/strong><\/p>\n\n\n\n<p class=\"has-text-align-left\">Ich habe meinen Abschluss in Wirtschaftswissenschaften an der Wirtschaftsuniversit\u00e4t Budapest, Fakult\u00e4t f\u00fcr Tourismus, erworben. In meiner bisherigen Laufbahn habe ich als Experte und sp\u00e4ter als F\u00fchrungskraft an der Umsetzung vieler Projekte mitgewirkt. Ich befasste mich mit der strategischen Planung und Entwicklung der \u00f6ffentlichen Verwaltung, der Digitalisierung, dem Aufbau eines Data Warehouse und Beratungsaufgaben im Zusammenhang mit der Systemimplementierung. Indem ich mich mit den Wertsch\u00f6pfungszielen der BI Logic Kft. identifiziere, ist mein Hauptziel, die Bed\u00fcrfnisse der Kunden so effizient wie m\u00f6glich bedienen zu k\u00f6nnen.<\/p>\n<\/div>\n<\/div>\n\n\n\n<div style=\"height:100px\" aria-hidden=\"true\" class=\"wp-block-spacer\"><\/div>\n\n\n\n<div class=\"wp-block-columns is-layout-flex wp-container-core-columns-is-layout-9d6595d7 wp-block-columns-is-layout-flex\">\n<div class=\"wp-block-column is-layout-flow wp-block-column-is-layout-flow\" style=\"flex-basis:33.33%\"><div class=\"wp-block-image\">\n<figure class=\"aligncenter size-large is-resized\"><img loading=\"lazy\" decoding=\"async\" src=\"https:\/\/bilogic.hu\/wp-content\/uploads\/2023\/03\/robot_1-1024x1024.png\" alt=\"\" class=\"wp-image-1310\" width=\"256\" height=\"256\" srcset=\"https:\/\/bilogic.hu\/wp-content\/uploads\/2023\/03\/robot_1-1024x1024.png 1024w, https:\/\/bilogic.hu\/wp-content\/uploads\/2023\/03\/robot_1-300x300.png 300w, https:\/\/bilogic.hu\/wp-content\/uploads\/2023\/03\/robot_1-150x150.png 150w, https:\/\/bilogic.hu\/wp-content\/uploads\/2023\/03\/robot_1-768x768.png 768w, https:\/\/bilogic.hu\/wp-content\/uploads\/2023\/03\/robot_1.png 1035w\" sizes=\"auto, (max-width: 256px) 100vw, 256px\" \/><\/figure>\n<\/div><\/div>\n\n\n\n<div class=\"wp-block-column is-layout-flow wp-block-column-is-layout-flow\" style=\"flex-basis:66.66%\">\n<p><strong>Reibl D\u00e1vid \u2013 BI-Entwickler, Berater<\/strong><\/p>\n\n\n\n<p>W\u00e4hrend meiner beruflichen Laufbahn war ich in vielen Projekten sowohl auf der Managementseite als auch auf der Umsetzungs-\/Fachseite t\u00e4tig. Neben Business Intelligence besch\u00e4ftige ich mich aktiv mit Robotic Process Automation, wo ich viel darauf achte, dass Gesch\u00e4ftsprozesse optimal und rationell ablaufen. Als Business Intelligence (BI)-Entwickler kann ich in einem Bereich arbeiten, in dem ich das strukturierte und komplexe Denken meiner Mathematikausbildung mit den im Bereich der Wirtschaftswissenschaften erlernten und erlebten Schemata\/Prozessen kombinieren kann. Es macht mir gro\u00dfe Freude, wenn der Kunde ein ma\u00dfgeschneidertes, fertiges Produkt\/Analyse erh\u00e4lt, bei dem die in seinem Unternehmen generierten Daten in einem vorgegebenen Kontext erscheinen und beginnen, die Details und Leistungen der Organisation zu \u201eerz\u00e4hlen\u201c.<\/p>\n<\/div>\n<\/div>\n\n\n\n<div style=\"height:100px\" aria-hidden=\"true\" class=\"wp-block-spacer\"><\/div>\n\n\n\n<div class=\"wp-block-columns is-layout-flex wp-container-core-columns-is-layout-9d6595d7 wp-block-columns-is-layout-flex\">\n<div class=\"wp-block-column is-layout-flow wp-block-column-is-layout-flow\" style=\"flex-basis:33.33%\"><div class=\"wp-block-image\">\n<figure class=\"aligncenter size-large is-resized\"><img loading=\"lazy\" decoding=\"async\" src=\"https:\/\/bilogic.hu\/wp-content\/uploads\/2023\/03\/robot_3-1024x1024.png\" alt=\"\" class=\"wp-image-1316\" width=\"263\" height=\"263\" srcset=\"https:\/\/bilogic.hu\/wp-content\/uploads\/2023\/03\/robot_3-1024x1024.png 1024w, https:\/\/bilogic.hu\/wp-content\/uploads\/2023\/03\/robot_3-300x300.png 300w, https:\/\/bilogic.hu\/wp-content\/uploads\/2023\/03\/robot_3-150x150.png 150w, https:\/\/bilogic.hu\/wp-content\/uploads\/2023\/03\/robot_3-768x768.png 768w, https:\/\/bilogic.hu\/wp-content\/uploads\/2023\/03\/robot_3.png 1035w\" sizes=\"auto, (max-width: 263px) 100vw, 263px\" \/><\/figure>\n<\/div><\/div>\n\n\n\n<div class=\"wp-block-column is-layout-flow wp-block-column-is-layout-flow\" style=\"flex-basis:66.66%\">\n<p><strong>Kalm\u00e1r Marcell \u2013 <strong>BI-Entwickler, Berater<\/strong><\/strong><\/p>\n\n\n\n<p>W\u00e4hrend meines technischen Informatikstudiums und meiner beruflichen Laufbahn bin ich oft auf strukturierte Datens\u00e4tze (Datenbanken, Berichte, Protokolleintr\u00e4ge, Register) gesto\u00dfen, die unter verschiedenen Aspekten analysiert und verarbeitet und daraus Daten extrahiert werden mussten. In den meisten F\u00e4llen fehlte dem Ergebnis jedoch eine Datenanzeige. Neben der Analyse von Daten ist Power BI durch seine leicht verst\u00e4ndliche und dynamisch parametrisierte Visualisierung ein \u00e4u\u00dferst naheliegendes und n\u00fctzliches Werkzeug. Ich versuche, mein Fachwissen (Programmierung, Datenbanken, Prozessautomatisierung) in den Aufgaben einzusetzen, die bei BiLogic Kft. anfallen.<\/p>\n<\/div>\n<\/div>\n\n\n\n<div style=\"height:100px\" aria-hidden=\"true\" class=\"wp-block-spacer\"><\/div>\n\n\n\n<div class=\"wp-block-columns is-layout-flex wp-container-core-columns-is-layout-9d6595d7 wp-block-columns-is-layout-flex\">\n<div class=\"wp-block-column is-layout-flow wp-block-column-is-layout-flow\" style=\"flex-basis:33.33%\"><div class=\"wp-block-image\">\n<figure class=\"aligncenter size-large is-resized\"><img loading=\"lazy\" decoding=\"async\" src=\"https:\/\/bilogic.hu\/wp-content\/uploads\/2023\/03\/robot_4-1024x1024.png\" alt=\"\" class=\"wp-image-1319\" width=\"267\" height=\"267\" srcset=\"https:\/\/bilogic.hu\/wp-content\/uploads\/2023\/03\/robot_4-1024x1024.png 1024w, https:\/\/bilogic.hu\/wp-content\/uploads\/2023\/03\/robot_4-300x300.png 300w, https:\/\/bilogic.hu\/wp-content\/uploads\/2023\/03\/robot_4-150x150.png 150w, https:\/\/bilogic.hu\/wp-content\/uploads\/2023\/03\/robot_4-768x768.png 768w, https:\/\/bilogic.hu\/wp-content\/uploads\/2023\/03\/robot_4.png 1035w\" sizes=\"auto, (max-width: 267px) 100vw, 267px\" \/><\/figure>\n<\/div><\/div>\n\n\n\n<div class=\"wp-block-column is-layout-flow wp-block-column-is-layout-flow\" style=\"flex-basis:66.66%\">\n<p><strong>Berki Johanna \u2013 BI-Entwickler, Berater<\/strong><\/p>\n\n\n\n<p>Als Diplom-Volkswirt freue ich mich, an der Arbeit eines Unternehmens \u2013 und eines Teams \u2013 mitzuarbeiten, wo ich neben den an der Universit\u00e4t erworbenen theoretischen Kenntnissen praktische Erfahrungen und Erkenntnisse dar\u00fcber sammeln kann, wie wir Informationen aus Vorhandenem erstellen k\u00f6nnen Daten zur Unterst\u00fctzung des t\u00e4glichen Betriebs von Organisationen.<\/p>\n<\/div>\n<\/div>\n\n\n\n<div style=\"height:100px\" aria-hidden=\"true\" class=\"wp-block-spacer\"><\/div>\n\n\n\n<div class=\"wp-block-columns is-layout-flex wp-container-core-columns-is-layout-9d6595d7 wp-block-columns-is-layout-flex\">\n<div class=\"wp-block-column is-layout-flow wp-block-column-is-layout-flow\" style=\"flex-basis:33.33%\"><div class=\"wp-block-image\">\n<figure class=\"aligncenter size-large is-resized\"><img loading=\"lazy\" decoding=\"async\" src=\"https:\/\/bilogic.hu\/wp-content\/uploads\/2023\/03\/robot_3-1024x1024.png\" alt=\"\" class=\"wp-image-1316\" width=\"279\" height=\"279\" srcset=\"https:\/\/bilogic.hu\/wp-content\/uploads\/2023\/03\/robot_3-1024x1024.png 1024w, https:\/\/bilogic.hu\/wp-content\/uploads\/2023\/03\/robot_3-300x300.png 300w, https:\/\/bilogic.hu\/wp-content\/uploads\/2023\/03\/robot_3-150x150.png 150w, https:\/\/bilogic.hu\/wp-content\/uploads\/2023\/03\/robot_3-768x768.png 768w, https:\/\/bilogic.hu\/wp-content\/uploads\/2023\/03\/robot_3.png 1035w\" sizes=\"auto, (max-width: 279px) 100vw, 279px\" \/><\/figure>\n<\/div><\/div>\n\n\n\n<div class=\"wp-block-column is-layout-flow wp-block-column-is-layout-flow\" style=\"flex-basis:66.66%\">\n<p><strong>Varga R\u00f3bert &#8211; <strong>BI-Entwickler, Berater<\/strong><\/strong><\/p>\n\n\n\n<p>W\u00e4hrend meiner bisherigen T\u00e4tigkeit musste ich mehrmals Excel-basierte Abrechnungen und Berichte erstellen, sodass ich relativ fr\u00fch in die Welt der Daten eintauchen konnte und als BI-Entwickler-Einsteiger bereits jetzt in diesem Bereich t\u00e4tig sein kann. Ich habe mein Universit\u00e4tsstudium in den Bereichen Sozialwissenschaften und Wirtschaftswissenschaften fortgesetzt und glaube, dass ich das hier erworbene Wissen und die unterschiedlichen Perspektiven in die Entwicklung von Business Intelligence einbringen und mit ihrer Hilfe an der Schaffung von Systemen mitwirken kann, die liefern echte Hilfe f\u00fcr Unternehmen.<\/p>\n<\/div>\n<\/div>\n","protected":false},"excerpt":{"rendered":"<p>Dr Schiszler Istv\u00e1n &#8211; CEO Im Laufe meiner Arbeit habe ich an vielen Stellen die Erfahrung gemacht, dass eine angemessene Entscheidungsfindung die Verwendung von richtig aufbereiteten Daten erfordert. Diese Daten waren normalerweise verf\u00fcgbar, aber in einem rohen, unstrukturierten \u2013 praktisch nicht interpretierbaren \u2013 Zustand. Meiner Meinung nach ist es f\u00fcr die moderne Unternehmensf\u00fchrung von heute&hellip;&nbsp;<a href=\"https:\/\/bilogic.hu\/de\/munkatarsaink\/\" class=\"\" rel=\"bookmark\">Weiterlesen &raquo;<span class=\"screen-reader-text\">Unsere Angestellte<\/span><\/a><\/p>\n","protected":false},"author":2,"featured_media":1277,"parent":0,"menu_order":0,"comment_status":"closed","ping_status":"closed","template":"","meta":{"neve_meta_sidebar":"","neve_meta_container":"","neve_meta_enable_content_width":"","neve_meta_content_width":0,"neve_meta_title_alignment":"","neve_meta_author_avatar":"","neve_post_elements_order":"","neve_meta_disable_header":"","neve_meta_disable_footer":"","neve_meta_disable_title":"","footnotes":""},"class_list":["post-1372","page","type-page","status-publish","has-post-thumbnail","hentry"],"yoast_head":"<!-- This site is optimized with the Yoast SEO plugin v27.2 - https:\/\/yoast.com\/product\/yoast-seo-wordpress\/ -->\n<title>Unsere Angestellte - BI LOGIC<\/title>\n<meta name=\"description\" content=\"Fedezze fel a Powered BI \u00e1ltal ny\u00fajtott \u00fczleti intelligencia szolg\u00e1ltat\u00e1sokat \u00e9s tapasztalja meg, hogyan felfedheti \u00fczlet\u00e9nek val\u00f3di \u00e9rt\u00e9keit. Az adatok elemz\u00e9s\u00e9t\u0151l az \u00fczleti d\u00f6nt\u00e9sekig, a Bilogic az \u00d6n partnere a digit\u00e1lis \u00e1talakul\u00e1sban.\" \/>\n<meta name=\"robots\" content=\"index, follow, max-snippet:-1, max-image-preview:large, max-video-preview:-1\" \/>\n<link rel=\"canonical\" href=\"https:\/\/bilogic.hu\/de\/munkatarsaink\/\" \/>\n<meta property=\"og:locale\" content=\"de_DE\" \/>\n<meta property=\"og:type\" content=\"article\" \/>\n<meta property=\"og:title\" content=\"Unsere Angestellte - BI LOGIC\" \/>\n<meta property=\"og:description\" content=\"Fedezze fel a Powered BI \u00e1ltal ny\u00fajtott \u00fczleti intelligencia szolg\u00e1ltat\u00e1sokat \u00e9s tapasztalja meg, hogyan felfedheti \u00fczlet\u00e9nek val\u00f3di \u00e9rt\u00e9keit. Az adatok elemz\u00e9s\u00e9t\u0151l az \u00fczleti d\u00f6nt\u00e9sekig, a Bilogic az \u00d6n partnere a digit\u00e1lis \u00e1talakul\u00e1sban.\" \/>\n<meta property=\"og:url\" content=\"https:\/\/bilogic.hu\/de\/munkatarsaink\/\" \/>\n<meta property=\"og:site_name\" content=\"BI LOGIC\" \/>\n<meta property=\"article:publisher\" content=\"https:\/\/www.facebook.com\/bilogickft\" \/>\n<meta property=\"article:modified_time\" content=\"2023-03-30T12:36:19+00:00\" \/>\n<meta property=\"og:image\" content=\"https:\/\/bilogic.hu\/wp-content\/uploads\/2023\/03\/tanacsadas_small.png\" \/>\n\t<meta property=\"og:image:width\" content=\"130\" \/>\n\t<meta property=\"og:image:height\" content=\"100\" \/>\n\t<meta property=\"og:image:type\" content=\"image\/png\" \/>\n<meta name=\"twitter:card\" content=\"summary_large_image\" \/>\n<meta name=\"twitter:label1\" content=\"Gesch\u00e4tzte Lesezeit\" \/>\n\t<meta name=\"twitter:data1\" content=\"5\u00a0Minuten\" \/>\n<script type=\"application\/ld+json\" class=\"yoast-schema-graph\">{\"@context\":\"https:\/\/schema.org\",\"@graph\":[{\"@type\":\"WebPage\",\"@id\":\"https:\/\/bilogic.hu\/de\/munkatarsaink\/\",\"url\":\"https:\/\/bilogic.hu\/de\/munkatarsaink\/\",\"name\":\"Unsere Angestellte - BI LOGIC\",\"isPartOf\":{\"@id\":\"https:\/\/bilogic.hu\/#website\"},\"primaryImageOfPage\":{\"@id\":\"https:\/\/bilogic.hu\/de\/munkatarsaink\/#primaryimage\"},\"image\":{\"@id\":\"https:\/\/bilogic.hu\/de\/munkatarsaink\/#primaryimage\"},\"thumbnailUrl\":\"https:\/\/bilogic.hu\/wp-content\/uploads\/2023\/03\/tanacsadas_small.png\",\"datePublished\":\"2022-09-23T12:22:20+00:00\",\"dateModified\":\"2023-03-30T12:36:19+00:00\",\"description\":\"Fedezze fel a Powered BI \u00e1ltal ny\u00fajtott \u00fczleti intelligencia szolg\u00e1ltat\u00e1sokat \u00e9s tapasztalja meg, hogyan felfedheti \u00fczlet\u00e9nek val\u00f3di \u00e9rt\u00e9keit. Az adatok elemz\u00e9s\u00e9t\u0151l az \u00fczleti d\u00f6nt\u00e9sekig, a Bilogic az \u00d6n partnere a digit\u00e1lis \u00e1talakul\u00e1sban.\",\"breadcrumb\":{\"@id\":\"https:\/\/bilogic.hu\/de\/munkatarsaink\/#breadcrumb\"},\"inLanguage\":\"de\",\"potentialAction\":[{\"@type\":\"ReadAction\",\"target\":[\"https:\/\/bilogic.hu\/de\/munkatarsaink\/\"]}]},{\"@type\":\"ImageObject\",\"inLanguage\":\"de\",\"@id\":\"https:\/\/bilogic.hu\/de\/munkatarsaink\/#primaryimage\",\"url\":\"https:\/\/bilogic.hu\/wp-content\/uploads\/2023\/03\/tanacsadas_small.png\",\"contentUrl\":\"https:\/\/bilogic.hu\/wp-content\/uploads\/2023\/03\/tanacsadas_small.png\",\"width\":130,\"height\":100},{\"@type\":\"BreadcrumbList\",\"@id\":\"https:\/\/bilogic.hu\/de\/munkatarsaink\/#breadcrumb\",\"itemListElement\":[{\"@type\":\"ListItem\",\"position\":1,\"name\":\"Kezd\u0151lap\",\"item\":\"https:\/\/bilogic.hu\/de\/\"},{\"@type\":\"ListItem\",\"position\":2,\"name\":\"Unsere Angestellte\"}]},{\"@type\":\"WebSite\",\"@id\":\"https:\/\/bilogic.hu\/#website\",\"url\":\"https:\/\/bilogic.hu\/\",\"name\":\"BiLogic\",\"description\":\"Felfedj\u00fck \u00fczlete \u00e9rt\u00e9keit a Powered BI seg\u00edts\u00e9g\u00e9vel\",\"publisher\":{\"@id\":\"https:\/\/bilogic.hu\/#organization\"},\"alternateName\":\"BiLogic\",\"potentialAction\":[{\"@type\":\"SearchAction\",\"target\":{\"@type\":\"EntryPoint\",\"urlTemplate\":\"https:\/\/bilogic.hu\/?s={search_term_string}\"},\"query-input\":{\"@type\":\"PropertyValueSpecification\",\"valueRequired\":true,\"valueName\":\"search_term_string\"}}],\"inLanguage\":\"de\"},{\"@type\":\"Organization\",\"@id\":\"https:\/\/bilogic.hu\/#organization\",\"name\":\"BiLogic\",\"alternateName\":\"BiLogic\",\"url\":\"https:\/\/bilogic.hu\/\",\"logo\":{\"@type\":\"ImageObject\",\"inLanguage\":\"de\",\"@id\":\"https:\/\/bilogic.hu\/#\/schema\/logo\/image\/\",\"url\":\"https:\/\/bilogic.hu\/wp-content\/uploads\/2021\/10\/logo_big-1.jpg\",\"contentUrl\":\"https:\/\/bilogic.hu\/wp-content\/uploads\/2021\/10\/logo_big-1.jpg\",\"width\":501,\"height\":127,\"caption\":\"BiLogic\"},\"image\":{\"@id\":\"https:\/\/bilogic.hu\/#\/schema\/logo\/image\/\"},\"sameAs\":[\"https:\/\/www.facebook.com\/bilogickft\",\"https:\/\/www.linkedin.com\/company\/bi-logic-kft\"]}]}<\/script>\n<!-- \/ Yoast SEO plugin. -->","yoast_head_json":{"title":"Unsere Angestellte - BI LOGIC","description":"Fedezze fel a Powered BI \u00e1ltal ny\u00fajtott \u00fczleti intelligencia szolg\u00e1ltat\u00e1sokat \u00e9s tapasztalja meg, hogyan felfedheti \u00fczlet\u00e9nek val\u00f3di \u00e9rt\u00e9keit. Az adatok elemz\u00e9s\u00e9t\u0151l az \u00fczleti d\u00f6nt\u00e9sekig, a Bilogic az \u00d6n partnere a digit\u00e1lis \u00e1talakul\u00e1sban.","robots":{"index":"index","follow":"follow","max-snippet":"max-snippet:-1","max-image-preview":"max-image-preview:large","max-video-preview":"max-video-preview:-1"},"canonical":"https:\/\/bilogic.hu\/de\/munkatarsaink\/","og_locale":"de_DE","og_type":"article","og_title":"Unsere Angestellte - BI LOGIC","og_description":"Fedezze fel a Powered BI \u00e1ltal ny\u00fajtott \u00fczleti intelligencia szolg\u00e1ltat\u00e1sokat \u00e9s tapasztalja meg, hogyan felfedheti \u00fczlet\u00e9nek val\u00f3di \u00e9rt\u00e9keit. Az adatok elemz\u00e9s\u00e9t\u0151l az \u00fczleti d\u00f6nt\u00e9sekig, a Bilogic az \u00d6n partnere a digit\u00e1lis \u00e1talakul\u00e1sban.","og_url":"https:\/\/bilogic.hu\/de\/munkatarsaink\/","og_site_name":"BI LOGIC","article_publisher":"https:\/\/www.facebook.com\/bilogickft","article_modified_time":"2023-03-30T12:36:19+00:00","og_image":[{"width":130,"height":100,"url":"https:\/\/bilogic.hu\/wp-content\/uploads\/2023\/03\/tanacsadas_small.png","type":"image\/png"}],"twitter_card":"summary_large_image","twitter_misc":{"Gesch\u00e4tzte Lesezeit":"5\u00a0Minuten"},"schema":{"@context":"https:\/\/schema.org","@graph":[{"@type":"WebPage","@id":"https:\/\/bilogic.hu\/de\/munkatarsaink\/","url":"https:\/\/bilogic.hu\/de\/munkatarsaink\/","name":"Unsere Angestellte - BI LOGIC","isPartOf":{"@id":"https:\/\/bilogic.hu\/#website"},"primaryImageOfPage":{"@id":"https:\/\/bilogic.hu\/de\/munkatarsaink\/#primaryimage"},"image":{"@id":"https:\/\/bilogic.hu\/de\/munkatarsaink\/#primaryimage"},"thumbnailUrl":"https:\/\/bilogic.hu\/wp-content\/uploads\/2023\/03\/tanacsadas_small.png","datePublished":"2022-09-23T12:22:20+00:00","dateModified":"2023-03-30T12:36:19+00:00","description":"Fedezze fel a Powered BI \u00e1ltal ny\u00fajtott \u00fczleti intelligencia szolg\u00e1ltat\u00e1sokat \u00e9s tapasztalja meg, hogyan felfedheti \u00fczlet\u00e9nek val\u00f3di \u00e9rt\u00e9keit. Az adatok elemz\u00e9s\u00e9t\u0151l az \u00fczleti d\u00f6nt\u00e9sekig, a Bilogic az \u00d6n partnere a digit\u00e1lis \u00e1talakul\u00e1sban.","breadcrumb":{"@id":"https:\/\/bilogic.hu\/de\/munkatarsaink\/#breadcrumb"},"inLanguage":"de","potentialAction":[{"@type":"ReadAction","target":["https:\/\/bilogic.hu\/de\/munkatarsaink\/"]}]},{"@type":"ImageObject","inLanguage":"de","@id":"https:\/\/bilogic.hu\/de\/munkatarsaink\/#primaryimage","url":"https:\/\/bilogic.hu\/wp-content\/uploads\/2023\/03\/tanacsadas_small.png","contentUrl":"https:\/\/bilogic.hu\/wp-content\/uploads\/2023\/03\/tanacsadas_small.png","width":130,"height":100},{"@type":"BreadcrumbList","@id":"https:\/\/bilogic.hu\/de\/munkatarsaink\/#breadcrumb","itemListElement":[{"@type":"ListItem","position":1,"name":"Kezd\u0151lap","item":"https:\/\/bilogic.hu\/de\/"},{"@type":"ListItem","position":2,"name":"Unsere Angestellte"}]},{"@type":"WebSite","@id":"https:\/\/bilogic.hu\/#website","url":"https:\/\/bilogic.hu\/","name":"BiLogic","description":"Felfedj\u00fck \u00fczlete \u00e9rt\u00e9keit a Powered BI seg\u00edts\u00e9g\u00e9vel","publisher":{"@id":"https:\/\/bilogic.hu\/#organization"},"alternateName":"BiLogic","potentialAction":[{"@type":"SearchAction","target":{"@type":"EntryPoint","urlTemplate":"https:\/\/bilogic.hu\/?s={search_term_string}"},"query-input":{"@type":"PropertyValueSpecification","valueRequired":true,"valueName":"search_term_string"}}],"inLanguage":"de"},{"@type":"Organization","@id":"https:\/\/bilogic.hu\/#organization","name":"BiLogic","alternateName":"BiLogic","url":"https:\/\/bilogic.hu\/","logo":{"@type":"ImageObject","inLanguage":"de","@id":"https:\/\/bilogic.hu\/#\/schema\/logo\/image\/","url":"https:\/\/bilogic.hu\/wp-content\/uploads\/2021\/10\/logo_big-1.jpg","contentUrl":"https:\/\/bilogic.hu\/wp-content\/uploads\/2021\/10\/logo_big-1.jpg","width":501,"height":127,"caption":"BiLogic"},"image":{"@id":"https:\/\/bilogic.hu\/#\/schema\/logo\/image\/"},"sameAs":["https:\/\/www.facebook.com\/bilogickft","https:\/\/www.linkedin.com\/company\/bi-logic-kft"]}]}},"_links":{"self":[{"href":"https:\/\/bilogic.hu\/de\/wp-json\/wp\/v2\/pages\/1372","targetHints":{"allow":["GET"]}}],"collection":[{"href":"https:\/\/bilogic.hu\/de\/wp-json\/wp\/v2\/pages"}],"about":[{"href":"https:\/\/bilogic.hu\/de\/wp-json\/wp\/v2\/types\/page"}],"author":[{"embeddable":true,"href":"https:\/\/bilogic.hu\/de\/wp-json\/wp\/v2\/users\/2"}],"replies":[{"embeddable":true,"href":"https:\/\/bilogic.hu\/de\/wp-json\/wp\/v2\/comments?post=1372"}],"version-history":[{"count":3,"href":"https:\/\/bilogic.hu\/de\/wp-json\/wp\/v2\/pages\/1372\/revisions"}],"predecessor-version":[{"id":1545,"href":"https:\/\/bilogic.hu\/de\/wp-json\/wp\/v2\/pages\/1372\/revisions\/1545"}],"wp:featuredmedia":[{"embeddable":true,"href":"https:\/\/bilogic.hu\/de\/wp-json\/wp\/v2\/media\/1277"}],"wp:attachment":[{"href":"https:\/\/bilogic.hu\/de\/wp-json\/wp\/v2\/media?parent=1372"}],"curies":[{"name":"wp","href":"https:\/\/api.w.org\/{rel}","templated":true}]}}