{"id":1371,"date":"2022-09-23T14:22:20","date_gmt":"2022-09-23T12:22:20","guid":{"rendered":"https:\/\/bilogic.hu\/munkatarsaink\/"},"modified":"2024-05-13T14:38:10","modified_gmt":"2024-05-13T12:38:10","slug":"colleagues","status":"publish","type":"page","link":"https:\/\/bilogic.hu\/en\/colleagues\/","title":{"rendered":"Our colleagues"},"content":{"rendered":"\n<div class=\"wp-block-columns is-layout-flex wp-container-core-columns-is-layout-9d6595d7 wp-block-columns-is-layout-flex\">\n<div class=\"wp-block-column is-layout-flow wp-block-column-is-layout-flow\" style=\"flex-basis:100%\">\n<div class=\"wp-block-columns is-layout-flex wp-container-core-columns-is-layout-9d6595d7 wp-block-columns-is-layout-flex\"><\/div>\n<\/div>\n<\/div>\n\n\n\n<div class=\"wp-block-columns is-layout-flex wp-container-core-columns-is-layout-9d6595d7 wp-block-columns-is-layout-flex\">\n<div class=\"wp-block-column is-layout-flow wp-block-column-is-layout-flow\" style=\"flex-basis:33.33%\"><div class=\"wp-block-image\">\n<figure class=\"aligncenter size-full\"><img loading=\"lazy\" decoding=\"async\" width=\"768\" height=\"787\" src=\"https:\/\/bilogic.hu\/wp-content\/uploads\/2023\/03\/sch_istvan.png\" alt=\"\" class=\"wp-image-1322\" srcset=\"https:\/\/bilogic.hu\/wp-content\/uploads\/2023\/03\/sch_istvan.png 768w, https:\/\/bilogic.hu\/wp-content\/uploads\/2023\/03\/sch_istvan-293x300.png 293w\" sizes=\"auto, (max-width: 768px) 100vw, 768px\" \/><\/figure>\n<\/div><\/div>\n\n\n\n<div class=\"wp-block-column is-layout-flow wp-block-column-is-layout-flow\">\n<p><strong>Dr Schiszler Istv\u00e1n &#8211; CEO<\/strong><\/p>\n\n\n\n<p>In my work, I have seen in many places that good decision-making requires the use of well-prepared data. This data was generally available, but in a raw, unstructured &#8211; virtually uninterpretable &#8211; state.<\/p>\n\n\n\n<p>In my opinion, it is essential for today&#8217;s modern management to analyse and interpret the available information\/data using the latest technologies, such as business intelligence applications, and to make the right decisions based on this information\/data.<\/p>\n\n\n\n<p>We have created BI-Logic Business Intelligence Ltd. to help companies who are open to new opportunities and want to know exactly what is happening in the day-to-day life of their company.<\/p>\n<\/div>\n<\/div>\n\n\n\n<div style=\"height:100px\" aria-hidden=\"true\" class=\"wp-block-spacer\"><\/div>\n\n\n\n<div class=\"wp-block-columns is-layout-flex wp-container-core-columns-is-layout-9d6595d7 wp-block-columns-is-layout-flex\">\n<div class=\"wp-block-column is-layout-flow wp-block-column-is-layout-flow\" style=\"flex-basis:33.33%\"><div class=\"wp-block-image\">\n<figure class=\"aligncenter size-large is-resized\"><img loading=\"lazy\" decoding=\"async\" width=\"1024\" height=\"1024\" src=\"https:\/\/bilogic.hu\/wp-content\/uploads\/2023\/03\/robot_2-1024x1024.png\" alt=\"\" class=\"wp-image-1304\" style=\"width:260px;height:260px\" srcset=\"https:\/\/bilogic.hu\/wp-content\/uploads\/2023\/03\/robot_2-1024x1024.png 1024w, https:\/\/bilogic.hu\/wp-content\/uploads\/2023\/03\/robot_2-300x300.png 300w, https:\/\/bilogic.hu\/wp-content\/uploads\/2023\/03\/robot_2-150x150.png 150w, https:\/\/bilogic.hu\/wp-content\/uploads\/2023\/03\/robot_2-768x768.png 768w, https:\/\/bilogic.hu\/wp-content\/uploads\/2023\/03\/robot_2.png 1060w\" sizes=\"auto, (max-width: 1024px) 100vw, 1024px\" \/><\/figure>\n<\/div><\/div>\n\n\n\n<div class=\"wp-block-column is-layout-flow wp-block-column-is-layout-flow\" style=\"flex-basis:66.66%\">\n<p><strong>Demeter Viktor \u2013 Project manager, consultant<\/strong><\/p>\n\n\n\n<p class=\"has-text-align-left\">I obtained my degree in economics at the Budapest University of Economics, Faculty of Tourism. During my career so far, I have participated in the implementation of many projects as an expert and later as a manager. I dealt with strategic planning and development of public administration, digitization, creation of a data warehouse, and consulting tasks related to system implementation. Identifying with the value creation goals of BI Logic Kft., my main goal is to be able to serve the customers&#8217; needs as efficiently as possible.<\/p>\n<\/div>\n<\/div>\n\n\n\n<div style=\"height:100px\" aria-hidden=\"true\" class=\"wp-block-spacer\"><\/div>\n\n\n\n<div class=\"wp-block-columns is-layout-flex wp-container-core-columns-is-layout-9d6595d7 wp-block-columns-is-layout-flex\">\n<div class=\"wp-block-column is-layout-flow wp-block-column-is-layout-flow\" style=\"flex-basis:33.33%\"><div class=\"wp-block-image\">\n<figure class=\"aligncenter size-large is-resized\"><img loading=\"lazy\" decoding=\"async\" width=\"1024\" height=\"1024\" src=\"https:\/\/bilogic.hu\/wp-content\/uploads\/2023\/03\/robot_1-1024x1024.png\" alt=\"\" class=\"wp-image-1310\" style=\"width:256px;height:256px\" srcset=\"https:\/\/bilogic.hu\/wp-content\/uploads\/2023\/03\/robot_1-1024x1024.png 1024w, https:\/\/bilogic.hu\/wp-content\/uploads\/2023\/03\/robot_1-300x300.png 300w, https:\/\/bilogic.hu\/wp-content\/uploads\/2023\/03\/robot_1-150x150.png 150w, https:\/\/bilogic.hu\/wp-content\/uploads\/2023\/03\/robot_1-768x768.png 768w, https:\/\/bilogic.hu\/wp-content\/uploads\/2023\/03\/robot_1.png 1035w\" sizes=\"auto, (max-width: 1024px) 100vw, 1024px\" \/><\/figure>\n<\/div><\/div>\n\n\n\n<div class=\"wp-block-column is-layout-flow wp-block-column-is-layout-flow\" style=\"flex-basis:66.66%\">\n<p><strong>Reibl D\u00e1vid \u2013 BI developer, consultant<\/strong><\/p>\n\n\n\n<p>During my professional career, I worked in many projects both on the management side and on the implementation\/professional side. In addition to business intelligence, I actively deal with robotic process automation, where I pay a lot of attention to ensure that business processes run optimally and rationally. As a business intelligence (BI) developer, I can work in an area where I can combine the structured and complex thinking of my mathematics education with the schemes\/processes learned and experienced in the field of economics. It gives me great pleasure when the client receives a customized, ready-made product\/analysis where the data generated in his company appear in a predetermined context and begin to &#8220;tell&#8221; the details and achievements of the organization.<\/p>\n<\/div>\n<\/div>\n\n\n\n<div style=\"height:100px\" aria-hidden=\"true\" class=\"wp-block-spacer\"><\/div>\n\n\n\n<div class=\"wp-block-columns is-layout-flex wp-container-core-columns-is-layout-9d6595d7 wp-block-columns-is-layout-flex\">\n<div class=\"wp-block-column is-layout-flow wp-block-column-is-layout-flow\" style=\"flex-basis:33.33%\"><div class=\"wp-block-image\">\n<figure class=\"aligncenter size-large is-resized\"><img loading=\"lazy\" decoding=\"async\" width=\"1024\" height=\"1024\" src=\"https:\/\/bilogic.hu\/wp-content\/uploads\/2023\/03\/robot_3-1024x1024.png\" alt=\"\" class=\"wp-image-1316\" style=\"width:263px;height:263px\" srcset=\"https:\/\/bilogic.hu\/wp-content\/uploads\/2023\/03\/robot_3-1024x1024.png 1024w, https:\/\/bilogic.hu\/wp-content\/uploads\/2023\/03\/robot_3-300x300.png 300w, https:\/\/bilogic.hu\/wp-content\/uploads\/2023\/03\/robot_3-150x150.png 150w, https:\/\/bilogic.hu\/wp-content\/uploads\/2023\/03\/robot_3-768x768.png 768w, https:\/\/bilogic.hu\/wp-content\/uploads\/2023\/03\/robot_3.png 1035w\" sizes=\"auto, (max-width: 1024px) 100vw, 1024px\" \/><\/figure>\n<\/div><\/div>\n\n\n\n<div class=\"wp-block-column is-layout-flow wp-block-column-is-layout-flow\" style=\"flex-basis:66.66%\">\n<p><strong>Kalm\u00e1r Marcell \u2013 BI developer, consultant<\/strong><\/p>\n\n\n\n<p>During my technical IT studies and professional career, I often came across structured data sets (databases, reports, log entries, registers) that had to be analyzed and processed from various aspects, and data extracted from them. However, in most cases, the result lacked data display. In addition to the analysis of data, Power BI is an extremely obvious and useful tool for its easy-to-understand and dynamically parameterized visualization. I try to use my professional knowledge (programming, databases, process automation) in the tasks that arise in BiLogic Kft.<\/p>\n<\/div>\n<\/div>\n\n\n\n<div style=\"height:100px\" aria-hidden=\"true\" class=\"wp-block-spacer\"><\/div>\n\n\n\n<div class=\"wp-block-columns is-layout-flex wp-container-core-columns-is-layout-9d6595d7 wp-block-columns-is-layout-flex\">\n<div class=\"wp-block-column is-layout-flow wp-block-column-is-layout-flow\" style=\"flex-basis:33.33%\"><div class=\"wp-block-image\">\n<figure class=\"aligncenter size-large is-resized\"><img loading=\"lazy\" decoding=\"async\" width=\"1024\" height=\"1024\" src=\"https:\/\/bilogic.hu\/wp-content\/uploads\/2023\/03\/robot_4-1024x1024.png\" alt=\"\" class=\"wp-image-1319\" style=\"width:267px;height:267px\" srcset=\"https:\/\/bilogic.hu\/wp-content\/uploads\/2023\/03\/robot_4-1024x1024.png 1024w, https:\/\/bilogic.hu\/wp-content\/uploads\/2023\/03\/robot_4-300x300.png 300w, https:\/\/bilogic.hu\/wp-content\/uploads\/2023\/03\/robot_4-150x150.png 150w, https:\/\/bilogic.hu\/wp-content\/uploads\/2023\/03\/robot_4-768x768.png 768w, https:\/\/bilogic.hu\/wp-content\/uploads\/2023\/03\/robot_4.png 1035w\" sizes=\"auto, (max-width: 1024px) 100vw, 1024px\" \/><\/figure>\n<\/div><\/div>\n\n\n\n<div class=\"wp-block-column is-layout-flow wp-block-column-is-layout-flow\" style=\"flex-basis:66.66%\">\n<p><strong>Jakov\u00e1c Krist\u00f3f \u2013 BI developer, consultant<\/strong><\/p>\n\n\n\n<p>During my University years and professional career, I\u2019ve always prioritized the understanding of the workings and intricacies within each field I explored \u2013 from physics to programming. My studies provided me with a robust mathematical background and strong modeling capabilities. Transitioning to coding, I honed my technical skills, becoming proficient in multiple programming languages and data analysis tools, which are instrumental in my current role.\u00a0 Now, as a professional in the business intelligence sector, I leverage these skills to solve complex problems and extract valuable insight from data, aiming to drive meaningful business outcomes.\u00a0<\/p>\n<\/div>\n<\/div>\n\n\n\n<div style=\"height:100px\" aria-hidden=\"true\" class=\"wp-block-spacer\"><\/div>\n\n\n\n<div class=\"wp-block-columns is-layout-flex wp-container-core-columns-is-layout-9d6595d7 wp-block-columns-is-layout-flex\">\n<div class=\"wp-block-column is-layout-flow wp-block-column-is-layout-flow\" style=\"flex-basis:33.33%\"><div class=\"wp-block-image\">\n<figure class=\"aligncenter size-large is-resized\"><img loading=\"lazy\" decoding=\"async\" width=\"1024\" height=\"1024\" src=\"https:\/\/bilogic.hu\/wp-content\/uploads\/2023\/03\/robot_3-1024x1024.png\" alt=\"\" class=\"wp-image-1316\" style=\"width:279px;height:279px\" srcset=\"https:\/\/bilogic.hu\/wp-content\/uploads\/2023\/03\/robot_3-1024x1024.png 1024w, https:\/\/bilogic.hu\/wp-content\/uploads\/2023\/03\/robot_3-300x300.png 300w, https:\/\/bilogic.hu\/wp-content\/uploads\/2023\/03\/robot_3-150x150.png 150w, https:\/\/bilogic.hu\/wp-content\/uploads\/2023\/03\/robot_3-768x768.png 768w, https:\/\/bilogic.hu\/wp-content\/uploads\/2023\/03\/robot_3.png 1035w\" sizes=\"auto, (max-width: 1024px) 100vw, 1024px\" \/><\/figure>\n<\/div><\/div>\n\n\n\n<div class=\"wp-block-column is-layout-flow wp-block-column-is-layout-flow\" style=\"flex-basis:66.66%\">\n<p><strong>Varga R\u00f3bert &#8211; BI developer, consultant<\/strong><\/p>\n\n\n\n<p>During my work so far, I had to prepare Excel-based statements and reports several times, so I managed to get to know the world of data relatively early, and as a beginner BI developer, I can work in this field right now. I continued my university studies in the fields of social sciences and economics. I believe that I can use the knowledge and different perspectives I have acquired here in the development of business intelligence, and with their help I can participate in the creation of systems that provide real assistance to businesses.<\/p>\n<\/div>\n<\/div>\n","protected":false},"excerpt":{"rendered":"<p>Dr Schiszler Istv\u00e1n &#8211; CEO In my work, I have seen in many places that good decision-making requires the use of well-prepared data. This data was generally available, but in a raw, unstructured &#8211; virtually uninterpretable &#8211; state. In my opinion, it is essential for today&#8217;s modern management to analyse and interpret the available information\/data&hellip;&nbsp;<a href=\"https:\/\/bilogic.hu\/en\/colleagues\/\" class=\"\" rel=\"bookmark\">Read More &raquo;<span class=\"screen-reader-text\">Our colleagues<\/span><\/a><\/p>\n","protected":false},"author":2,"featured_media":1276,"parent":0,"menu_order":0,"comment_status":"closed","ping_status":"closed","template":"","meta":{"neve_meta_sidebar":"","neve_meta_container":"","neve_meta_enable_content_width":"","neve_meta_content_width":0,"neve_meta_title_alignment":"","neve_meta_author_avatar":"","neve_post_elements_order":"","neve_meta_disable_header":"","neve_meta_disable_footer":"","neve_meta_disable_title":"","footnotes":""},"class_list":["post-1371","page","type-page","status-publish","has-post-thumbnail","hentry"],"yoast_head":"<!-- This site is optimized with the Yoast SEO plugin v27.2 - https:\/\/yoast.com\/product\/yoast-seo-wordpress\/ -->\n<title>Our colleagues - BI LOGIC<\/title>\n<meta name=\"description\" content=\"Discover the business intelligence services provided by Powered BI and experience how you can reveal the true values \u200b\u200bof your business. From data analysis to business decisions, Bilogic is your partner in digital transformation.\" \/>\n<meta name=\"robots\" content=\"index, follow, max-snippet:-1, max-image-preview:large, max-video-preview:-1\" \/>\n<link rel=\"canonical\" href=\"https:\/\/bilogic.hu\/en\/colleagues\/\" \/>\n<meta property=\"og:locale\" content=\"en_US\" \/>\n<meta property=\"og:type\" content=\"article\" \/>\n<meta property=\"og:title\" content=\"Our colleagues - BI LOGIC\" \/>\n<meta property=\"og:description\" content=\"Discover the business intelligence services provided by Powered BI and experience how you can reveal the true values \u200b\u200bof your business. From data analysis to business decisions, Bilogic is your partner in digital transformation.\" \/>\n<meta property=\"og:url\" content=\"https:\/\/bilogic.hu\/en\/colleagues\/\" \/>\n<meta property=\"og:site_name\" content=\"BI LOGIC\" \/>\n<meta property=\"article:publisher\" content=\"https:\/\/www.facebook.com\/bilogickft\" \/>\n<meta property=\"article:modified_time\" content=\"2024-05-13T12:38:10+00:00\" \/>\n<meta property=\"og:image\" content=\"https:\/\/bilogic.hu\/wp-content\/uploads\/2023\/03\/tanacsadas_small.png\" \/>\n\t<meta property=\"og:image:width\" content=\"130\" \/>\n\t<meta property=\"og:image:height\" content=\"100\" \/>\n\t<meta property=\"og:image:type\" content=\"image\/png\" \/>\n<meta name=\"twitter:card\" content=\"summary_large_image\" \/>\n<meta name=\"twitter:label1\" content=\"Est. reading time\" \/>\n\t<meta name=\"twitter:data1\" content=\"5 minutes\" \/>\n<script type=\"application\/ld+json\" class=\"yoast-schema-graph\">{\"@context\":\"https:\/\/schema.org\",\"@graph\":[{\"@type\":\"WebPage\",\"@id\":\"https:\/\/bilogic.hu\/en\/colleagues\/\",\"url\":\"https:\/\/bilogic.hu\/en\/colleagues\/\",\"name\":\"Our colleagues - BI LOGIC\",\"isPartOf\":{\"@id\":\"https:\/\/bilogic.hu\/#website\"},\"primaryImageOfPage\":{\"@id\":\"https:\/\/bilogic.hu\/en\/colleagues\/#primaryimage\"},\"image\":{\"@id\":\"https:\/\/bilogic.hu\/en\/colleagues\/#primaryimage\"},\"thumbnailUrl\":\"https:\/\/bilogic.hu\/wp-content\/uploads\/2023\/03\/tanacsadas_small.png\",\"datePublished\":\"2022-09-23T12:22:20+00:00\",\"dateModified\":\"2024-05-13T12:38:10+00:00\",\"description\":\"Discover the business intelligence services provided by Powered BI and experience how you can reveal the true values \u200b\u200bof your business. From data analysis to business decisions, Bilogic is your partner in digital transformation.\",\"breadcrumb\":{\"@id\":\"https:\/\/bilogic.hu\/en\/colleagues\/#breadcrumb\"},\"inLanguage\":\"en-US\",\"potentialAction\":[{\"@type\":\"ReadAction\",\"target\":[\"https:\/\/bilogic.hu\/en\/colleagues\/\"]}]},{\"@type\":\"ImageObject\",\"inLanguage\":\"en-US\",\"@id\":\"https:\/\/bilogic.hu\/en\/colleagues\/#primaryimage\",\"url\":\"https:\/\/bilogic.hu\/wp-content\/uploads\/2023\/03\/tanacsadas_small.png\",\"contentUrl\":\"https:\/\/bilogic.hu\/wp-content\/uploads\/2023\/03\/tanacsadas_small.png\",\"width\":130,\"height\":100},{\"@type\":\"BreadcrumbList\",\"@id\":\"https:\/\/bilogic.hu\/en\/colleagues\/#breadcrumb\",\"itemListElement\":[{\"@type\":\"ListItem\",\"position\":1,\"name\":\"Kezd\u0151lap\",\"item\":\"https:\/\/bilogic.hu\/en\/\"},{\"@type\":\"ListItem\",\"position\":2,\"name\":\"Our colleagues\"}]},{\"@type\":\"WebSite\",\"@id\":\"https:\/\/bilogic.hu\/#website\",\"url\":\"https:\/\/bilogic.hu\/\",\"name\":\"BiLogic\",\"description\":\"Felfedj\u00fck \u00fczlete \u00e9rt\u00e9keit a Powered BI seg\u00edts\u00e9g\u00e9vel\",\"publisher\":{\"@id\":\"https:\/\/bilogic.hu\/#organization\"},\"alternateName\":\"BiLogic\",\"potentialAction\":[{\"@type\":\"SearchAction\",\"target\":{\"@type\":\"EntryPoint\",\"urlTemplate\":\"https:\/\/bilogic.hu\/?s={search_term_string}\"},\"query-input\":{\"@type\":\"PropertyValueSpecification\",\"valueRequired\":true,\"valueName\":\"search_term_string\"}}],\"inLanguage\":\"en-US\"},{\"@type\":\"Organization\",\"@id\":\"https:\/\/bilogic.hu\/#organization\",\"name\":\"BiLogic\",\"alternateName\":\"BiLogic\",\"url\":\"https:\/\/bilogic.hu\/\",\"logo\":{\"@type\":\"ImageObject\",\"inLanguage\":\"en-US\",\"@id\":\"https:\/\/bilogic.hu\/#\/schema\/logo\/image\/\",\"url\":\"https:\/\/bilogic.hu\/wp-content\/uploads\/2021\/10\/logo_big-1.jpg\",\"contentUrl\":\"https:\/\/bilogic.hu\/wp-content\/uploads\/2021\/10\/logo_big-1.jpg\",\"width\":501,\"height\":127,\"caption\":\"BiLogic\"},\"image\":{\"@id\":\"https:\/\/bilogic.hu\/#\/schema\/logo\/image\/\"},\"sameAs\":[\"https:\/\/www.facebook.com\/bilogickft\",\"https:\/\/www.linkedin.com\/company\/bi-logic-kft\"]}]}<\/script>\n<!-- \/ Yoast SEO plugin. -->","yoast_head_json":{"title":"Our colleagues - BI LOGIC","description":"Discover the business intelligence services provided by Powered BI and experience how you can reveal the true values \u200b\u200bof your business. From data analysis to business decisions, Bilogic is your partner in digital transformation.","robots":{"index":"index","follow":"follow","max-snippet":"max-snippet:-1","max-image-preview":"max-image-preview:large","max-video-preview":"max-video-preview:-1"},"canonical":"https:\/\/bilogic.hu\/en\/colleagues\/","og_locale":"en_US","og_type":"article","og_title":"Our colleagues - BI LOGIC","og_description":"Discover the business intelligence services provided by Powered BI and experience how you can reveal the true values \u200b\u200bof your business. From data analysis to business decisions, Bilogic is your partner in digital transformation.","og_url":"https:\/\/bilogic.hu\/en\/colleagues\/","og_site_name":"BI LOGIC","article_publisher":"https:\/\/www.facebook.com\/bilogickft","article_modified_time":"2024-05-13T12:38:10+00:00","og_image":[{"width":130,"height":100,"url":"https:\/\/bilogic.hu\/wp-content\/uploads\/2023\/03\/tanacsadas_small.png","type":"image\/png"}],"twitter_card":"summary_large_image","twitter_misc":{"Est. reading time":"5 minutes"},"schema":{"@context":"https:\/\/schema.org","@graph":[{"@type":"WebPage","@id":"https:\/\/bilogic.hu\/en\/colleagues\/","url":"https:\/\/bilogic.hu\/en\/colleagues\/","name":"Our colleagues - BI LOGIC","isPartOf":{"@id":"https:\/\/bilogic.hu\/#website"},"primaryImageOfPage":{"@id":"https:\/\/bilogic.hu\/en\/colleagues\/#primaryimage"},"image":{"@id":"https:\/\/bilogic.hu\/en\/colleagues\/#primaryimage"},"thumbnailUrl":"https:\/\/bilogic.hu\/wp-content\/uploads\/2023\/03\/tanacsadas_small.png","datePublished":"2022-09-23T12:22:20+00:00","dateModified":"2024-05-13T12:38:10+00:00","description":"Discover the business intelligence services provided by Powered BI and experience how you can reveal the true values \u200b\u200bof your business. From data analysis to business decisions, Bilogic is your partner in digital transformation.","breadcrumb":{"@id":"https:\/\/bilogic.hu\/en\/colleagues\/#breadcrumb"},"inLanguage":"en-US","potentialAction":[{"@type":"ReadAction","target":["https:\/\/bilogic.hu\/en\/colleagues\/"]}]},{"@type":"ImageObject","inLanguage":"en-US","@id":"https:\/\/bilogic.hu\/en\/colleagues\/#primaryimage","url":"https:\/\/bilogic.hu\/wp-content\/uploads\/2023\/03\/tanacsadas_small.png","contentUrl":"https:\/\/bilogic.hu\/wp-content\/uploads\/2023\/03\/tanacsadas_small.png","width":130,"height":100},{"@type":"BreadcrumbList","@id":"https:\/\/bilogic.hu\/en\/colleagues\/#breadcrumb","itemListElement":[{"@type":"ListItem","position":1,"name":"Kezd\u0151lap","item":"https:\/\/bilogic.hu\/en\/"},{"@type":"ListItem","position":2,"name":"Our colleagues"}]},{"@type":"WebSite","@id":"https:\/\/bilogic.hu\/#website","url":"https:\/\/bilogic.hu\/","name":"BiLogic","description":"Felfedj\u00fck \u00fczlete \u00e9rt\u00e9keit a Powered BI seg\u00edts\u00e9g\u00e9vel","publisher":{"@id":"https:\/\/bilogic.hu\/#organization"},"alternateName":"BiLogic","potentialAction":[{"@type":"SearchAction","target":{"@type":"EntryPoint","urlTemplate":"https:\/\/bilogic.hu\/?s={search_term_string}"},"query-input":{"@type":"PropertyValueSpecification","valueRequired":true,"valueName":"search_term_string"}}],"inLanguage":"en-US"},{"@type":"Organization","@id":"https:\/\/bilogic.hu\/#organization","name":"BiLogic","alternateName":"BiLogic","url":"https:\/\/bilogic.hu\/","logo":{"@type":"ImageObject","inLanguage":"en-US","@id":"https:\/\/bilogic.hu\/#\/schema\/logo\/image\/","url":"https:\/\/bilogic.hu\/wp-content\/uploads\/2021\/10\/logo_big-1.jpg","contentUrl":"https:\/\/bilogic.hu\/wp-content\/uploads\/2021\/10\/logo_big-1.jpg","width":501,"height":127,"caption":"BiLogic"},"image":{"@id":"https:\/\/bilogic.hu\/#\/schema\/logo\/image\/"},"sameAs":["https:\/\/www.facebook.com\/bilogickft","https:\/\/www.linkedin.com\/company\/bi-logic-kft"]}]}},"_links":{"self":[{"href":"https:\/\/bilogic.hu\/en\/wp-json\/wp\/v2\/pages\/1371","targetHints":{"allow":["GET"]}}],"collection":[{"href":"https:\/\/bilogic.hu\/en\/wp-json\/wp\/v2\/pages"}],"about":[{"href":"https:\/\/bilogic.hu\/en\/wp-json\/wp\/v2\/types\/page"}],"author":[{"embeddable":true,"href":"https:\/\/bilogic.hu\/en\/wp-json\/wp\/v2\/users\/2"}],"replies":[{"embeddable":true,"href":"https:\/\/bilogic.hu\/en\/wp-json\/wp\/v2\/comments?post=1371"}],"version-history":[{"count":4,"href":"https:\/\/bilogic.hu\/en\/wp-json\/wp\/v2\/pages\/1371\/revisions"}],"predecessor-version":[{"id":1729,"href":"https:\/\/bilogic.hu\/en\/wp-json\/wp\/v2\/pages\/1371\/revisions\/1729"}],"wp:featuredmedia":[{"embeddable":true,"href":"https:\/\/bilogic.hu\/en\/wp-json\/wp\/v2\/media\/1276"}],"wp:attachment":[{"href":"https:\/\/bilogic.hu\/en\/wp-json\/wp\/v2\/media?parent=1371"}],"curies":[{"name":"wp","href":"https:\/\/api.w.org\/{rel}","templated":true}]}}