{"id":1502,"date":"2023-03-27T13:42:48","date_gmt":"2023-03-27T11:42:48","guid":{"rendered":"https:\/\/bilogic.hu\/?page_id=1502"},"modified":"2023-03-27T13:51:07","modified_gmt":"2023-03-27T11:51:07","slug":"misleading-data-visualizations","status":"publish","type":"page","link":"https:\/\/bilogic.hu\/en\/misleading-data-visualizations\/","title":{"rendered":"Misleading data visualizations"},"content":{"rendered":"\n<p><em>The role of the axes<\/em><\/p>\n\n\n\n<p>Consider the two visualisations below, is there a significant difference?<\/p>\n\n\n\n<div class=\"wp-block-columns is-layout-flex wp-container-core-columns-is-layout-9d6595d7 wp-block-columns-is-layout-flex\">\n<div class=\"wp-block-column is-layout-flow wp-block-column-is-layout-flow\">\n<figure class=\"wp-block-image size-full\"><img loading=\"lazy\" decoding=\"async\" width=\"405\" height=\"387\" src=\"https:\/\/bilogic.hu\/wp-content\/uploads\/2023\/03\/image-6.png\" alt=\"\" class=\"wp-image-1512\" srcset=\"https:\/\/bilogic.hu\/wp-content\/uploads\/2023\/03\/image-6.png 405w, https:\/\/bilogic.hu\/wp-content\/uploads\/2023\/03\/image-6-300x287.png 300w\" sizes=\"auto, (max-width: 405px) 100vw, 405px\" \/><\/figure>\n<\/div>\n\n\n\n<div class=\"wp-block-column is-layout-flow wp-block-column-is-layout-flow\">\n<figure class=\"wp-block-image size-full\"><img loading=\"lazy\" decoding=\"async\" width=\"402\" height=\"384\" src=\"https:\/\/bilogic.hu\/wp-content\/uploads\/2023\/03\/image-7.png\" alt=\"\" class=\"wp-image-1515\" srcset=\"https:\/\/bilogic.hu\/wp-content\/uploads\/2023\/03\/image-7.png 402w, https:\/\/bilogic.hu\/wp-content\/uploads\/2023\/03\/image-7-300x287.png 300w\" sizes=\"auto, (max-width: 402px) 100vw, 402px\" \/><\/figure>\n<\/div>\n<\/div>\n\n\n\n<p>The two charts are made from the same data series, the only difference is that in the first case we truncated the y-axis, so the small differences appear significant. When making visualisations, try to ensure that both the minimum and maximum values appear on the y-axis and that the scale is not unnecessarily long (this could create a &#8220;reverse&#8221; effect, as larger differences would also appear smaller). If truncation is justified, it should be clearly indicated. If a logarithmic scale is used, it should also be marked accordingly.<\/p>\n\n\n\n<p><em>Correlation vs causation<\/em><\/p>\n\n\n\n<p>Is there a relationship between the following two datasets?<\/p>\n\n\n\n<figure class=\"wp-block-image size-full\"><img loading=\"lazy\" decoding=\"async\" width=\"945\" height=\"373\" src=\"https:\/\/bilogic.hu\/wp-content\/uploads\/2023\/03\/image-10.png\" alt=\"\" class=\"wp-image-1524\" srcset=\"https:\/\/bilogic.hu\/wp-content\/uploads\/2023\/03\/image-10.png 945w, https:\/\/bilogic.hu\/wp-content\/uploads\/2023\/03\/image-10-300x118.png 300w, https:\/\/bilogic.hu\/wp-content\/uploads\/2023\/03\/image-10-768x303.png 768w\" sizes=\"auto, (max-width: 945px) 100vw, 945px\" \/><figcaption class=\"wp-element-caption\">https:\/\/www.tylervigen.com\/spurious-correlations<\/figcaption><\/figure>\n\n\n\n<p>The figure shows that the two data series are correlated, but the correlation does not imply causality. In most cases, there is a &#8220;confounding variable&#8221; in the background causing the correlation that we don&#8217;t even know about.<\/p>\n\n\n\n<p><em>Pie charts and 3D diagrams<\/em><\/p>\n\n\n\n<p>Pie charts and other distribution plots should only be used if the data plotted amount to 100%, with each observation unit falling into a single category. So for example, when visualizing questionnaire results, pie charts are only appropriate if the respondents can give only one answer each. If there are numerous categories in the chart, is can be difficult to see the differences, so use a tree diagram instead. If you want to show the differences between categories, you should also show the percentages in the graph.<\/p>\n\n\n\n<p>Avoid using three-dimensional figures as they can be very misleading. Consider the example below:<\/p>\n\n\n\n<figure class=\"wp-block-image size-full\"><img loading=\"lazy\" decoding=\"async\" width=\"422\" height=\"273\" src=\"https:\/\/bilogic.hu\/wp-content\/uploads\/2023\/03\/image-9.png\" alt=\"\" class=\"wp-image-1521\" srcset=\"https:\/\/bilogic.hu\/wp-content\/uploads\/2023\/03\/image-9.png 422w, https:\/\/bilogic.hu\/wp-content\/uploads\/2023\/03\/image-9-300x194.png 300w\" sizes=\"auto, (max-width: 422px) 100vw, 422px\" \/><\/figure>\n\n\n\n<p>Due to distortion, at first glance the figure does not suggest what the data do (see \u201cNorth\u201d and \u201cEast\u201d values). In other 3D figures, the data may also obscure each other, so be careful or simply avoid them and use 2D versions instead.<\/p>\n\n\n\n<p><em>Cumulative data<\/em><\/p>\n\n\n\n<p>When using cumulative way of plotting, it is important to indicate it in the proper way. However, before creating these diagrams, think about whether there is any added value or not. Simply think about <a href=\"https:\/\/www.techjunkie.com\/tim-cook-trying-prove-meaningless-chart\/\">Tim Cook and iPhone sales<\/a>. Can we extract any information from his chart?<\/p>\n\n\n\n<p><em>Map visualisations with inappropriate colouring<\/em><\/p>\n\n\n\n<p>When using cartograms, pay attention to the choice of colours. If the data on which you are colouring can be measured on ordinal scale at least, make sure that the colouring reflects this, rather than using a patchwork of colours, so that you can produce a more easily interpretable representation.<\/p>\n\n\n\n<p>Data visualisation has a lot of creative potential, but always be careful of what you want to communicate with the graph, choose the right graph for the data, and never put appearance before clarity and interpretability.<\/p>\n","protected":false},"excerpt":{"rendered":"<p>The role of the axes Consider the two visualisations below, is there a significant difference? The two charts are made from the same data series, the only difference is that in the first case we truncated the y-axis, so the small differences appear significant. When making visualisations, try to ensure that both the minimum and&hellip;&nbsp;<a href=\"https:\/\/bilogic.hu\/en\/misleading-data-visualizations\/\" class=\"\" rel=\"bookmark\">Read More &raquo;<span class=\"screen-reader-text\">Misleading data visualizations<\/span><\/a><\/p>\n","protected":false},"author":1,"featured_media":0,"parent":0,"menu_order":0,"comment_status":"closed","ping_status":"closed","template":"","meta":{"neve_meta_sidebar":"","neve_meta_container":"","neve_meta_enable_content_width":"","neve_meta_content_width":0,"neve_meta_title_alignment":"","neve_meta_author_avatar":"","neve_post_elements_order":"","neve_meta_disable_header":"","neve_meta_disable_footer":"","neve_meta_disable_title":"","footnotes":""},"class_list":["post-1502","page","type-page","status-publish","hentry"],"yoast_head":"<!-- This site is optimized with the Yoast SEO plugin v27.2 - https:\/\/yoast.com\/product\/yoast-seo-wordpress\/ -->\n<title>Misleading data visualizations - BI LOGIC<\/title>\n<meta name=\"description\" content=\"Fedezze fel a Powered BI \u00e1ltal ny\u00fajtott \u00fczleti intelligencia szolg\u00e1ltat\u00e1sokat \u00e9s tapasztalja meg, hogyan felfedheti \u00fczlet\u00e9nek val\u00f3di \u00e9rt\u00e9keit. Az adatok elemz\u00e9s\u00e9t\u0151l az \u00fczleti d\u00f6nt\u00e9sekig, a Bilogic az \u00d6n partnere a digit\u00e1lis \u00e1talakul\u00e1sban.\" \/>\n<meta name=\"robots\" content=\"index, follow, max-snippet:-1, max-image-preview:large, max-video-preview:-1\" \/>\n<link rel=\"canonical\" href=\"https:\/\/bilogic.hu\/en\/misleading-data-visualizations\/\" \/>\n<meta property=\"og:locale\" content=\"en_US\" \/>\n<meta property=\"og:type\" content=\"article\" \/>\n<meta property=\"og:title\" content=\"Misleading data visualizations - BI LOGIC\" \/>\n<meta property=\"og:description\" content=\"Fedezze fel a Powered BI \u00e1ltal ny\u00fajtott \u00fczleti intelligencia szolg\u00e1ltat\u00e1sokat \u00e9s tapasztalja meg, hogyan felfedheti \u00fczlet\u00e9nek val\u00f3di \u00e9rt\u00e9keit. Az adatok elemz\u00e9s\u00e9t\u0151l az \u00fczleti d\u00f6nt\u00e9sekig, a Bilogic az \u00d6n partnere a digit\u00e1lis \u00e1talakul\u00e1sban.\" \/>\n<meta property=\"og:url\" content=\"https:\/\/bilogic.hu\/en\/misleading-data-visualizations\/\" \/>\n<meta property=\"og:site_name\" content=\"BI LOGIC\" \/>\n<meta property=\"article:publisher\" content=\"https:\/\/www.facebook.com\/bilogickft\" \/>\n<meta property=\"article:modified_time\" content=\"2023-03-27T11:51:07+00:00\" \/>\n<meta property=\"og:image\" content=\"https:\/\/bilogic.hu\/wp-content\/uploads\/2023\/03\/image-6.png\" \/>\n<meta name=\"twitter:card\" content=\"summary_large_image\" \/>\n<meta name=\"twitter:label1\" content=\"Est. reading time\" \/>\n\t<meta name=\"twitter:data1\" content=\"4 minutes\" \/>\n<script type=\"application\/ld+json\" class=\"yoast-schema-graph\">{\"@context\":\"https:\/\/schema.org\",\"@graph\":[{\"@type\":\"WebPage\",\"@id\":\"https:\/\/bilogic.hu\/en\/misleading-data-visualizations\/\",\"url\":\"https:\/\/bilogic.hu\/en\/misleading-data-visualizations\/\",\"name\":\"Misleading data visualizations - BI LOGIC\",\"isPartOf\":{\"@id\":\"https:\/\/bilogic.hu\/#website\"},\"primaryImageOfPage\":{\"@id\":\"https:\/\/bilogic.hu\/en\/misleading-data-visualizations\/#primaryimage\"},\"image\":{\"@id\":\"https:\/\/bilogic.hu\/en\/misleading-data-visualizations\/#primaryimage\"},\"thumbnailUrl\":\"https:\/\/bilogic.hu\/wp-content\/uploads\/2023\/03\/image-6.png\",\"datePublished\":\"2023-03-27T11:42:48+00:00\",\"dateModified\":\"2023-03-27T11:51:07+00:00\",\"description\":\"Fedezze fel a Powered BI \u00e1ltal ny\u00fajtott \u00fczleti intelligencia szolg\u00e1ltat\u00e1sokat \u00e9s tapasztalja meg, hogyan felfedheti \u00fczlet\u00e9nek val\u00f3di \u00e9rt\u00e9keit. Az adatok elemz\u00e9s\u00e9t\u0151l az \u00fczleti d\u00f6nt\u00e9sekig, a Bilogic az \u00d6n partnere a digit\u00e1lis \u00e1talakul\u00e1sban.\",\"breadcrumb\":{\"@id\":\"https:\/\/bilogic.hu\/en\/misleading-data-visualizations\/#breadcrumb\"},\"inLanguage\":\"en-US\",\"potentialAction\":[{\"@type\":\"ReadAction\",\"target\":[\"https:\/\/bilogic.hu\/en\/misleading-data-visualizations\/\"]}]},{\"@type\":\"ImageObject\",\"inLanguage\":\"en-US\",\"@id\":\"https:\/\/bilogic.hu\/en\/misleading-data-visualizations\/#primaryimage\",\"url\":\"https:\/\/bilogic.hu\/wp-content\/uploads\/2023\/03\/image-6.png\",\"contentUrl\":\"https:\/\/bilogic.hu\/wp-content\/uploads\/2023\/03\/image-6.png\"},{\"@type\":\"BreadcrumbList\",\"@id\":\"https:\/\/bilogic.hu\/en\/misleading-data-visualizations\/#breadcrumb\",\"itemListElement\":[{\"@type\":\"ListItem\",\"position\":1,\"name\":\"Kezd\u0151lap\",\"item\":\"https:\/\/bilogic.hu\/en\/\"},{\"@type\":\"ListItem\",\"position\":2,\"name\":\"Misleading data visualizations\"}]},{\"@type\":\"WebSite\",\"@id\":\"https:\/\/bilogic.hu\/#website\",\"url\":\"https:\/\/bilogic.hu\/\",\"name\":\"BiLogic\",\"description\":\"Felfedj\u00fck \u00fczlete \u00e9rt\u00e9keit a Powered BI seg\u00edts\u00e9g\u00e9vel\",\"publisher\":{\"@id\":\"https:\/\/bilogic.hu\/#organization\"},\"alternateName\":\"BiLogic\",\"potentialAction\":[{\"@type\":\"SearchAction\",\"target\":{\"@type\":\"EntryPoint\",\"urlTemplate\":\"https:\/\/bilogic.hu\/?s={search_term_string}\"},\"query-input\":{\"@type\":\"PropertyValueSpecification\",\"valueRequired\":true,\"valueName\":\"search_term_string\"}}],\"inLanguage\":\"en-US\"},{\"@type\":\"Organization\",\"@id\":\"https:\/\/bilogic.hu\/#organization\",\"name\":\"BiLogic\",\"alternateName\":\"BiLogic\",\"url\":\"https:\/\/bilogic.hu\/\",\"logo\":{\"@type\":\"ImageObject\",\"inLanguage\":\"en-US\",\"@id\":\"https:\/\/bilogic.hu\/#\/schema\/logo\/image\/\",\"url\":\"https:\/\/bilogic.hu\/wp-content\/uploads\/2021\/10\/logo_big-1.jpg\",\"contentUrl\":\"https:\/\/bilogic.hu\/wp-content\/uploads\/2021\/10\/logo_big-1.jpg\",\"width\":501,\"height\":127,\"caption\":\"BiLogic\"},\"image\":{\"@id\":\"https:\/\/bilogic.hu\/#\/schema\/logo\/image\/\"},\"sameAs\":[\"https:\/\/www.facebook.com\/bilogickft\",\"https:\/\/www.linkedin.com\/company\/bi-logic-kft\"]}]}<\/script>\n<!-- \/ Yoast SEO plugin. -->","yoast_head_json":{"title":"Misleading data visualizations - BI LOGIC","description":"Fedezze fel a Powered BI \u00e1ltal ny\u00fajtott \u00fczleti intelligencia szolg\u00e1ltat\u00e1sokat \u00e9s tapasztalja meg, hogyan felfedheti \u00fczlet\u00e9nek val\u00f3di \u00e9rt\u00e9keit. Az adatok elemz\u00e9s\u00e9t\u0151l az \u00fczleti d\u00f6nt\u00e9sekig, a Bilogic az \u00d6n partnere a digit\u00e1lis \u00e1talakul\u00e1sban.","robots":{"index":"index","follow":"follow","max-snippet":"max-snippet:-1","max-image-preview":"max-image-preview:large","max-video-preview":"max-video-preview:-1"},"canonical":"https:\/\/bilogic.hu\/en\/misleading-data-visualizations\/","og_locale":"en_US","og_type":"article","og_title":"Misleading data visualizations - BI LOGIC","og_description":"Fedezze fel a Powered BI \u00e1ltal ny\u00fajtott \u00fczleti intelligencia szolg\u00e1ltat\u00e1sokat \u00e9s tapasztalja meg, hogyan felfedheti \u00fczlet\u00e9nek val\u00f3di \u00e9rt\u00e9keit. Az adatok elemz\u00e9s\u00e9t\u0151l az \u00fczleti d\u00f6nt\u00e9sekig, a Bilogic az \u00d6n partnere a digit\u00e1lis \u00e1talakul\u00e1sban.","og_url":"https:\/\/bilogic.hu\/en\/misleading-data-visualizations\/","og_site_name":"BI LOGIC","article_publisher":"https:\/\/www.facebook.com\/bilogickft","article_modified_time":"2023-03-27T11:51:07+00:00","og_image":[{"url":"https:\/\/bilogic.hu\/wp-content\/uploads\/2023\/03\/image-6.png","type":"","width":"","height":""}],"twitter_card":"summary_large_image","twitter_misc":{"Est. reading time":"4 minutes"},"schema":{"@context":"https:\/\/schema.org","@graph":[{"@type":"WebPage","@id":"https:\/\/bilogic.hu\/en\/misleading-data-visualizations\/","url":"https:\/\/bilogic.hu\/en\/misleading-data-visualizations\/","name":"Misleading data visualizations - BI LOGIC","isPartOf":{"@id":"https:\/\/bilogic.hu\/#website"},"primaryImageOfPage":{"@id":"https:\/\/bilogic.hu\/en\/misleading-data-visualizations\/#primaryimage"},"image":{"@id":"https:\/\/bilogic.hu\/en\/misleading-data-visualizations\/#primaryimage"},"thumbnailUrl":"https:\/\/bilogic.hu\/wp-content\/uploads\/2023\/03\/image-6.png","datePublished":"2023-03-27T11:42:48+00:00","dateModified":"2023-03-27T11:51:07+00:00","description":"Fedezze fel a Powered BI \u00e1ltal ny\u00fajtott \u00fczleti intelligencia szolg\u00e1ltat\u00e1sokat \u00e9s tapasztalja meg, hogyan felfedheti \u00fczlet\u00e9nek val\u00f3di \u00e9rt\u00e9keit. Az adatok elemz\u00e9s\u00e9t\u0151l az \u00fczleti d\u00f6nt\u00e9sekig, a Bilogic az \u00d6n partnere a digit\u00e1lis \u00e1talakul\u00e1sban.","breadcrumb":{"@id":"https:\/\/bilogic.hu\/en\/misleading-data-visualizations\/#breadcrumb"},"inLanguage":"en-US","potentialAction":[{"@type":"ReadAction","target":["https:\/\/bilogic.hu\/en\/misleading-data-visualizations\/"]}]},{"@type":"ImageObject","inLanguage":"en-US","@id":"https:\/\/bilogic.hu\/en\/misleading-data-visualizations\/#primaryimage","url":"https:\/\/bilogic.hu\/wp-content\/uploads\/2023\/03\/image-6.png","contentUrl":"https:\/\/bilogic.hu\/wp-content\/uploads\/2023\/03\/image-6.png"},{"@type":"BreadcrumbList","@id":"https:\/\/bilogic.hu\/en\/misleading-data-visualizations\/#breadcrumb","itemListElement":[{"@type":"ListItem","position":1,"name":"Kezd\u0151lap","item":"https:\/\/bilogic.hu\/en\/"},{"@type":"ListItem","position":2,"name":"Misleading data visualizations"}]},{"@type":"WebSite","@id":"https:\/\/bilogic.hu\/#website","url":"https:\/\/bilogic.hu\/","name":"BiLogic","description":"Felfedj\u00fck \u00fczlete \u00e9rt\u00e9keit a Powered BI seg\u00edts\u00e9g\u00e9vel","publisher":{"@id":"https:\/\/bilogic.hu\/#organization"},"alternateName":"BiLogic","potentialAction":[{"@type":"SearchAction","target":{"@type":"EntryPoint","urlTemplate":"https:\/\/bilogic.hu\/?s={search_term_string}"},"query-input":{"@type":"PropertyValueSpecification","valueRequired":true,"valueName":"search_term_string"}}],"inLanguage":"en-US"},{"@type":"Organization","@id":"https:\/\/bilogic.hu\/#organization","name":"BiLogic","alternateName":"BiLogic","url":"https:\/\/bilogic.hu\/","logo":{"@type":"ImageObject","inLanguage":"en-US","@id":"https:\/\/bilogic.hu\/#\/schema\/logo\/image\/","url":"https:\/\/bilogic.hu\/wp-content\/uploads\/2021\/10\/logo_big-1.jpg","contentUrl":"https:\/\/bilogic.hu\/wp-content\/uploads\/2021\/10\/logo_big-1.jpg","width":501,"height":127,"caption":"BiLogic"},"image":{"@id":"https:\/\/bilogic.hu\/#\/schema\/logo\/image\/"},"sameAs":["https:\/\/www.facebook.com\/bilogickft","https:\/\/www.linkedin.com\/company\/bi-logic-kft"]}]}},"_links":{"self":[{"href":"https:\/\/bilogic.hu\/en\/wp-json\/wp\/v2\/pages\/1502","targetHints":{"allow":["GET"]}}],"collection":[{"href":"https:\/\/bilogic.hu\/en\/wp-json\/wp\/v2\/pages"}],"about":[{"href":"https:\/\/bilogic.hu\/en\/wp-json\/wp\/v2\/types\/page"}],"author":[{"embeddable":true,"href":"https:\/\/bilogic.hu\/en\/wp-json\/wp\/v2\/users\/1"}],"replies":[{"embeddable":true,"href":"https:\/\/bilogic.hu\/en\/wp-json\/wp\/v2\/comments?post=1502"}],"version-history":[{"count":2,"href":"https:\/\/bilogic.hu\/en\/wp-json\/wp\/v2\/pages\/1502\/revisions"}],"predecessor-version":[{"id":1528,"href":"https:\/\/bilogic.hu\/en\/wp-json\/wp\/v2\/pages\/1502\/revisions\/1528"}],"wp:attachment":[{"href":"https:\/\/bilogic.hu\/en\/wp-json\/wp\/v2\/media?parent=1502"}],"curies":[{"name":"wp","href":"https:\/\/api.w.org\/{rel}","templated":true}]}}