{"id":1589,"date":"2023-06-06T14:22:14","date_gmt":"2023-06-06T12:22:14","guid":{"rendered":"https:\/\/bilogic.hu\/?page_id=1589"},"modified":"2023-04-21T14:38:54","modified_gmt":"2023-04-21T12:38:54","slug":"the-importance-of-data-security-in-business-intelligence","status":"publish","type":"page","link":"https:\/\/bilogic.hu\/en\/the-importance-of-data-security-in-business-intelligence\/","title":{"rendered":"The Importance of Data Security in Business Intelligence"},"content":{"rendered":"\n<p>The use of business intelligence in companies involves handling huge amounts of data. This includes data from business processes, sales data, customer behavior, and other sources. The data is valuable and can be necessary for making strategic decisions for companies.<\/p>\n\n\n\n<h3 class=\"wp-block-heading\">The risks of data security in business intelligence<\/h3>\n\n\n\n<p>However, data security and protection are critical for companies. Data security risks associated with the use of business intelligence include phishing, data theft, hacker attacks, and intentional data loss. To protect against such risks, business intelligence applications must include security measures that comply with the company&#8217;s internal security policies and applicable data protection laws.<\/p>\n\n\n\n<h3 class=\"wp-block-heading\">The importance of data security measures in business intelligence<\/h3>\n\n\n\n<p>Data security measures should include preventing unauthorized access, encryption, privacy settings, regular backups, and educating users about security rules and data protection policies. Lack of data security can have serious consequences, including financial and legal problems, as well as severe damage to business reputation. Therefore, paying attention to data security is crucial for maintaining the trust of businesses, customers, and partners.<\/p>\n\n\n\n<h3 class=\"wp-block-heading\">The characteristics of data security measures in business intelligence applications<\/h3>\n\n\n\n<p>Overall, data security is extremely important in business intelligence applications. Companies need to ensure the appropriate level of data security measures to protect business data from various security risks. Compliance with data security measures ensures the reliability of business intelligence applications, the accuracy of decision-making, and the security of corporate data.<\/p>\n\n\n\n<div style=\"height:169px\" aria-hidden=\"true\" class=\"wp-block-spacer\"><\/div>\n","protected":false},"excerpt":{"rendered":"<p>The use of business intelligence in companies involves handling huge amounts of data. This includes data from business processes, sales data, customer behavior, and other sources. The data is valuable and can be necessary for making strategic decisions for companies. The risks of data security in business intelligence However, data security and protection are critical&hellip;&nbsp;<a href=\"https:\/\/bilogic.hu\/en\/the-importance-of-data-security-in-business-intelligence\/\" class=\"\" rel=\"bookmark\">Read More &raquo;<span class=\"screen-reader-text\">The Importance of Data Security in Business Intelligence<\/span><\/a><\/p>\n","protected":false},"author":3,"featured_media":0,"parent":0,"menu_order":0,"comment_status":"closed","ping_status":"closed","template":"","meta":{"neve_meta_sidebar":"","neve_meta_container":"","neve_meta_enable_content_width":"","neve_meta_content_width":0,"neve_meta_title_alignment":"","neve_meta_author_avatar":"","neve_post_elements_order":"","neve_meta_disable_header":"","neve_meta_disable_footer":"","neve_meta_disable_title":"","footnotes":""},"class_list":["post-1589","page","type-page","status-publish","hentry"],"yoast_head":"<!-- This site is optimized with the Yoast SEO plugin v27.2 - https:\/\/yoast.com\/product\/yoast-seo-wordpress\/ -->\n<title>The Importance of Data Security in Business Intelligence - BI LOGIC<\/title>\n<meta name=\"description\" content=\"Fedezze fel a Powered BI \u00e1ltal ny\u00fajtott \u00fczleti intelligencia szolg\u00e1ltat\u00e1sokat \u00e9s tapasztalja meg, hogyan felfedheti \u00fczlet\u00e9nek val\u00f3di \u00e9rt\u00e9keit. Az adatok elemz\u00e9s\u00e9t\u0151l az \u00fczleti d\u00f6nt\u00e9sekig, a Bilogic az \u00d6n partnere a digit\u00e1lis \u00e1talakul\u00e1sban.\" \/>\n<meta name=\"robots\" content=\"index, follow, max-snippet:-1, max-image-preview:large, max-video-preview:-1\" \/>\n<link rel=\"canonical\" href=\"https:\/\/bilogic.hu\/en\/the-importance-of-data-security-in-business-intelligence\/\" \/>\n<meta property=\"og:locale\" content=\"en_US\" \/>\n<meta property=\"og:type\" content=\"article\" \/>\n<meta property=\"og:title\" content=\"The Importance of Data Security in Business Intelligence - BI LOGIC\" \/>\n<meta property=\"og:description\" content=\"Fedezze fel a Powered BI \u00e1ltal ny\u00fajtott \u00fczleti intelligencia szolg\u00e1ltat\u00e1sokat \u00e9s tapasztalja meg, hogyan felfedheti \u00fczlet\u00e9nek val\u00f3di \u00e9rt\u00e9keit. Az adatok elemz\u00e9s\u00e9t\u0151l az \u00fczleti d\u00f6nt\u00e9sekig, a Bilogic az \u00d6n partnere a digit\u00e1lis \u00e1talakul\u00e1sban.\" \/>\n<meta property=\"og:url\" content=\"https:\/\/bilogic.hu\/en\/the-importance-of-data-security-in-business-intelligence\/\" \/>\n<meta property=\"og:site_name\" content=\"BI LOGIC\" \/>\n<meta property=\"article:publisher\" content=\"https:\/\/www.facebook.com\/bilogickft\" \/>\n<meta property=\"og:image\" content=\"https:\/\/bilogic.hu\/wp-content\/uploads\/2021\/10\/logo.png\" \/>\n\t<meta property=\"og:image:width\" content=\"127\" \/>\n\t<meta property=\"og:image:height\" content=\"127\" \/>\n\t<meta property=\"og:image:type\" content=\"image\/png\" \/>\n<meta name=\"twitter:card\" content=\"summary_large_image\" \/>\n<meta name=\"twitter:label1\" content=\"Est. reading time\" \/>\n\t<meta name=\"twitter:data1\" content=\"2 minutes\" \/>\n<script type=\"application\/ld+json\" class=\"yoast-schema-graph\">{\"@context\":\"https:\/\/schema.org\",\"@graph\":[{\"@type\":\"WebPage\",\"@id\":\"https:\/\/bilogic.hu\/en\/the-importance-of-data-security-in-business-intelligence\/\",\"url\":\"https:\/\/bilogic.hu\/en\/the-importance-of-data-security-in-business-intelligence\/\",\"name\":\"The Importance of Data Security in Business Intelligence - BI LOGIC\",\"isPartOf\":{\"@id\":\"https:\/\/bilogic.hu\/#website\"},\"datePublished\":\"2023-06-06T12:22:14+00:00\",\"description\":\"Fedezze fel a Powered BI \u00e1ltal ny\u00fajtott \u00fczleti intelligencia szolg\u00e1ltat\u00e1sokat \u00e9s tapasztalja meg, hogyan felfedheti \u00fczlet\u00e9nek val\u00f3di \u00e9rt\u00e9keit. Az adatok elemz\u00e9s\u00e9t\u0151l az \u00fczleti d\u00f6nt\u00e9sekig, a Bilogic az \u00d6n partnere a digit\u00e1lis \u00e1talakul\u00e1sban.\",\"breadcrumb\":{\"@id\":\"https:\/\/bilogic.hu\/en\/the-importance-of-data-security-in-business-intelligence\/#breadcrumb\"},\"inLanguage\":\"en-US\",\"potentialAction\":[{\"@type\":\"ReadAction\",\"target\":[\"https:\/\/bilogic.hu\/en\/the-importance-of-data-security-in-business-intelligence\/\"]}]},{\"@type\":\"BreadcrumbList\",\"@id\":\"https:\/\/bilogic.hu\/en\/the-importance-of-data-security-in-business-intelligence\/#breadcrumb\",\"itemListElement\":[{\"@type\":\"ListItem\",\"position\":1,\"name\":\"Kezd\u0151lap\",\"item\":\"https:\/\/bilogic.hu\/en\/\"},{\"@type\":\"ListItem\",\"position\":2,\"name\":\"The Importance of Data Security in Business Intelligence\"}]},{\"@type\":\"WebSite\",\"@id\":\"https:\/\/bilogic.hu\/#website\",\"url\":\"https:\/\/bilogic.hu\/\",\"name\":\"BiLogic\",\"description\":\"Felfedj\u00fck \u00fczlete \u00e9rt\u00e9keit a Powered BI seg\u00edts\u00e9g\u00e9vel\",\"publisher\":{\"@id\":\"https:\/\/bilogic.hu\/#organization\"},\"alternateName\":\"BiLogic\",\"potentialAction\":[{\"@type\":\"SearchAction\",\"target\":{\"@type\":\"EntryPoint\",\"urlTemplate\":\"https:\/\/bilogic.hu\/?s={search_term_string}\"},\"query-input\":{\"@type\":\"PropertyValueSpecification\",\"valueRequired\":true,\"valueName\":\"search_term_string\"}}],\"inLanguage\":\"en-US\"},{\"@type\":\"Organization\",\"@id\":\"https:\/\/bilogic.hu\/#organization\",\"name\":\"BiLogic\",\"alternateName\":\"BiLogic\",\"url\":\"https:\/\/bilogic.hu\/\",\"logo\":{\"@type\":\"ImageObject\",\"inLanguage\":\"en-US\",\"@id\":\"https:\/\/bilogic.hu\/#\/schema\/logo\/image\/\",\"url\":\"https:\/\/bilogic.hu\/wp-content\/uploads\/2021\/10\/logo_big-1.jpg\",\"contentUrl\":\"https:\/\/bilogic.hu\/wp-content\/uploads\/2021\/10\/logo_big-1.jpg\",\"width\":501,\"height\":127,\"caption\":\"BiLogic\"},\"image\":{\"@id\":\"https:\/\/bilogic.hu\/#\/schema\/logo\/image\/\"},\"sameAs\":[\"https:\/\/www.facebook.com\/bilogickft\",\"https:\/\/www.linkedin.com\/company\/bi-logic-kft\"]}]}<\/script>\n<!-- \/ Yoast SEO plugin. -->","yoast_head_json":{"title":"The Importance of Data Security in Business Intelligence - BI LOGIC","description":"Fedezze fel a Powered BI \u00e1ltal ny\u00fajtott \u00fczleti intelligencia szolg\u00e1ltat\u00e1sokat \u00e9s tapasztalja meg, hogyan felfedheti \u00fczlet\u00e9nek val\u00f3di \u00e9rt\u00e9keit. Az adatok elemz\u00e9s\u00e9t\u0151l az \u00fczleti d\u00f6nt\u00e9sekig, a Bilogic az \u00d6n partnere a digit\u00e1lis \u00e1talakul\u00e1sban.","robots":{"index":"index","follow":"follow","max-snippet":"max-snippet:-1","max-image-preview":"max-image-preview:large","max-video-preview":"max-video-preview:-1"},"canonical":"https:\/\/bilogic.hu\/en\/the-importance-of-data-security-in-business-intelligence\/","og_locale":"en_US","og_type":"article","og_title":"The Importance of Data Security in Business Intelligence - BI LOGIC","og_description":"Fedezze fel a Powered BI \u00e1ltal ny\u00fajtott \u00fczleti intelligencia szolg\u00e1ltat\u00e1sokat \u00e9s tapasztalja meg, hogyan felfedheti \u00fczlet\u00e9nek val\u00f3di \u00e9rt\u00e9keit. Az adatok elemz\u00e9s\u00e9t\u0151l az \u00fczleti d\u00f6nt\u00e9sekig, a Bilogic az \u00d6n partnere a digit\u00e1lis \u00e1talakul\u00e1sban.","og_url":"https:\/\/bilogic.hu\/en\/the-importance-of-data-security-in-business-intelligence\/","og_site_name":"BI LOGIC","article_publisher":"https:\/\/www.facebook.com\/bilogickft","og_image":[{"width":127,"height":127,"url":"https:\/\/bilogic.hu\/wp-content\/uploads\/2021\/10\/logo.png","type":"image\/png"}],"twitter_card":"summary_large_image","twitter_misc":{"Est. reading time":"2 minutes"},"schema":{"@context":"https:\/\/schema.org","@graph":[{"@type":"WebPage","@id":"https:\/\/bilogic.hu\/en\/the-importance-of-data-security-in-business-intelligence\/","url":"https:\/\/bilogic.hu\/en\/the-importance-of-data-security-in-business-intelligence\/","name":"The Importance of Data Security in Business Intelligence - BI LOGIC","isPartOf":{"@id":"https:\/\/bilogic.hu\/#website"},"datePublished":"2023-06-06T12:22:14+00:00","description":"Fedezze fel a Powered BI \u00e1ltal ny\u00fajtott \u00fczleti intelligencia szolg\u00e1ltat\u00e1sokat \u00e9s tapasztalja meg, hogyan felfedheti \u00fczlet\u00e9nek val\u00f3di \u00e9rt\u00e9keit. Az adatok elemz\u00e9s\u00e9t\u0151l az \u00fczleti d\u00f6nt\u00e9sekig, a Bilogic az \u00d6n partnere a digit\u00e1lis \u00e1talakul\u00e1sban.","breadcrumb":{"@id":"https:\/\/bilogic.hu\/en\/the-importance-of-data-security-in-business-intelligence\/#breadcrumb"},"inLanguage":"en-US","potentialAction":[{"@type":"ReadAction","target":["https:\/\/bilogic.hu\/en\/the-importance-of-data-security-in-business-intelligence\/"]}]},{"@type":"BreadcrumbList","@id":"https:\/\/bilogic.hu\/en\/the-importance-of-data-security-in-business-intelligence\/#breadcrumb","itemListElement":[{"@type":"ListItem","position":1,"name":"Kezd\u0151lap","item":"https:\/\/bilogic.hu\/en\/"},{"@type":"ListItem","position":2,"name":"The Importance of Data Security in Business Intelligence"}]},{"@type":"WebSite","@id":"https:\/\/bilogic.hu\/#website","url":"https:\/\/bilogic.hu\/","name":"BiLogic","description":"Felfedj\u00fck \u00fczlete \u00e9rt\u00e9keit a Powered BI seg\u00edts\u00e9g\u00e9vel","publisher":{"@id":"https:\/\/bilogic.hu\/#organization"},"alternateName":"BiLogic","potentialAction":[{"@type":"SearchAction","target":{"@type":"EntryPoint","urlTemplate":"https:\/\/bilogic.hu\/?s={search_term_string}"},"query-input":{"@type":"PropertyValueSpecification","valueRequired":true,"valueName":"search_term_string"}}],"inLanguage":"en-US"},{"@type":"Organization","@id":"https:\/\/bilogic.hu\/#organization","name":"BiLogic","alternateName":"BiLogic","url":"https:\/\/bilogic.hu\/","logo":{"@type":"ImageObject","inLanguage":"en-US","@id":"https:\/\/bilogic.hu\/#\/schema\/logo\/image\/","url":"https:\/\/bilogic.hu\/wp-content\/uploads\/2021\/10\/logo_big-1.jpg","contentUrl":"https:\/\/bilogic.hu\/wp-content\/uploads\/2021\/10\/logo_big-1.jpg","width":501,"height":127,"caption":"BiLogic"},"image":{"@id":"https:\/\/bilogic.hu\/#\/schema\/logo\/image\/"},"sameAs":["https:\/\/www.facebook.com\/bilogickft","https:\/\/www.linkedin.com\/company\/bi-logic-kft"]}]}},"_links":{"self":[{"href":"https:\/\/bilogic.hu\/en\/wp-json\/wp\/v2\/pages\/1589","targetHints":{"allow":["GET"]}}],"collection":[{"href":"https:\/\/bilogic.hu\/en\/wp-json\/wp\/v2\/pages"}],"about":[{"href":"https:\/\/bilogic.hu\/en\/wp-json\/wp\/v2\/types\/page"}],"author":[{"embeddable":true,"href":"https:\/\/bilogic.hu\/en\/wp-json\/wp\/v2\/users\/3"}],"replies":[{"embeddable":true,"href":"https:\/\/bilogic.hu\/en\/wp-json\/wp\/v2\/comments?post=1589"}],"version-history":[{"count":2,"href":"https:\/\/bilogic.hu\/en\/wp-json\/wp\/v2\/pages\/1589\/revisions"}],"predecessor-version":[{"id":1598,"href":"https:\/\/bilogic.hu\/en\/wp-json\/wp\/v2\/pages\/1589\/revisions\/1598"}],"wp:attachment":[{"href":"https:\/\/bilogic.hu\/en\/wp-json\/wp\/v2\/media?parent=1589"}],"curies":[{"name":"wp","href":"https:\/\/api.w.org\/{rel}","templated":true}]}}