{"id":622,"date":"2022-01-12T08:53:12","date_gmt":"2022-01-12T07:53:12","guid":{"rendered":"https:\/\/bilogic.hu\/referenciaink\/"},"modified":"2023-03-07T10:42:09","modified_gmt":"2023-03-07T09:42:09","slug":"references","status":"publish","type":"page","link":"https:\/\/bilogic.hu\/en\/references\/","title":{"rendered":"References"},"content":{"rendered":"\n<div style=\"height:19px\" aria-hidden=\"true\" class=\"wp-block-spacer\"><\/div>\n\n\n\n<div class=\"wp-block-cover alignfull\" style=\"min-height:931px;aspect-ratio:unset;\"><span aria-hidden=\"true\" class=\"wp-block-cover__background has-nv-light-bg-background-color has-background-dim-100 has-background-dim\"><\/span><div class=\"wp-block-cover__inner-container is-layout-flow wp-block-cover-is-layout-flow\">\n<div class=\"wp-block-group\"><div class=\"wp-block-group__inner-container is-layout-flow wp-block-group-is-layout-flow\">\n<div style=\"height:110px\" aria-hidden=\"true\" class=\"wp-block-spacer\"><\/div>\n\n\n\n<div class=\"wp-block-columns is-layout-flex wp-container-core-columns-is-layout-9d6595d7 wp-block-columns-is-layout-flex\">\n<div class=\"wp-block-column is-vertically-aligned-center is-layout-flow wp-block-column-is-layout-flow\" style=\"flex-basis:50%\">\n<div style=\"height:40px\" aria-hidden=\"true\" class=\"wp-block-spacer\"><\/div>\n\n\n<div class=\"wp-block-image\">\n<figure class=\"aligncenter size-large is-resized\"><img loading=\"lazy\" decoding=\"async\" src=\"https:\/\/bilogic.hu\/wp-content\/uploads\/2023\/03\/covid-1024x1024.png\" alt=\"\" class=\"wp-image-1384\" width=\"341\" height=\"341\" srcset=\"https:\/\/bilogic.hu\/wp-content\/uploads\/2023\/03\/covid-1024x1024.png 1024w, https:\/\/bilogic.hu\/wp-content\/uploads\/2023\/03\/covid-300x300.png 300w, https:\/\/bilogic.hu\/wp-content\/uploads\/2023\/03\/covid-150x150.png 150w, https:\/\/bilogic.hu\/wp-content\/uploads\/2023\/03\/covid-768x768.png 768w, https:\/\/bilogic.hu\/wp-content\/uploads\/2023\/03\/covid-1536x1536.png 1536w, https:\/\/bilogic.hu\/wp-content\/uploads\/2023\/03\/covid-2048x2048.png 2048w\" sizes=\"auto, (max-width: 341px) 100vw, 341px\" \/><\/figure>\n<\/div><\/div>\n\n\n\n<div class=\"wp-block-column is-layout-flow wp-block-column-is-layout-flow\" style=\"flex-basis:50%\">\n<p class=\"has-neve-link-color-color has-text-color has-large-font-size\"><strong>COVID<\/strong><\/p>\n\n\n\n<p class=\"has-neve-link-color-color has-text-color\">The COVID-19 pandemic showed how important it is for decision-makers to have up-to-date information on the spread of the pandemic. In addition, the resulting data offer a wide range of other analytical opportunities. It may also be worth looking at domestic or European data as well.<\/p>\n\n\n\n<p class=\"has-neve-link-color-color has-text-color\"><br>Our company has contributed to a scientific paper presenting the results and methodology of innovative research supporting the management of domestic and global infection control. It also works with a number of collaborating partners in the processing and analysis of pandemic-generated data.<\/p>\n\n\n\n<div class=\"wp-block-buttons is-layout-flex wp-block-buttons-is-layout-flex\">\n<div class=\"wp-block-button is-style-primary\"><a class=\"wp-block-button__link wp-element-button\" href=\"https:\/\/bilogic.hu\/en\/covid-2\/\">Read<\/a><\/div>\n<\/div>\n\n\n\n<hr class=\"wp-block-separator has-css-opacity is-style-wide\"\/>\n<\/div>\n<\/div>\n\n\n\n<div style=\"height:40px\" aria-hidden=\"true\" class=\"wp-block-spacer\"><\/div>\n<\/div><\/div>\n\n\n\n<div class=\"wp-block-cover alignfull\" style=\"min-height:800px;aspect-ratio:unset;\"><span aria-hidden=\"true\" class=\"wp-block-cover__background has-nv-site-bg-background-color has-background-dim-100 has-background-dim\"><\/span><div class=\"wp-block-cover__inner-container is-layout-flow wp-block-cover-is-layout-flow\">\n<div class=\"wp-block-group has-nv-site-bg-color has-text-color\"><div class=\"wp-block-group__inner-container is-layout-flow wp-block-group-is-layout-flow\">\n<div style=\"height:80px\" aria-hidden=\"true\" class=\"wp-block-spacer\"><\/div>\n\n\n\n<div class=\"wp-block-columns is-layout-flex wp-container-core-columns-is-layout-9d6595d7 wp-block-columns-is-layout-flex\">\n<div class=\"wp-block-column is-layout-flow wp-block-column-is-layout-flow\" style=\"flex-basis:100%\">\n<div class=\"wp-block-columns is-layout-flex wp-container-core-columns-is-layout-9d6595d7 wp-block-columns-is-layout-flex\">\n<div class=\"wp-block-column is-vertically-aligned-top is-layout-flow wp-block-column-is-layout-flow\" style=\"flex-basis:50%\">\n<div style=\"height:120px\" aria-hidden=\"true\" class=\"wp-block-spacer\"><\/div>\n\n\n<div class=\"wp-block-image\">\n<figure class=\"aligncenter size-large is-resized\"><img loading=\"lazy\" decoding=\"async\" src=\"https:\/\/bilogic.hu\/wp-content\/uploads\/2023\/03\/vir_4s20000-1024x1024.png\" alt=\"\" class=\"wp-image-1388\" width=\"394\" height=\"394\" srcset=\"https:\/\/bilogic.hu\/wp-content\/uploads\/2023\/03\/vir_4s20000-1024x1024.png 1024w, https:\/\/bilogic.hu\/wp-content\/uploads\/2023\/03\/vir_4s20000-300x300.png 300w, https:\/\/bilogic.hu\/wp-content\/uploads\/2023\/03\/vir_4s20000-150x150.png 150w, https:\/\/bilogic.hu\/wp-content\/uploads\/2023\/03\/vir_4s20000-768x768.png 768w, https:\/\/bilogic.hu\/wp-content\/uploads\/2023\/03\/vir_4s20000-1536x1536.png 1536w, https:\/\/bilogic.hu\/wp-content\/uploads\/2023\/03\/vir_4s20000-2048x2048.png 2048w\" sizes=\"auto, (max-width: 394px) 100vw, 394px\" \/><\/figure>\n<\/div><\/div>\n\n\n\n<div class=\"wp-block-column is-vertically-aligned-center is-layout-flow wp-block-column-is-layout-flow\" style=\"flex-basis:50%\">\n<p class=\"has-neve-link-color-color has-text-color has-large-font-size\"><strong>4S-2000 Ltd. &#8211; Management Information System (MIS)<\/strong><\/p>\n\n\n\n<p class=\"has-neve-link-color-color has-text-color\">4S-2000 Kft. is a 100% Hungarian owned company in Ny\u00edregyh\u00e1za, Hungary, employing 105 people. Founded in 1996, it was essential for this medium-sized company to have up-to-date information on the company&#8217;s ongoing status and operations, besides its innovative manufacturing capabilities.<\/p>\n\n\n\n<p class=\"has-neve-link-color-color has-text-color\"><br>Our company has developed a management reporting and information system based on data from internal IT-based production and ERP systems. The solutions delivered to 4S-2000 Ltd. provide end-to-end insight into a significant part of the internal processes.<\/p>\n\n\n\n<div class=\"wp-block-buttons is-layout-flex wp-block-buttons-is-layout-flex\">\n<div class=\"wp-block-button is-style-primary\"><a class=\"wp-block-button__link wp-element-button\" href=\"https:\/\/bilogic.hu\/en\/michelin\/\">Read<\/a><\/div>\n<\/div>\n\n\n\n<hr class=\"wp-block-separator has-text-color has-nv-light-bg-color has-css-opacity has-nv-light-bg-background-color has-background is-style-wide\"\/>\n\n\n\n<p><\/p>\n\n\n\n<p><\/p>\n<\/div>\n<\/div>\n<\/div>\n<\/div>\n\n\n\n<p><\/p>\n<\/div><\/div>\n<\/div><\/div>\n\n\n\n<div class=\"wp-block-columns is-layout-flex wp-container-core-columns-is-layout-9d6595d7 wp-block-columns-is-layout-flex\">\n<div class=\"wp-block-column is-vertically-aligned-center is-layout-flow wp-block-column-is-layout-flow\" style=\"flex-basis:50%\">\n<div style=\"height:40px\" aria-hidden=\"true\" class=\"wp-block-spacer\"><\/div>\n\n\n<div class=\"wp-block-image\">\n<figure class=\"aligncenter size-large is-resized\"><img loading=\"lazy\" decoding=\"async\" src=\"https:\/\/bilogic.hu\/wp-content\/uploads\/2023\/03\/vir_tracon-1024x1024.png\" alt=\"\" class=\"wp-image-1391\" width=\"381\" height=\"381\" srcset=\"https:\/\/bilogic.hu\/wp-content\/uploads\/2023\/03\/vir_tracon-1024x1024.png 1024w, https:\/\/bilogic.hu\/wp-content\/uploads\/2023\/03\/vir_tracon-300x300.png 300w, https:\/\/bilogic.hu\/wp-content\/uploads\/2023\/03\/vir_tracon-150x150.png 150w, https:\/\/bilogic.hu\/wp-content\/uploads\/2023\/03\/vir_tracon-768x768.png 768w, https:\/\/bilogic.hu\/wp-content\/uploads\/2023\/03\/vir_tracon-1536x1536.png 1536w, https:\/\/bilogic.hu\/wp-content\/uploads\/2023\/03\/vir_tracon-2048x2048.png 2048w\" sizes=\"auto, (max-width: 381px) 100vw, 381px\" \/><\/figure>\n<\/div><\/div>\n\n\n\n<div class=\"wp-block-column is-layout-flow wp-block-column-is-layout-flow\" style=\"flex-basis:50%\">\n<div style=\"height:99px\" aria-hidden=\"true\" class=\"wp-block-spacer\"><\/div>\n\n\n\n<p class=\"has-neve-link-color-color has-text-color has-large-font-size\"><strong><strong>Tracon Budapest<\/strong> Ltd. Management Information System (MIS) &#8211; Phase I.<\/strong><\/p>\n\n\n\n<p class=\"has-neve-link-color-color has-text-color\">Tracon Budapest Ltd. is a group of companies operating since 1990 with subsidiaries in more than ten countries in Europe. The group works with more than 5,000 resellers and nearly 7,500 products every day, which are stored in the company&#8217;s own robotised warehouse (smart warehouse). They also have their own lighting technology laboratory.<\/p>\n\n\n\n<p class=\"has-neve-link-color-color has-text-color\"><br>Our company has developed an integrated management information system for Tracon Ltd. in several phases, in which the data of all parent companies are displayed in one interface for the company management. The resulting report is always up-to-date and helps decision-making.<\/p>\n\n\n\n<div class=\"wp-block-buttons is-layout-flex wp-block-buttons-is-layout-flex\">\n<div class=\"wp-block-button is-style-primary\"><a class=\"wp-block-button__link wp-element-button\" href=\"https:\/\/bilogic.hu\/en\/navision-bc\/\">Read<\/a><\/div>\n<\/div>\n\n\n\n<hr class=\"wp-block-separator has-css-opacity is-style-wide\"\/>\n<\/div>\n<\/div>\n<\/div><\/div>\n\n\n\n<div style=\"height:32px\" aria-hidden=\"true\" class=\"wp-block-spacer\"><\/div>\n\n\n\n<p class=\"has-text-align-center has-small-font-size\">The BI dashboard interfaces listed here are based on publicly available data and test data provided by partner companies.<\/p>\n\n\n\n<div style=\"height:32px\" aria-hidden=\"true\" class=\"wp-block-spacer\"><\/div>\n\n\n\n<div class=\"wp-block-cover alignfull\" style=\"min-height:300px;aspect-ratio:unset;\"><span aria-hidden=\"true\" class=\"wp-block-cover__background has-nv-dark-bg-background-color has-background-dim-100 has-background-dim\"><\/span><div class=\"wp-block-cover__inner-container is-layout-flow wp-block-cover-is-layout-flow\">\n<div style=\"height:140px\" aria-hidden=\"true\" class=\"wp-block-spacer\"><\/div>\n\n\n\n<h2 class=\"has-text-align-center has-nv-text-dark-bg-color has-text-color wp-block-heading\" id=\"dolgozzunk-egyutt\">Work together!<\/h2>\n\n\n\n<div class=\"wp-block-buttons is-horizontal is-content-justification-center is-layout-flex wp-container-core-buttons-is-layout-499968f5 wp-block-buttons-is-layout-flex\">\n<div class=\"wp-block-button is-style-primary\"><a class=\"wp-block-button__link wp-element-button\" href=\"https:\/\/bilogic.hu\/index.php#kapcsolat\">Contact<\/a><\/div>\n<\/div>\n\n\n\n<div style=\"height:140px\" aria-hidden=\"true\" class=\"wp-block-spacer\"><\/div>\n<\/div><\/div>\n","protected":false},"excerpt":{"rendered":"<p>The BI dashboard interfaces listed here are based on publicly available data and test data provided by partner companies.<\/p>\n","protected":false},"author":1,"featured_media":0,"parent":0,"menu_order":0,"comment_status":"closed","ping_status":"closed","template":"","meta":{"neve_meta_sidebar":"","neve_meta_container":"default","neve_meta_enable_content_width":"on","neve_meta_content_width":100,"neve_meta_title_alignment":"","neve_meta_author_avatar":"","neve_post_elements_order":"","neve_meta_disable_header":"off","neve_meta_disable_footer":"","neve_meta_disable_title":"off","footnotes":""},"class_list":["post-622","page","type-page","status-publish","hentry"],"yoast_head":"<!-- This site is optimized with the Yoast SEO plugin v27.2 - https:\/\/yoast.com\/product\/yoast-seo-wordpress\/ -->\n<title>References - BI LOGIC<\/title>\n<meta name=\"description\" content=\"Discover the business intelligence services powered BI provides and experience how to uncover the true value of your business. From data analytics to business decisions, Bilogic is your partner in digital transformation.\" \/>\n<meta name=\"robots\" content=\"index, follow, max-snippet:-1, max-image-preview:large, max-video-preview:-1\" \/>\n<link rel=\"canonical\" href=\"https:\/\/bilogic.hu\/en\/references\/\" \/>\n<meta property=\"og:locale\" content=\"en_US\" \/>\n<meta property=\"og:type\" content=\"article\" \/>\n<meta property=\"og:title\" content=\"References - BI LOGIC\" \/>\n<meta property=\"og:description\" content=\"Discover the business intelligence services powered BI provides and experience how to uncover the true value of your business. From data analytics to business decisions, Bilogic is your partner in digital transformation.\" \/>\n<meta property=\"og:url\" content=\"https:\/\/bilogic.hu\/en\/references\/\" \/>\n<meta property=\"og:site_name\" content=\"BI LOGIC\" \/>\n<meta property=\"article:publisher\" content=\"https:\/\/www.facebook.com\/bilogickft\" \/>\n<meta property=\"article:modified_time\" content=\"2023-03-07T09:42:09+00:00\" \/>\n<meta property=\"og:image\" content=\"https:\/\/bilogic.hu\/wp-content\/uploads\/2023\/03\/covid-1024x1024.png\" \/>\n<meta name=\"twitter:card\" content=\"summary_large_image\" \/>\n<meta name=\"twitter:label1\" content=\"Est. reading time\" \/>\n\t<meta name=\"twitter:data1\" content=\"3 minutes\" \/>\n<script type=\"application\/ld+json\" class=\"yoast-schema-graph\">{\"@context\":\"https:\/\/schema.org\",\"@graph\":[{\"@type\":\"WebPage\",\"@id\":\"https:\/\/bilogic.hu\/en\/references\/\",\"url\":\"https:\/\/bilogic.hu\/en\/references\/\",\"name\":\"References - BI LOGIC\",\"isPartOf\":{\"@id\":\"https:\/\/bilogic.hu\/#website\"},\"primaryImageOfPage\":{\"@id\":\"https:\/\/bilogic.hu\/en\/references\/#primaryimage\"},\"image\":{\"@id\":\"https:\/\/bilogic.hu\/en\/references\/#primaryimage\"},\"thumbnailUrl\":\"https:\/\/bilogic.hu\/wp-content\/uploads\/2023\/03\/covid-1024x1024.png\",\"datePublished\":\"2022-01-12T07:53:12+00:00\",\"dateModified\":\"2023-03-07T09:42:09+00:00\",\"description\":\"Discover the business intelligence services powered BI provides and experience how to uncover the true value of your business. From data analytics to business decisions, Bilogic is your partner in digital transformation.\",\"breadcrumb\":{\"@id\":\"https:\/\/bilogic.hu\/en\/references\/#breadcrumb\"},\"inLanguage\":\"en-US\",\"potentialAction\":[{\"@type\":\"ReadAction\",\"target\":[\"https:\/\/bilogic.hu\/en\/references\/\"]}]},{\"@type\":\"ImageObject\",\"inLanguage\":\"en-US\",\"@id\":\"https:\/\/bilogic.hu\/en\/references\/#primaryimage\",\"url\":\"https:\/\/bilogic.hu\/wp-content\/uploads\/2023\/03\/covid-1024x1024.png\",\"contentUrl\":\"https:\/\/bilogic.hu\/wp-content\/uploads\/2023\/03\/covid-1024x1024.png\"},{\"@type\":\"BreadcrumbList\",\"@id\":\"https:\/\/bilogic.hu\/en\/references\/#breadcrumb\",\"itemListElement\":[{\"@type\":\"ListItem\",\"position\":1,\"name\":\"Kezd\u0151lap\",\"item\":\"https:\/\/bilogic.hu\/en\/\"},{\"@type\":\"ListItem\",\"position\":2,\"name\":\"References\"}]},{\"@type\":\"WebSite\",\"@id\":\"https:\/\/bilogic.hu\/#website\",\"url\":\"https:\/\/bilogic.hu\/\",\"name\":\"BiLogic\",\"description\":\"Felfedj\u00fck \u00fczlete \u00e9rt\u00e9keit a Powered BI seg\u00edts\u00e9g\u00e9vel\",\"publisher\":{\"@id\":\"https:\/\/bilogic.hu\/#organization\"},\"alternateName\":\"BiLogic\",\"potentialAction\":[{\"@type\":\"SearchAction\",\"target\":{\"@type\":\"EntryPoint\",\"urlTemplate\":\"https:\/\/bilogic.hu\/?s={search_term_string}\"},\"query-input\":{\"@type\":\"PropertyValueSpecification\",\"valueRequired\":true,\"valueName\":\"search_term_string\"}}],\"inLanguage\":\"en-US\"},{\"@type\":\"Organization\",\"@id\":\"https:\/\/bilogic.hu\/#organization\",\"name\":\"BiLogic\",\"alternateName\":\"BiLogic\",\"url\":\"https:\/\/bilogic.hu\/\",\"logo\":{\"@type\":\"ImageObject\",\"inLanguage\":\"en-US\",\"@id\":\"https:\/\/bilogic.hu\/#\/schema\/logo\/image\/\",\"url\":\"https:\/\/bilogic.hu\/wp-content\/uploads\/2021\/10\/logo_big-1.jpg\",\"contentUrl\":\"https:\/\/bilogic.hu\/wp-content\/uploads\/2021\/10\/logo_big-1.jpg\",\"width\":501,\"height\":127,\"caption\":\"BiLogic\"},\"image\":{\"@id\":\"https:\/\/bilogic.hu\/#\/schema\/logo\/image\/\"},\"sameAs\":[\"https:\/\/www.facebook.com\/bilogickft\",\"https:\/\/www.linkedin.com\/company\/bi-logic-kft\"]}]}<\/script>\n<!-- \/ Yoast SEO plugin. -->","yoast_head_json":{"title":"References - BI LOGIC","description":"Discover the business intelligence services powered BI provides and experience how to uncover the true value of your business. From data analytics to business decisions, Bilogic is your partner in digital transformation.","robots":{"index":"index","follow":"follow","max-snippet":"max-snippet:-1","max-image-preview":"max-image-preview:large","max-video-preview":"max-video-preview:-1"},"canonical":"https:\/\/bilogic.hu\/en\/references\/","og_locale":"en_US","og_type":"article","og_title":"References - BI LOGIC","og_description":"Discover the business intelligence services powered BI provides and experience how to uncover the true value of your business. From data analytics to business decisions, Bilogic is your partner in digital transformation.","og_url":"https:\/\/bilogic.hu\/en\/references\/","og_site_name":"BI LOGIC","article_publisher":"https:\/\/www.facebook.com\/bilogickft","article_modified_time":"2023-03-07T09:42:09+00:00","og_image":[{"url":"https:\/\/bilogic.hu\/wp-content\/uploads\/2023\/03\/covid-1024x1024.png","type":"","width":"","height":""}],"twitter_card":"summary_large_image","twitter_misc":{"Est. reading time":"3 minutes"},"schema":{"@context":"https:\/\/schema.org","@graph":[{"@type":"WebPage","@id":"https:\/\/bilogic.hu\/en\/references\/","url":"https:\/\/bilogic.hu\/en\/references\/","name":"References - BI LOGIC","isPartOf":{"@id":"https:\/\/bilogic.hu\/#website"},"primaryImageOfPage":{"@id":"https:\/\/bilogic.hu\/en\/references\/#primaryimage"},"image":{"@id":"https:\/\/bilogic.hu\/en\/references\/#primaryimage"},"thumbnailUrl":"https:\/\/bilogic.hu\/wp-content\/uploads\/2023\/03\/covid-1024x1024.png","datePublished":"2022-01-12T07:53:12+00:00","dateModified":"2023-03-07T09:42:09+00:00","description":"Discover the business intelligence services powered BI provides and experience how to uncover the true value of your business. From data analytics to business decisions, Bilogic is your partner in digital transformation.","breadcrumb":{"@id":"https:\/\/bilogic.hu\/en\/references\/#breadcrumb"},"inLanguage":"en-US","potentialAction":[{"@type":"ReadAction","target":["https:\/\/bilogic.hu\/en\/references\/"]}]},{"@type":"ImageObject","inLanguage":"en-US","@id":"https:\/\/bilogic.hu\/en\/references\/#primaryimage","url":"https:\/\/bilogic.hu\/wp-content\/uploads\/2023\/03\/covid-1024x1024.png","contentUrl":"https:\/\/bilogic.hu\/wp-content\/uploads\/2023\/03\/covid-1024x1024.png"},{"@type":"BreadcrumbList","@id":"https:\/\/bilogic.hu\/en\/references\/#breadcrumb","itemListElement":[{"@type":"ListItem","position":1,"name":"Kezd\u0151lap","item":"https:\/\/bilogic.hu\/en\/"},{"@type":"ListItem","position":2,"name":"References"}]},{"@type":"WebSite","@id":"https:\/\/bilogic.hu\/#website","url":"https:\/\/bilogic.hu\/","name":"BiLogic","description":"Felfedj\u00fck \u00fczlete \u00e9rt\u00e9keit a Powered BI seg\u00edts\u00e9g\u00e9vel","publisher":{"@id":"https:\/\/bilogic.hu\/#organization"},"alternateName":"BiLogic","potentialAction":[{"@type":"SearchAction","target":{"@type":"EntryPoint","urlTemplate":"https:\/\/bilogic.hu\/?s={search_term_string}"},"query-input":{"@type":"PropertyValueSpecification","valueRequired":true,"valueName":"search_term_string"}}],"inLanguage":"en-US"},{"@type":"Organization","@id":"https:\/\/bilogic.hu\/#organization","name":"BiLogic","alternateName":"BiLogic","url":"https:\/\/bilogic.hu\/","logo":{"@type":"ImageObject","inLanguage":"en-US","@id":"https:\/\/bilogic.hu\/#\/schema\/logo\/image\/","url":"https:\/\/bilogic.hu\/wp-content\/uploads\/2021\/10\/logo_big-1.jpg","contentUrl":"https:\/\/bilogic.hu\/wp-content\/uploads\/2021\/10\/logo_big-1.jpg","width":501,"height":127,"caption":"BiLogic"},"image":{"@id":"https:\/\/bilogic.hu\/#\/schema\/logo\/image\/"},"sameAs":["https:\/\/www.facebook.com\/bilogickft","https:\/\/www.linkedin.com\/company\/bi-logic-kft"]}]}},"_links":{"self":[{"href":"https:\/\/bilogic.hu\/en\/wp-json\/wp\/v2\/pages\/622","targetHints":{"allow":["GET"]}}],"collection":[{"href":"https:\/\/bilogic.hu\/en\/wp-json\/wp\/v2\/pages"}],"about":[{"href":"https:\/\/bilogic.hu\/en\/wp-json\/wp\/v2\/types\/page"}],"author":[{"embeddable":true,"href":"https:\/\/bilogic.hu\/en\/wp-json\/wp\/v2\/users\/1"}],"replies":[{"embeddable":true,"href":"https:\/\/bilogic.hu\/en\/wp-json\/wp\/v2\/comments?post=622"}],"version-history":[{"count":5,"href":"https:\/\/bilogic.hu\/en\/wp-json\/wp\/v2\/pages\/622\/revisions"}],"predecessor-version":[{"id":1437,"href":"https:\/\/bilogic.hu\/en\/wp-json\/wp\/v2\/pages\/622\/revisions\/1437"}],"wp:attachment":[{"href":"https:\/\/bilogic.hu\/en\/wp-json\/wp\/v2\/media?parent=622"}],"curies":[{"name":"wp","href":"https:\/\/api.w.org\/{rel}","templated":true}]}}