{"id":651,"date":"2021-10-13T14:09:54","date_gmt":"2021-10-13T12:09:54","guid":{"rendered":"https:\/\/bilogic.hu\/miert-vezetnek-be-a-kulonbozo-meretu-vallalatok-bi-rendszereket\/"},"modified":"2022-06-12T10:29:55","modified_gmt":"2022-06-12T08:29:55","slug":"why-are-companies-of-varied-sizes-implementing-bi-systems","status":"publish","type":"page","link":"https:\/\/bilogic.hu\/en\/why-are-companies-of-varied-sizes-implementing-bi-systems\/","title":{"rendered":"Why are companies of varied sizes implementing BI systems?"},"content":{"rendered":"\n<p>This question often crosses the minds of business leaders, but the answer is quite simple. Most often, companies use BI to leverage their existing data sets to optimise internal business processes, increase internal operational efficiency and thereby gain new revenue streams or market advantage over competitors.<\/p>\n\n\n\n<div class=\"wp-block-columns is-layout-flex wp-container-core-columns-is-layout-9d6595d7 wp-block-columns-is-layout-flex\">\n<div class=\"wp-block-column is-layout-flow wp-block-column-is-layout-flow\">\n<figure class=\"wp-block-image size-large\"><img loading=\"lazy\" decoding=\"async\" width=\"1024\" height=\"683\" src=\"https:\/\/bilogic.hu\/teszt\/wp-content\/uploads\/2021\/11\/kep_01-1024x683.jpg\" alt=\"\" class=\"wp-image-211\" srcset=\"https:\/\/bilogic.hu\/wp-content\/uploads\/2021\/11\/kep_01-1024x683.jpg 1024w, https:\/\/bilogic.hu\/wp-content\/uploads\/2021\/11\/kep_01-300x200.jpg 300w, https:\/\/bilogic.hu\/wp-content\/uploads\/2021\/11\/kep_01-768x512.jpg 768w, https:\/\/bilogic.hu\/wp-content\/uploads\/2021\/11\/kep_01-930x620.jpg 930w, https:\/\/bilogic.hu\/wp-content\/uploads\/2021\/11\/kep_01.jpg 1200w\" sizes=\"auto, (max-width: 1024px) 100vw, 1024px\" \/><\/figure>\n<\/div>\n\n\n\n<div class=\"wp-block-column is-layout-flow wp-block-column-is-layout-flow\">\n<p>In addition to these aspects, it is important to note that the implementation will improve the availability of their current data, giving them faster and more accurate access to a wide variety of data within the company. This type of application will allow the data needed to make decisions to be available to the widest possible audience.<\/p>\n\n\n\n<p>As business intelligence tools accelerate the analysis of information, they can deliver highly valuable data to any company.<\/p>\n\n\n\n<p><\/p>\n<\/div>\n<\/div>\n\n\n\n<p class=\"has-medium-font-size\">There are many applications of business intelligence, for example:<\/p>\n\n\n\n<ul class=\"wp-block-list\"><li>Report generation<\/li><li>Developing executive dashboard interfaces or dashboards<\/li><li>Creating company-specific KPIs which can be monitored constantly<\/li><li>Internal business performance analysis, various statistical analyses<\/li><li>Planning, forecasting, internal process modelling, scenario analysis<\/li><li>Historical data analysis, time series analysis<\/li><li>Geographical data analysis, analysis of spatial behaviour<\/li><li>Data visualisations<\/li><\/ul>\n\n\n\n<p>In the past, various BI tools were used by corporate data analysts and IT-savvy users. The new generation of self-service BI platforms has made business intelligence easily accessible to everyone.<\/p>\n\n\n\n<div style=\"height:100px\" aria-hidden=\"true\" class=\"wp-block-spacer\"><\/div>\n","protected":false},"excerpt":{"rendered":"<p>This question often crosses the minds of business leaders, but the answer is quite simple. Most often, companies use BI to leverage their existing data sets to optimise internal business processes, increase internal operational efficiency and thereby gain new revenue streams or market advantage over competitors. In addition to these aspects, it is important to&hellip;&nbsp;<a href=\"https:\/\/bilogic.hu\/en\/why-are-companies-of-varied-sizes-implementing-bi-systems\/\" class=\"\" rel=\"bookmark\">Read More &raquo;<span class=\"screen-reader-text\">Why are companies of varied sizes implementing BI systems?<\/span><\/a><\/p>\n","protected":false},"author":1,"featured_media":0,"parent":0,"menu_order":0,"comment_status":"closed","ping_status":"closed","template":"","meta":{"neve_meta_sidebar":"","neve_meta_container":"","neve_meta_enable_content_width":"","neve_meta_content_width":0,"neve_meta_title_alignment":"","neve_meta_author_avatar":"","neve_post_elements_order":"","neve_meta_disable_header":"","neve_meta_disable_footer":"","neve_meta_disable_title":"","footnotes":""},"class_list":["post-651","page","type-page","status-publish","hentry"],"yoast_head":"<!-- This site is optimized with the Yoast SEO plugin v27.2 - https:\/\/yoast.com\/product\/yoast-seo-wordpress\/ -->\n<title>Why are companies of varied sizes implementing BI systems? - BI LOGIC<\/title>\n<meta name=\"description\" content=\"Fedezze fel a Powered BI \u00e1ltal ny\u00fajtott \u00fczleti intelligencia szolg\u00e1ltat\u00e1sokat \u00e9s tapasztalja meg, hogyan felfedheti \u00fczlet\u00e9nek val\u00f3di \u00e9rt\u00e9keit. Az adatok elemz\u00e9s\u00e9t\u0151l az \u00fczleti d\u00f6nt\u00e9sekig, a Bilogic az \u00d6n partnere a digit\u00e1lis \u00e1talakul\u00e1sban.\" \/>\n<meta name=\"robots\" content=\"index, follow, max-snippet:-1, max-image-preview:large, max-video-preview:-1\" \/>\n<link rel=\"canonical\" href=\"https:\/\/bilogic.hu\/en\/why-are-companies-of-varied-sizes-implementing-bi-systems\/\" \/>\n<meta property=\"og:locale\" content=\"en_US\" \/>\n<meta property=\"og:type\" content=\"article\" \/>\n<meta property=\"og:title\" content=\"Why are companies of varied sizes implementing BI systems? - BI LOGIC\" \/>\n<meta property=\"og:description\" content=\"Fedezze fel a Powered BI \u00e1ltal ny\u00fajtott \u00fczleti intelligencia szolg\u00e1ltat\u00e1sokat \u00e9s tapasztalja meg, hogyan felfedheti \u00fczlet\u00e9nek val\u00f3di \u00e9rt\u00e9keit. Az adatok elemz\u00e9s\u00e9t\u0151l az \u00fczleti d\u00f6nt\u00e9sekig, a Bilogic az \u00d6n partnere a digit\u00e1lis \u00e1talakul\u00e1sban.\" \/>\n<meta property=\"og:url\" content=\"https:\/\/bilogic.hu\/en\/why-are-companies-of-varied-sizes-implementing-bi-systems\/\" \/>\n<meta property=\"og:site_name\" content=\"BI LOGIC\" \/>\n<meta property=\"article:publisher\" content=\"https:\/\/www.facebook.com\/bilogickft\" \/>\n<meta property=\"article:modified_time\" content=\"2022-06-12T08:29:55+00:00\" \/>\n<meta property=\"og:image\" content=\"https:\/\/bilogic.hu\/teszt\/wp-content\/uploads\/2021\/11\/kep_01-1024x683.jpg\" \/>\n<meta name=\"twitter:card\" content=\"summary_large_image\" \/>\n<meta name=\"twitter:label1\" content=\"Est. reading time\" \/>\n\t<meta name=\"twitter:data1\" content=\"1 minute\" \/>\n<script type=\"application\/ld+json\" class=\"yoast-schema-graph\">{\"@context\":\"https:\/\/schema.org\",\"@graph\":[{\"@type\":\"WebPage\",\"@id\":\"https:\/\/bilogic.hu\/en\/why-are-companies-of-varied-sizes-implementing-bi-systems\/\",\"url\":\"https:\/\/bilogic.hu\/en\/why-are-companies-of-varied-sizes-implementing-bi-systems\/\",\"name\":\"Why are companies of varied sizes implementing BI systems? - BI LOGIC\",\"isPartOf\":{\"@id\":\"https:\/\/bilogic.hu\/#website\"},\"primaryImageOfPage\":{\"@id\":\"https:\/\/bilogic.hu\/en\/why-are-companies-of-varied-sizes-implementing-bi-systems\/#primaryimage\"},\"image\":{\"@id\":\"https:\/\/bilogic.hu\/en\/why-are-companies-of-varied-sizes-implementing-bi-systems\/#primaryimage\"},\"thumbnailUrl\":\"https:\/\/bilogic.hu\/teszt\/wp-content\/uploads\/2021\/11\/kep_01-1024x683.jpg\",\"datePublished\":\"2021-10-13T12:09:54+00:00\",\"dateModified\":\"2022-06-12T08:29:55+00:00\",\"description\":\"Fedezze fel a Powered BI \u00e1ltal ny\u00fajtott \u00fczleti intelligencia szolg\u00e1ltat\u00e1sokat \u00e9s tapasztalja meg, hogyan felfedheti \u00fczlet\u00e9nek val\u00f3di \u00e9rt\u00e9keit. Az adatok elemz\u00e9s\u00e9t\u0151l az \u00fczleti d\u00f6nt\u00e9sekig, a Bilogic az \u00d6n partnere a digit\u00e1lis \u00e1talakul\u00e1sban.\",\"breadcrumb\":{\"@id\":\"https:\/\/bilogic.hu\/en\/why-are-companies-of-varied-sizes-implementing-bi-systems\/#breadcrumb\"},\"inLanguage\":\"en-US\",\"potentialAction\":[{\"@type\":\"ReadAction\",\"target\":[\"https:\/\/bilogic.hu\/en\/why-are-companies-of-varied-sizes-implementing-bi-systems\/\"]}]},{\"@type\":\"ImageObject\",\"inLanguage\":\"en-US\",\"@id\":\"https:\/\/bilogic.hu\/en\/why-are-companies-of-varied-sizes-implementing-bi-systems\/#primaryimage\",\"url\":\"https:\/\/bilogic.hu\/teszt\/wp-content\/uploads\/2021\/11\/kep_01-1024x683.jpg\",\"contentUrl\":\"https:\/\/bilogic.hu\/teszt\/wp-content\/uploads\/2021\/11\/kep_01-1024x683.jpg\"},{\"@type\":\"BreadcrumbList\",\"@id\":\"https:\/\/bilogic.hu\/en\/why-are-companies-of-varied-sizes-implementing-bi-systems\/#breadcrumb\",\"itemListElement\":[{\"@type\":\"ListItem\",\"position\":1,\"name\":\"Kezd\u0151lap\",\"item\":\"https:\/\/bilogic.hu\/en\/\"},{\"@type\":\"ListItem\",\"position\":2,\"name\":\"Why are companies of varied sizes implementing BI systems?\"}]},{\"@type\":\"WebSite\",\"@id\":\"https:\/\/bilogic.hu\/#website\",\"url\":\"https:\/\/bilogic.hu\/\",\"name\":\"BiLogic\",\"description\":\"Felfedj\u00fck \u00fczlete \u00e9rt\u00e9keit a Powered BI seg\u00edts\u00e9g\u00e9vel\",\"publisher\":{\"@id\":\"https:\/\/bilogic.hu\/#organization\"},\"alternateName\":\"BiLogic\",\"potentialAction\":[{\"@type\":\"SearchAction\",\"target\":{\"@type\":\"EntryPoint\",\"urlTemplate\":\"https:\/\/bilogic.hu\/?s={search_term_string}\"},\"query-input\":{\"@type\":\"PropertyValueSpecification\",\"valueRequired\":true,\"valueName\":\"search_term_string\"}}],\"inLanguage\":\"en-US\"},{\"@type\":\"Organization\",\"@id\":\"https:\/\/bilogic.hu\/#organization\",\"name\":\"BiLogic\",\"alternateName\":\"BiLogic\",\"url\":\"https:\/\/bilogic.hu\/\",\"logo\":{\"@type\":\"ImageObject\",\"inLanguage\":\"en-US\",\"@id\":\"https:\/\/bilogic.hu\/#\/schema\/logo\/image\/\",\"url\":\"https:\/\/bilogic.hu\/wp-content\/uploads\/2021\/10\/logo_big-1.jpg\",\"contentUrl\":\"https:\/\/bilogic.hu\/wp-content\/uploads\/2021\/10\/logo_big-1.jpg\",\"width\":501,\"height\":127,\"caption\":\"BiLogic\"},\"image\":{\"@id\":\"https:\/\/bilogic.hu\/#\/schema\/logo\/image\/\"},\"sameAs\":[\"https:\/\/www.facebook.com\/bilogickft\",\"https:\/\/www.linkedin.com\/company\/bi-logic-kft\"]}]}<\/script>\n<!-- \/ Yoast SEO plugin. -->","yoast_head_json":{"title":"Why are companies of varied sizes implementing BI systems? - BI LOGIC","description":"Fedezze fel a Powered BI \u00e1ltal ny\u00fajtott \u00fczleti intelligencia szolg\u00e1ltat\u00e1sokat \u00e9s tapasztalja meg, hogyan felfedheti \u00fczlet\u00e9nek val\u00f3di \u00e9rt\u00e9keit. Az adatok elemz\u00e9s\u00e9t\u0151l az \u00fczleti d\u00f6nt\u00e9sekig, a Bilogic az \u00d6n partnere a digit\u00e1lis \u00e1talakul\u00e1sban.","robots":{"index":"index","follow":"follow","max-snippet":"max-snippet:-1","max-image-preview":"max-image-preview:large","max-video-preview":"max-video-preview:-1"},"canonical":"https:\/\/bilogic.hu\/en\/why-are-companies-of-varied-sizes-implementing-bi-systems\/","og_locale":"en_US","og_type":"article","og_title":"Why are companies of varied sizes implementing BI systems? - BI LOGIC","og_description":"Fedezze fel a Powered BI \u00e1ltal ny\u00fajtott \u00fczleti intelligencia szolg\u00e1ltat\u00e1sokat \u00e9s tapasztalja meg, hogyan felfedheti \u00fczlet\u00e9nek val\u00f3di \u00e9rt\u00e9keit. Az adatok elemz\u00e9s\u00e9t\u0151l az \u00fczleti d\u00f6nt\u00e9sekig, a Bilogic az \u00d6n partnere a digit\u00e1lis \u00e1talakul\u00e1sban.","og_url":"https:\/\/bilogic.hu\/en\/why-are-companies-of-varied-sizes-implementing-bi-systems\/","og_site_name":"BI LOGIC","article_publisher":"https:\/\/www.facebook.com\/bilogickft","article_modified_time":"2022-06-12T08:29:55+00:00","og_image":[{"url":"https:\/\/bilogic.hu\/teszt\/wp-content\/uploads\/2021\/11\/kep_01-1024x683.jpg","type":"","width":"","height":""}],"twitter_card":"summary_large_image","twitter_misc":{"Est. reading time":"1 minute"},"schema":{"@context":"https:\/\/schema.org","@graph":[{"@type":"WebPage","@id":"https:\/\/bilogic.hu\/en\/why-are-companies-of-varied-sizes-implementing-bi-systems\/","url":"https:\/\/bilogic.hu\/en\/why-are-companies-of-varied-sizes-implementing-bi-systems\/","name":"Why are companies of varied sizes implementing BI systems? - BI LOGIC","isPartOf":{"@id":"https:\/\/bilogic.hu\/#website"},"primaryImageOfPage":{"@id":"https:\/\/bilogic.hu\/en\/why-are-companies-of-varied-sizes-implementing-bi-systems\/#primaryimage"},"image":{"@id":"https:\/\/bilogic.hu\/en\/why-are-companies-of-varied-sizes-implementing-bi-systems\/#primaryimage"},"thumbnailUrl":"https:\/\/bilogic.hu\/teszt\/wp-content\/uploads\/2021\/11\/kep_01-1024x683.jpg","datePublished":"2021-10-13T12:09:54+00:00","dateModified":"2022-06-12T08:29:55+00:00","description":"Fedezze fel a Powered BI \u00e1ltal ny\u00fajtott \u00fczleti intelligencia szolg\u00e1ltat\u00e1sokat \u00e9s tapasztalja meg, hogyan felfedheti \u00fczlet\u00e9nek val\u00f3di \u00e9rt\u00e9keit. Az adatok elemz\u00e9s\u00e9t\u0151l az \u00fczleti d\u00f6nt\u00e9sekig, a Bilogic az \u00d6n partnere a digit\u00e1lis \u00e1talakul\u00e1sban.","breadcrumb":{"@id":"https:\/\/bilogic.hu\/en\/why-are-companies-of-varied-sizes-implementing-bi-systems\/#breadcrumb"},"inLanguage":"en-US","potentialAction":[{"@type":"ReadAction","target":["https:\/\/bilogic.hu\/en\/why-are-companies-of-varied-sizes-implementing-bi-systems\/"]}]},{"@type":"ImageObject","inLanguage":"en-US","@id":"https:\/\/bilogic.hu\/en\/why-are-companies-of-varied-sizes-implementing-bi-systems\/#primaryimage","url":"https:\/\/bilogic.hu\/teszt\/wp-content\/uploads\/2021\/11\/kep_01-1024x683.jpg","contentUrl":"https:\/\/bilogic.hu\/teszt\/wp-content\/uploads\/2021\/11\/kep_01-1024x683.jpg"},{"@type":"BreadcrumbList","@id":"https:\/\/bilogic.hu\/en\/why-are-companies-of-varied-sizes-implementing-bi-systems\/#breadcrumb","itemListElement":[{"@type":"ListItem","position":1,"name":"Kezd\u0151lap","item":"https:\/\/bilogic.hu\/en\/"},{"@type":"ListItem","position":2,"name":"Why are companies of varied sizes implementing BI systems?"}]},{"@type":"WebSite","@id":"https:\/\/bilogic.hu\/#website","url":"https:\/\/bilogic.hu\/","name":"BiLogic","description":"Felfedj\u00fck \u00fczlete \u00e9rt\u00e9keit a Powered BI seg\u00edts\u00e9g\u00e9vel","publisher":{"@id":"https:\/\/bilogic.hu\/#organization"},"alternateName":"BiLogic","potentialAction":[{"@type":"SearchAction","target":{"@type":"EntryPoint","urlTemplate":"https:\/\/bilogic.hu\/?s={search_term_string}"},"query-input":{"@type":"PropertyValueSpecification","valueRequired":true,"valueName":"search_term_string"}}],"inLanguage":"en-US"},{"@type":"Organization","@id":"https:\/\/bilogic.hu\/#organization","name":"BiLogic","alternateName":"BiLogic","url":"https:\/\/bilogic.hu\/","logo":{"@type":"ImageObject","inLanguage":"en-US","@id":"https:\/\/bilogic.hu\/#\/schema\/logo\/image\/","url":"https:\/\/bilogic.hu\/wp-content\/uploads\/2021\/10\/logo_big-1.jpg","contentUrl":"https:\/\/bilogic.hu\/wp-content\/uploads\/2021\/10\/logo_big-1.jpg","width":501,"height":127,"caption":"BiLogic"},"image":{"@id":"https:\/\/bilogic.hu\/#\/schema\/logo\/image\/"},"sameAs":["https:\/\/www.facebook.com\/bilogickft","https:\/\/www.linkedin.com\/company\/bi-logic-kft"]}]}},"_links":{"self":[{"href":"https:\/\/bilogic.hu\/en\/wp-json\/wp\/v2\/pages\/651","targetHints":{"allow":["GET"]}}],"collection":[{"href":"https:\/\/bilogic.hu\/en\/wp-json\/wp\/v2\/pages"}],"about":[{"href":"https:\/\/bilogic.hu\/en\/wp-json\/wp\/v2\/types\/page"}],"author":[{"embeddable":true,"href":"https:\/\/bilogic.hu\/en\/wp-json\/wp\/v2\/users\/1"}],"replies":[{"embeddable":true,"href":"https:\/\/bilogic.hu\/en\/wp-json\/wp\/v2\/comments?post=651"}],"version-history":[{"count":1,"href":"https:\/\/bilogic.hu\/en\/wp-json\/wp\/v2\/pages\/651\/revisions"}],"predecessor-version":[{"id":655,"href":"https:\/\/bilogic.hu\/en\/wp-json\/wp\/v2\/pages\/651\/revisions\/655"}],"wp:attachment":[{"href":"https:\/\/bilogic.hu\/en\/wp-json\/wp\/v2\/media?parent=651"}],"curies":[{"name":"wp","href":"https:\/\/api.w.org\/{rel}","templated":true}]}}