{"id":652,"date":"2021-12-08T11:01:07","date_gmt":"2021-12-08T10:01:07","guid":{"rendered":"https:\/\/bilogic.hu\/navision-bc\/"},"modified":"2022-06-12T11:07:59","modified_gmt":"2022-06-12T09:07:59","slug":"navision-bc","status":"publish","type":"page","link":"https:\/\/bilogic.hu\/en\/navision-bc\/","title":{"rendered":"Tracon Budapest Ltd. Management Information System (MIS) &#8211; Phase I"},"content":{"rendered":"\n<div class=\"wp-block-columns is-layout-flex wp-container-core-columns-is-layout-9d6595d7 wp-block-columns-is-layout-flex\">\n<div class=\"wp-block-column is-layout-flow wp-block-column-is-layout-flow\">\n<iframe loading=\"lazy\" width=\"600\" height=\"373.5\" src=\"https:\/\/app.powerbi.com\/view?r=eyJrIjoiMmE1NGJhNzktMzQ3Yy00ZDE2LWIxMjEtNmEwZGEyY2M4YTdmIiwidCI6IjI2M2UwNWFjLTdmMmQtNGFiOS04ZDgwLWY1Y2QwMzBjNDM2NSIsImMiOjl9\" frameborder=\"0\" allowfullscreen=\"true\"><\/iframe>\n\n\n\n<p><\/p>\n\n\n<div class=\"wp-block-image\">\n<figure class=\"aligncenter size-full\"><img loading=\"lazy\" decoding=\"async\" width=\"300\" height=\"300\" src=\"https:\/\/bilogic.hu\/wp-content\/uploads\/2021\/12\/tracon1.png\" alt=\"\" class=\"wp-image-370\" srcset=\"https:\/\/bilogic.hu\/wp-content\/uploads\/2021\/12\/tracon1.png 300w, https:\/\/bilogic.hu\/wp-content\/uploads\/2021\/12\/tracon1-150x150.png 150w\" sizes=\"auto, (max-width: 300px) 100vw, 300px\" \/><\/figure>\n<\/div>\n\n\n<p><\/p>\n\n\n\n<iframe loading=\"lazy\" width=\"600\" height=\"373.5\" src=\"https:\/\/app.powerbi.com\/view?r=eyJrIjoiZjZhZDRhMzMtMmRiMS00Mzk5LWFkYzEtMmMyODBmMzBkY2FhIiwidCI6IjI2M2UwNWFjLTdmMmQtNGFiOS04ZDgwLWY1Y2QwMzBjNDM2NSIsImMiOjl9\" frameborder=\"0\" allowfullscreen=\"true\"><\/iframe>\n<\/div>\n\n\n\n<div class=\"wp-block-column is-layout-flow wp-block-column-is-layout-flow\">\n<p><strong>Tracon Budapest Ltd. is a group of companies operating since 1990 with subsidiaries in more than ten countries in Europe. The group works with more than 5,000 resellers and nearly 7,500 products every day, which are stored in the company&#8217;s own robotised warehouse (smart warehouse). They also have their own lighting technology laboratory.<\/strong><br><br><strong>Our company has developed an integrated management information system for Tracon Ltd. in several phases, in which the data of all parent companies are displayed in one interface for the company management. The resulting report is always up-to-date and helps decision-making.<\/strong><\/p>\n\n\n\n<p>Each subsidiary in the group has its own internal Microsoft Dynamics NAV ERP system. However, the data collected here is not presented in an integrated system and therefore cannot be analysed together, only separately. BI-Logic Ltd. provided a solution for this task, the result of which is a management information system that has brought a radical change to the life of the entire group.<br><br><\/p>\n\n\n\n<p>By tracking finances in real-time, not only the company managers but also the controlling department, for example, have access to up-to-date information. Other uses of the system include sales, where predefined plans and KPIs can also be tracked, even at store level. In addition, a mobile phone solution with appropriate authorisation levels (sales representatives can only see their own data, subsidiaries only their own subsidiary&#8217;s data, management can see the entire portfolio) has been developed to enable extensive use of the MIS system.<\/p>\n\n\n\n<p><br>The demo presented here shows functionally the elements that make up the MIS system but is built from demo data provided by the company.<\/p>\n\n\n\n<div class=\"wp-block-buttons is-layout-flex wp-block-buttons-is-layout-flex\">\n<div class=\"wp-block-button is-style-primary\"><a class=\"wp-block-button__link\" href=\"https:\/\/app.powerbi.com\/view?r=eyJrIjoiMmE1NGJhNzktMzQ3Yy00ZDE2LWIxMjEtNmEwZGEyY2M4YTdmIiwidCI6IjI2M2UwNWFjLTdmMmQtNGFiOS04ZDgwLWY1Y2QwMzBjNDM2NSIsImMiOjl9\">Full Screen view<\/a><\/div>\n<\/div>\n<\/div>\n<\/div>\n","protected":false},"excerpt":{"rendered":"<p>Tracon Budapest Ltd. is a group of companies operating since 1990 with subsidiaries in more than ten countries in Europe. The group works with more than 5,000 resellers and nearly 7,500 products every day, which are stored in the company&#8217;s own robotised warehouse (smart warehouse). They also have their own lighting technology laboratory. Our company&hellip;&nbsp;<a href=\"https:\/\/bilogic.hu\/en\/navision-bc\/\" class=\"\" rel=\"bookmark\">Read More &raquo;<span class=\"screen-reader-text\">Tracon Budapest Ltd. Management Information System (MIS) &#8211; Phase I<\/span><\/a><\/p>\n","protected":false},"author":1,"featured_media":0,"parent":0,"menu_order":0,"comment_status":"closed","ping_status":"closed","template":"","meta":{"neve_meta_sidebar":"","neve_meta_container":"","neve_meta_enable_content_width":"","neve_meta_content_width":0,"neve_meta_title_alignment":"","neve_meta_author_avatar":"","neve_post_elements_order":"","neve_meta_disable_header":"","neve_meta_disable_footer":"","neve_meta_disable_title":"","footnotes":""},"class_list":["post-652","page","type-page","status-publish","hentry"],"yoast_head":"<!-- This site is optimized with the Yoast SEO plugin v27.2 - https:\/\/yoast.com\/product\/yoast-seo-wordpress\/ -->\n<title>Tracon Budapest Ltd. Management Information System (MIS) - Phase I - BI LOGIC<\/title>\n<meta name=\"description\" content=\"Fedezze fel a Powered BI \u00e1ltal ny\u00fajtott \u00fczleti intelligencia szolg\u00e1ltat\u00e1sokat \u00e9s tapasztalja meg, hogyan felfedheti \u00fczlet\u00e9nek val\u00f3di \u00e9rt\u00e9keit. Az adatok elemz\u00e9s\u00e9t\u0151l az \u00fczleti d\u00f6nt\u00e9sekig, a Bilogic az \u00d6n partnere a digit\u00e1lis \u00e1talakul\u00e1sban.\" \/>\n<meta name=\"robots\" content=\"index, follow, max-snippet:-1, max-image-preview:large, max-video-preview:-1\" \/>\n<link rel=\"canonical\" href=\"https:\/\/bilogic.hu\/en\/navision-bc\/\" \/>\n<meta property=\"og:locale\" content=\"en_US\" \/>\n<meta property=\"og:type\" content=\"article\" \/>\n<meta property=\"og:title\" content=\"Tracon Budapest Ltd. Management Information System (MIS) - Phase I - BI LOGIC\" \/>\n<meta property=\"og:description\" content=\"Fedezze fel a Powered BI \u00e1ltal ny\u00fajtott \u00fczleti intelligencia szolg\u00e1ltat\u00e1sokat \u00e9s tapasztalja meg, hogyan felfedheti \u00fczlet\u00e9nek val\u00f3di \u00e9rt\u00e9keit. Az adatok elemz\u00e9s\u00e9t\u0151l az \u00fczleti d\u00f6nt\u00e9sekig, a Bilogic az \u00d6n partnere a digit\u00e1lis \u00e1talakul\u00e1sban.\" \/>\n<meta property=\"og:url\" content=\"https:\/\/bilogic.hu\/en\/navision-bc\/\" \/>\n<meta property=\"og:site_name\" content=\"BI LOGIC\" \/>\n<meta property=\"article:publisher\" content=\"https:\/\/www.facebook.com\/bilogickft\" \/>\n<meta property=\"article:modified_time\" content=\"2022-06-12T09:07:59+00:00\" \/>\n<meta property=\"og:image\" content=\"https:\/\/bilogic.hu\/wp-content\/uploads\/2021\/12\/tracon1.png\" \/>\n<meta name=\"twitter:card\" content=\"summary_large_image\" \/>\n<meta name=\"twitter:label1\" content=\"Est. reading time\" \/>\n\t<meta name=\"twitter:data1\" content=\"1 minute\" \/>\n<script type=\"application\/ld+json\" class=\"yoast-schema-graph\">{\"@context\":\"https:\/\/schema.org\",\"@graph\":[{\"@type\":\"WebPage\",\"@id\":\"https:\/\/bilogic.hu\/en\/navision-bc\/\",\"url\":\"https:\/\/bilogic.hu\/en\/navision-bc\/\",\"name\":\"Tracon Budapest Ltd. Management Information System (MIS) - Phase I - BI LOGIC\",\"isPartOf\":{\"@id\":\"https:\/\/bilogic.hu\/#website\"},\"primaryImageOfPage\":{\"@id\":\"https:\/\/bilogic.hu\/en\/navision-bc\/#primaryimage\"},\"image\":{\"@id\":\"https:\/\/bilogic.hu\/en\/navision-bc\/#primaryimage\"},\"thumbnailUrl\":\"https:\/\/bilogic.hu\/wp-content\/uploads\/2021\/12\/tracon1.png\",\"datePublished\":\"2021-12-08T10:01:07+00:00\",\"dateModified\":\"2022-06-12T09:07:59+00:00\",\"description\":\"Fedezze fel a Powered BI \u00e1ltal ny\u00fajtott \u00fczleti intelligencia szolg\u00e1ltat\u00e1sokat \u00e9s tapasztalja meg, hogyan felfedheti \u00fczlet\u00e9nek val\u00f3di \u00e9rt\u00e9keit. Az adatok elemz\u00e9s\u00e9t\u0151l az \u00fczleti d\u00f6nt\u00e9sekig, a Bilogic az \u00d6n partnere a digit\u00e1lis \u00e1talakul\u00e1sban.\",\"breadcrumb\":{\"@id\":\"https:\/\/bilogic.hu\/en\/navision-bc\/#breadcrumb\"},\"inLanguage\":\"en-US\",\"potentialAction\":[{\"@type\":\"ReadAction\",\"target\":[\"https:\/\/bilogic.hu\/en\/navision-bc\/\"]}]},{\"@type\":\"ImageObject\",\"inLanguage\":\"en-US\",\"@id\":\"https:\/\/bilogic.hu\/en\/navision-bc\/#primaryimage\",\"url\":\"https:\/\/bilogic.hu\/wp-content\/uploads\/2021\/12\/tracon1.png\",\"contentUrl\":\"https:\/\/bilogic.hu\/wp-content\/uploads\/2021\/12\/tracon1.png\"},{\"@type\":\"BreadcrumbList\",\"@id\":\"https:\/\/bilogic.hu\/en\/navision-bc\/#breadcrumb\",\"itemListElement\":[{\"@type\":\"ListItem\",\"position\":1,\"name\":\"Kezd\u0151lap\",\"item\":\"https:\/\/bilogic.hu\/en\/\"},{\"@type\":\"ListItem\",\"position\":2,\"name\":\"Tracon Budapest Ltd. Management Information System (MIS) &#8211; Phase I\"}]},{\"@type\":\"WebSite\",\"@id\":\"https:\/\/bilogic.hu\/#website\",\"url\":\"https:\/\/bilogic.hu\/\",\"name\":\"BiLogic\",\"description\":\"Felfedj\u00fck \u00fczlete \u00e9rt\u00e9keit a Powered BI seg\u00edts\u00e9g\u00e9vel\",\"publisher\":{\"@id\":\"https:\/\/bilogic.hu\/#organization\"},\"alternateName\":\"BiLogic\",\"potentialAction\":[{\"@type\":\"SearchAction\",\"target\":{\"@type\":\"EntryPoint\",\"urlTemplate\":\"https:\/\/bilogic.hu\/?s={search_term_string}\"},\"query-input\":{\"@type\":\"PropertyValueSpecification\",\"valueRequired\":true,\"valueName\":\"search_term_string\"}}],\"inLanguage\":\"en-US\"},{\"@type\":\"Organization\",\"@id\":\"https:\/\/bilogic.hu\/#organization\",\"name\":\"BiLogic\",\"alternateName\":\"BiLogic\",\"url\":\"https:\/\/bilogic.hu\/\",\"logo\":{\"@type\":\"ImageObject\",\"inLanguage\":\"en-US\",\"@id\":\"https:\/\/bilogic.hu\/#\/schema\/logo\/image\/\",\"url\":\"https:\/\/bilogic.hu\/wp-content\/uploads\/2021\/10\/logo_big-1.jpg\",\"contentUrl\":\"https:\/\/bilogic.hu\/wp-content\/uploads\/2021\/10\/logo_big-1.jpg\",\"width\":501,\"height\":127,\"caption\":\"BiLogic\"},\"image\":{\"@id\":\"https:\/\/bilogic.hu\/#\/schema\/logo\/image\/\"},\"sameAs\":[\"https:\/\/www.facebook.com\/bilogickft\",\"https:\/\/www.linkedin.com\/company\/bi-logic-kft\"]}]}<\/script>\n<!-- \/ Yoast SEO plugin. -->","yoast_head_json":{"title":"Tracon Budapest Ltd. Management Information System (MIS) - Phase I - BI LOGIC","description":"Fedezze fel a Powered BI \u00e1ltal ny\u00fajtott \u00fczleti intelligencia szolg\u00e1ltat\u00e1sokat \u00e9s tapasztalja meg, hogyan felfedheti \u00fczlet\u00e9nek val\u00f3di \u00e9rt\u00e9keit. Az adatok elemz\u00e9s\u00e9t\u0151l az \u00fczleti d\u00f6nt\u00e9sekig, a Bilogic az \u00d6n partnere a digit\u00e1lis \u00e1talakul\u00e1sban.","robots":{"index":"index","follow":"follow","max-snippet":"max-snippet:-1","max-image-preview":"max-image-preview:large","max-video-preview":"max-video-preview:-1"},"canonical":"https:\/\/bilogic.hu\/en\/navision-bc\/","og_locale":"en_US","og_type":"article","og_title":"Tracon Budapest Ltd. Management Information System (MIS) - Phase I - BI LOGIC","og_description":"Fedezze fel a Powered BI \u00e1ltal ny\u00fajtott \u00fczleti intelligencia szolg\u00e1ltat\u00e1sokat \u00e9s tapasztalja meg, hogyan felfedheti \u00fczlet\u00e9nek val\u00f3di \u00e9rt\u00e9keit. Az adatok elemz\u00e9s\u00e9t\u0151l az \u00fczleti d\u00f6nt\u00e9sekig, a Bilogic az \u00d6n partnere a digit\u00e1lis \u00e1talakul\u00e1sban.","og_url":"https:\/\/bilogic.hu\/en\/navision-bc\/","og_site_name":"BI LOGIC","article_publisher":"https:\/\/www.facebook.com\/bilogickft","article_modified_time":"2022-06-12T09:07:59+00:00","og_image":[{"url":"https:\/\/bilogic.hu\/wp-content\/uploads\/2021\/12\/tracon1.png","type":"","width":"","height":""}],"twitter_card":"summary_large_image","twitter_misc":{"Est. reading time":"1 minute"},"schema":{"@context":"https:\/\/schema.org","@graph":[{"@type":"WebPage","@id":"https:\/\/bilogic.hu\/en\/navision-bc\/","url":"https:\/\/bilogic.hu\/en\/navision-bc\/","name":"Tracon Budapest Ltd. Management Information System (MIS) - Phase I - BI LOGIC","isPartOf":{"@id":"https:\/\/bilogic.hu\/#website"},"primaryImageOfPage":{"@id":"https:\/\/bilogic.hu\/en\/navision-bc\/#primaryimage"},"image":{"@id":"https:\/\/bilogic.hu\/en\/navision-bc\/#primaryimage"},"thumbnailUrl":"https:\/\/bilogic.hu\/wp-content\/uploads\/2021\/12\/tracon1.png","datePublished":"2021-12-08T10:01:07+00:00","dateModified":"2022-06-12T09:07:59+00:00","description":"Fedezze fel a Powered BI \u00e1ltal ny\u00fajtott \u00fczleti intelligencia szolg\u00e1ltat\u00e1sokat \u00e9s tapasztalja meg, hogyan felfedheti \u00fczlet\u00e9nek val\u00f3di \u00e9rt\u00e9keit. Az adatok elemz\u00e9s\u00e9t\u0151l az \u00fczleti d\u00f6nt\u00e9sekig, a Bilogic az \u00d6n partnere a digit\u00e1lis \u00e1talakul\u00e1sban.","breadcrumb":{"@id":"https:\/\/bilogic.hu\/en\/navision-bc\/#breadcrumb"},"inLanguage":"en-US","potentialAction":[{"@type":"ReadAction","target":["https:\/\/bilogic.hu\/en\/navision-bc\/"]}]},{"@type":"ImageObject","inLanguage":"en-US","@id":"https:\/\/bilogic.hu\/en\/navision-bc\/#primaryimage","url":"https:\/\/bilogic.hu\/wp-content\/uploads\/2021\/12\/tracon1.png","contentUrl":"https:\/\/bilogic.hu\/wp-content\/uploads\/2021\/12\/tracon1.png"},{"@type":"BreadcrumbList","@id":"https:\/\/bilogic.hu\/en\/navision-bc\/#breadcrumb","itemListElement":[{"@type":"ListItem","position":1,"name":"Kezd\u0151lap","item":"https:\/\/bilogic.hu\/en\/"},{"@type":"ListItem","position":2,"name":"Tracon Budapest Ltd. Management Information System (MIS) &#8211; Phase I"}]},{"@type":"WebSite","@id":"https:\/\/bilogic.hu\/#website","url":"https:\/\/bilogic.hu\/","name":"BiLogic","description":"Felfedj\u00fck \u00fczlete \u00e9rt\u00e9keit a Powered BI seg\u00edts\u00e9g\u00e9vel","publisher":{"@id":"https:\/\/bilogic.hu\/#organization"},"alternateName":"BiLogic","potentialAction":[{"@type":"SearchAction","target":{"@type":"EntryPoint","urlTemplate":"https:\/\/bilogic.hu\/?s={search_term_string}"},"query-input":{"@type":"PropertyValueSpecification","valueRequired":true,"valueName":"search_term_string"}}],"inLanguage":"en-US"},{"@type":"Organization","@id":"https:\/\/bilogic.hu\/#organization","name":"BiLogic","alternateName":"BiLogic","url":"https:\/\/bilogic.hu\/","logo":{"@type":"ImageObject","inLanguage":"en-US","@id":"https:\/\/bilogic.hu\/#\/schema\/logo\/image\/","url":"https:\/\/bilogic.hu\/wp-content\/uploads\/2021\/10\/logo_big-1.jpg","contentUrl":"https:\/\/bilogic.hu\/wp-content\/uploads\/2021\/10\/logo_big-1.jpg","width":501,"height":127,"caption":"BiLogic"},"image":{"@id":"https:\/\/bilogic.hu\/#\/schema\/logo\/image\/"},"sameAs":["https:\/\/www.facebook.com\/bilogickft","https:\/\/www.linkedin.com\/company\/bi-logic-kft"]}]}},"_links":{"self":[{"href":"https:\/\/bilogic.hu\/en\/wp-json\/wp\/v2\/pages\/652","targetHints":{"allow":["GET"]}}],"collection":[{"href":"https:\/\/bilogic.hu\/en\/wp-json\/wp\/v2\/pages"}],"about":[{"href":"https:\/\/bilogic.hu\/en\/wp-json\/wp\/v2\/types\/page"}],"author":[{"embeddable":true,"href":"https:\/\/bilogic.hu\/en\/wp-json\/wp\/v2\/users\/1"}],"replies":[{"embeddable":true,"href":"https:\/\/bilogic.hu\/en\/wp-json\/wp\/v2\/comments?post=652"}],"version-history":[{"count":2,"href":"https:\/\/bilogic.hu\/en\/wp-json\/wp\/v2\/pages\/652\/revisions"}],"predecessor-version":[{"id":664,"href":"https:\/\/bilogic.hu\/en\/wp-json\/wp\/v2\/pages\/652\/revisions\/664"}],"wp:attachment":[{"href":"https:\/\/bilogic.hu\/en\/wp-json\/wp\/v2\/media?parent=652"}],"curies":[{"name":"wp","href":"https:\/\/api.w.org\/{rel}","templated":true}]}}