{"id":653,"date":"2022-02-04T15:11:42","date_gmt":"2022-02-04T14:11:42","guid":{"rendered":"https:\/\/bilogic.hu\/covid-2\/"},"modified":"2022-06-12T11:08:09","modified_gmt":"2022-06-12T09:08:09","slug":"covid-2","status":"publish","type":"page","link":"https:\/\/bilogic.hu\/en\/covid-2\/","title":{"rendered":"COVID"},"content":{"rendered":"\n<div class=\"wp-block-columns is-layout-flex wp-container-core-columns-is-layout-9d6595d7 wp-block-columns-is-layout-flex\">\n<div class=\"wp-block-column is-layout-flow wp-block-column-is-layout-flow\">\n<p><strong>The COVID-19 pandemic showed how important it is for decision-makers to have up-to-date information on the spread of the pandemic. In addition, the resulting data offer a wide range of other analytical opportunities. It may also be worth looking at domestic or European data as well.<\/strong><\/p>\n\n\n\n<p><strong><br>Our company has contributed to a scientific paper presenting the results and methodology of innovative research supporting the management of domestic and global infection control. It also works with a number of collaborating partners in the processing and analysis of pandemic-generated data.<\/strong><\/p>\n\n\n\n<div class=\"wp-block-columns is-layout-flex wp-container-core-columns-is-layout-9d6595d7 wp-block-columns-is-layout-flex\">\n<div class=\"wp-block-column is-layout-flow wp-block-column-is-layout-flow\" style=\"flex-basis:100%\">\n<iframe loading=\"lazy\" width=\"600\" height=\"373.5\" src=\"https:\/\/app.powerbi.com\/view?r=eyJrIjoiNDE0MDlhYzYtNGFiNS00MzM2LWFmOGYtYTJmMTQ4NzBmNDRjIiwidCI6IjI2M2UwNWFjLTdmMmQtNGFiOS04ZDgwLWY1Y2QwMzBjNDM2NSIsImMiOjl9\" frameborder=\"0\" allowfullscreen=\"true\"><\/iframe>\n<\/div>\n<\/div>\n\n\n\n<p>Since the beginning of the pandemic, our company has been collaborating with the Home Office (BM), the Ministry of Innovation and Technology (ITM) and Semmelweis University on the processing of epidemiological data. The principal areas in which we have assisted these institutions are:<\/p>\n\n\n\n<ul class=\"wp-block-list\"><li>Epidemiological data processing, consulting<\/li><li>Epidemiological data systematisation, advice<\/li><li>Data storage, use, advice<\/li><li>Processing of various reports (e.g., National Centre for Public Health (NNK))<\/li><\/ul>\n\n\n\n<p><\/p>\n\n\n\n<p>Faculty of Health and Public Administration (Semmelweis University, Dr. Sz\u00f3cska Mikl\u00f3s, Dr. Ga\u00e1l P\u00e9ter, Jo\u00f3 Tam\u00e1s, Dr. Palicz Tam\u00e1s, Dr. Pollner P\u00e9ter), Magyar Telekom, Telenor, Vodafone Magyarorsz\u00e1g and the BI development department of BI Logic led by Dr. Schiszler Istv\u00e1n participated in the preparation of a scientific article presenting the results and methodology of innovative research supporting the management of domestic and global infection control. Another result of the project was the cooperation with the ELTE Institute of Physics and the London School of Hygiene &amp; Tropical Medicine. The study, entitled &#8216;Countrywide population movement monitoring using mobile devices generated (big) data during the COVID-19 crisis&#8217;, has been published in Nature Scientific Report and can be read at the link below:<\/p>\n\n\n\n<p><a href=\"https:\/\/www.nature.com\/articles\/s41598-021-81873-6\">https:\/\/www.nature.com\/articles\/s41598-021-81873-6<\/a><\/p>\n\n\n\n<p>More information about the research can be found on the Semmelweis University website:<\/p>\n\n\n\n<figure class=\"wp-block-embed is-type-wp-embed is-provider-semmelweis-university wp-block-embed-semmelweis-university\"><div class=\"wp-block-embed__wrapper\">\n<blockquote class=\"wp-embedded-content\" data-secret=\"iVoyLsvpGg\"><a href=\"https:\/\/semmelweis.hu\/english\/2021\/04\/the-mobility-database-of-the-faculty-of-health-and-public-administration-supports-epidemiological-control\/\">Mobility database of the Faculty of Health and Public Administration assists infection control<\/a><\/blockquote><iframe loading=\"lazy\" class=\"wp-embedded-content\" sandbox=\"allow-scripts\" security=\"restricted\" style=\"position: absolute; clip: rect(1px, 1px, 1px, 1px);\" title=\"&#8220;Mobility database of the Faculty of Health and Public Administration assists infection control&#8221; &#8212; Semmelweis University\" src=\"https:\/\/semmelweis.hu\/english\/2021\/04\/the-mobility-database-of-the-faculty-of-health-and-public-administration-supports-epidemiological-control\/embed\/#?secret=iVoyLsvpGg\" data-secret=\"iVoyLsvpGg\" width=\"600\" height=\"338\" frameborder=\"0\" marginwidth=\"0\" marginheight=\"0\" scrolling=\"no\"><\/iframe>\n<\/div><\/figure>\n\n\n\n<div class=\"wp-block-buttons is-layout-flex wp-block-buttons-is-layout-flex\">\n<div class=\"wp-block-button is-style-primary\"><a class=\"wp-block-button__link\" href=\"https:\/\/app.powerbi.com\/view?r=eyJrIjoiNDE0MDlhYzYtNGFiNS00MzM2LWFmOGYtYTJmMTQ4NzBmNDRjIiwidCI6IjI2M2UwNWFjLTdmMmQtNGFiOS04ZDgwLWY1Y2QwMzBjNDM2NSIsImMiOjl9\">Full Screen view<\/a><\/div>\n<\/div>\n<\/div>\n<\/div>\n","protected":false},"excerpt":{"rendered":"<p>The COVID-19 pandemic showed how important it is for decision-makers to have up-to-date information on the spread of the pandemic. In addition, the resulting data offer a wide range of other analytical opportunities. It may also be worth looking at domestic or European data as well. Our company has contributed to a scientific paper presenting&hellip;&nbsp;<a href=\"https:\/\/bilogic.hu\/en\/covid-2\/\" class=\"\" rel=\"bookmark\">Read More &raquo;<span class=\"screen-reader-text\">COVID<\/span><\/a><\/p>\n","protected":false},"author":1,"featured_media":0,"parent":0,"menu_order":0,"comment_status":"closed","ping_status":"closed","template":"","meta":{"neve_meta_sidebar":"","neve_meta_container":"","neve_meta_enable_content_width":"","neve_meta_content_width":0,"neve_meta_title_alignment":"","neve_meta_author_avatar":"","neve_post_elements_order":"","neve_meta_disable_header":"","neve_meta_disable_footer":"","neve_meta_disable_title":"","footnotes":""},"class_list":["post-653","page","type-page","status-publish","hentry"],"yoast_head":"<!-- This site is optimized with the Yoast SEO plugin v27.2 - https:\/\/yoast.com\/product\/yoast-seo-wordpress\/ -->\n<title>COVID - BI LOGIC<\/title>\n<meta name=\"description\" content=\"Fedezze fel a Powered BI \u00e1ltal ny\u00fajtott \u00fczleti intelligencia szolg\u00e1ltat\u00e1sokat \u00e9s tapasztalja meg, hogyan felfedheti \u00fczlet\u00e9nek val\u00f3di \u00e9rt\u00e9keit. Az adatok elemz\u00e9s\u00e9t\u0151l az \u00fczleti d\u00f6nt\u00e9sekig, a Bilogic az \u00d6n partnere a digit\u00e1lis \u00e1talakul\u00e1sban.\" \/>\n<meta name=\"robots\" content=\"index, follow, max-snippet:-1, max-image-preview:large, max-video-preview:-1\" \/>\n<link rel=\"canonical\" href=\"https:\/\/bilogic.hu\/en\/covid-2\/\" \/>\n<meta property=\"og:locale\" content=\"en_US\" \/>\n<meta property=\"og:type\" content=\"article\" \/>\n<meta property=\"og:title\" content=\"COVID - BI LOGIC\" \/>\n<meta property=\"og:description\" content=\"Fedezze fel a Powered BI \u00e1ltal ny\u00fajtott \u00fczleti intelligencia szolg\u00e1ltat\u00e1sokat \u00e9s tapasztalja meg, hogyan felfedheti \u00fczlet\u00e9nek val\u00f3di \u00e9rt\u00e9keit. Az adatok elemz\u00e9s\u00e9t\u0151l az \u00fczleti d\u00f6nt\u00e9sekig, a Bilogic az \u00d6n partnere a digit\u00e1lis \u00e1talakul\u00e1sban.\" \/>\n<meta property=\"og:url\" content=\"https:\/\/bilogic.hu\/en\/covid-2\/\" \/>\n<meta property=\"og:site_name\" content=\"BI LOGIC\" \/>\n<meta property=\"article:publisher\" content=\"https:\/\/www.facebook.com\/bilogickft\" \/>\n<meta property=\"article:modified_time\" content=\"2022-06-12T09:08:09+00:00\" \/>\n<meta property=\"og:image\" content=\"https:\/\/bilogic.hu\/wp-content\/uploads\/2021\/10\/logo.png\" \/>\n\t<meta property=\"og:image:width\" content=\"127\" \/>\n\t<meta property=\"og:image:height\" content=\"127\" \/>\n\t<meta property=\"og:image:type\" content=\"image\/png\" \/>\n<meta name=\"twitter:card\" content=\"summary_large_image\" \/>\n<meta name=\"twitter:label1\" content=\"Est. reading time\" \/>\n\t<meta name=\"twitter:data1\" content=\"2 minutes\" \/>\n<script type=\"application\/ld+json\" class=\"yoast-schema-graph\">{\"@context\":\"https:\/\/schema.org\",\"@graph\":[{\"@type\":\"WebPage\",\"@id\":\"https:\/\/bilogic.hu\/en\/covid-2\/\",\"url\":\"https:\/\/bilogic.hu\/en\/covid-2\/\",\"name\":\"COVID - BI LOGIC\",\"isPartOf\":{\"@id\":\"https:\/\/bilogic.hu\/#website\"},\"datePublished\":\"2022-02-04T14:11:42+00:00\",\"dateModified\":\"2022-06-12T09:08:09+00:00\",\"description\":\"Fedezze fel a Powered BI \u00e1ltal ny\u00fajtott \u00fczleti intelligencia szolg\u00e1ltat\u00e1sokat \u00e9s tapasztalja meg, hogyan felfedheti \u00fczlet\u00e9nek val\u00f3di \u00e9rt\u00e9keit. Az adatok elemz\u00e9s\u00e9t\u0151l az \u00fczleti d\u00f6nt\u00e9sekig, a Bilogic az \u00d6n partnere a digit\u00e1lis \u00e1talakul\u00e1sban.\",\"breadcrumb\":{\"@id\":\"https:\/\/bilogic.hu\/en\/covid-2\/#breadcrumb\"},\"inLanguage\":\"en-US\",\"potentialAction\":[{\"@type\":\"ReadAction\",\"target\":[\"https:\/\/bilogic.hu\/en\/covid-2\/\"]}]},{\"@type\":\"BreadcrumbList\",\"@id\":\"https:\/\/bilogic.hu\/en\/covid-2\/#breadcrumb\",\"itemListElement\":[{\"@type\":\"ListItem\",\"position\":1,\"name\":\"Kezd\u0151lap\",\"item\":\"https:\/\/bilogic.hu\/en\/\"},{\"@type\":\"ListItem\",\"position\":2,\"name\":\"COVID\"}]},{\"@type\":\"WebSite\",\"@id\":\"https:\/\/bilogic.hu\/#website\",\"url\":\"https:\/\/bilogic.hu\/\",\"name\":\"BiLogic\",\"description\":\"Felfedj\u00fck \u00fczlete \u00e9rt\u00e9keit a Powered BI seg\u00edts\u00e9g\u00e9vel\",\"publisher\":{\"@id\":\"https:\/\/bilogic.hu\/#organization\"},\"alternateName\":\"BiLogic\",\"potentialAction\":[{\"@type\":\"SearchAction\",\"target\":{\"@type\":\"EntryPoint\",\"urlTemplate\":\"https:\/\/bilogic.hu\/?s={search_term_string}\"},\"query-input\":{\"@type\":\"PropertyValueSpecification\",\"valueRequired\":true,\"valueName\":\"search_term_string\"}}],\"inLanguage\":\"en-US\"},{\"@type\":\"Organization\",\"@id\":\"https:\/\/bilogic.hu\/#organization\",\"name\":\"BiLogic\",\"alternateName\":\"BiLogic\",\"url\":\"https:\/\/bilogic.hu\/\",\"logo\":{\"@type\":\"ImageObject\",\"inLanguage\":\"en-US\",\"@id\":\"https:\/\/bilogic.hu\/#\/schema\/logo\/image\/\",\"url\":\"https:\/\/bilogic.hu\/wp-content\/uploads\/2021\/10\/logo_big-1.jpg\",\"contentUrl\":\"https:\/\/bilogic.hu\/wp-content\/uploads\/2021\/10\/logo_big-1.jpg\",\"width\":501,\"height\":127,\"caption\":\"BiLogic\"},\"image\":{\"@id\":\"https:\/\/bilogic.hu\/#\/schema\/logo\/image\/\"},\"sameAs\":[\"https:\/\/www.facebook.com\/bilogickft\",\"https:\/\/www.linkedin.com\/company\/bi-logic-kft\"]}]}<\/script>\n<!-- \/ Yoast SEO plugin. -->","yoast_head_json":{"title":"COVID - BI LOGIC","description":"Fedezze fel a Powered BI \u00e1ltal ny\u00fajtott \u00fczleti intelligencia szolg\u00e1ltat\u00e1sokat \u00e9s tapasztalja meg, hogyan felfedheti \u00fczlet\u00e9nek val\u00f3di \u00e9rt\u00e9keit. Az adatok elemz\u00e9s\u00e9t\u0151l az \u00fczleti d\u00f6nt\u00e9sekig, a Bilogic az \u00d6n partnere a digit\u00e1lis \u00e1talakul\u00e1sban.","robots":{"index":"index","follow":"follow","max-snippet":"max-snippet:-1","max-image-preview":"max-image-preview:large","max-video-preview":"max-video-preview:-1"},"canonical":"https:\/\/bilogic.hu\/en\/covid-2\/","og_locale":"en_US","og_type":"article","og_title":"COVID - BI LOGIC","og_description":"Fedezze fel a Powered BI \u00e1ltal ny\u00fajtott \u00fczleti intelligencia szolg\u00e1ltat\u00e1sokat \u00e9s tapasztalja meg, hogyan felfedheti \u00fczlet\u00e9nek val\u00f3di \u00e9rt\u00e9keit. Az adatok elemz\u00e9s\u00e9t\u0151l az \u00fczleti d\u00f6nt\u00e9sekig, a Bilogic az \u00d6n partnere a digit\u00e1lis \u00e1talakul\u00e1sban.","og_url":"https:\/\/bilogic.hu\/en\/covid-2\/","og_site_name":"BI LOGIC","article_publisher":"https:\/\/www.facebook.com\/bilogickft","article_modified_time":"2022-06-12T09:08:09+00:00","og_image":[{"width":127,"height":127,"url":"https:\/\/bilogic.hu\/wp-content\/uploads\/2021\/10\/logo.png","type":"image\/png"}],"twitter_card":"summary_large_image","twitter_misc":{"Est. reading time":"2 minutes"},"schema":{"@context":"https:\/\/schema.org","@graph":[{"@type":"WebPage","@id":"https:\/\/bilogic.hu\/en\/covid-2\/","url":"https:\/\/bilogic.hu\/en\/covid-2\/","name":"COVID - BI LOGIC","isPartOf":{"@id":"https:\/\/bilogic.hu\/#website"},"datePublished":"2022-02-04T14:11:42+00:00","dateModified":"2022-06-12T09:08:09+00:00","description":"Fedezze fel a Powered BI \u00e1ltal ny\u00fajtott \u00fczleti intelligencia szolg\u00e1ltat\u00e1sokat \u00e9s tapasztalja meg, hogyan felfedheti \u00fczlet\u00e9nek val\u00f3di \u00e9rt\u00e9keit. Az adatok elemz\u00e9s\u00e9t\u0151l az \u00fczleti d\u00f6nt\u00e9sekig, a Bilogic az \u00d6n partnere a digit\u00e1lis \u00e1talakul\u00e1sban.","breadcrumb":{"@id":"https:\/\/bilogic.hu\/en\/covid-2\/#breadcrumb"},"inLanguage":"en-US","potentialAction":[{"@type":"ReadAction","target":["https:\/\/bilogic.hu\/en\/covid-2\/"]}]},{"@type":"BreadcrumbList","@id":"https:\/\/bilogic.hu\/en\/covid-2\/#breadcrumb","itemListElement":[{"@type":"ListItem","position":1,"name":"Kezd\u0151lap","item":"https:\/\/bilogic.hu\/en\/"},{"@type":"ListItem","position":2,"name":"COVID"}]},{"@type":"WebSite","@id":"https:\/\/bilogic.hu\/#website","url":"https:\/\/bilogic.hu\/","name":"BiLogic","description":"Felfedj\u00fck \u00fczlete \u00e9rt\u00e9keit a Powered BI seg\u00edts\u00e9g\u00e9vel","publisher":{"@id":"https:\/\/bilogic.hu\/#organization"},"alternateName":"BiLogic","potentialAction":[{"@type":"SearchAction","target":{"@type":"EntryPoint","urlTemplate":"https:\/\/bilogic.hu\/?s={search_term_string}"},"query-input":{"@type":"PropertyValueSpecification","valueRequired":true,"valueName":"search_term_string"}}],"inLanguage":"en-US"},{"@type":"Organization","@id":"https:\/\/bilogic.hu\/#organization","name":"BiLogic","alternateName":"BiLogic","url":"https:\/\/bilogic.hu\/","logo":{"@type":"ImageObject","inLanguage":"en-US","@id":"https:\/\/bilogic.hu\/#\/schema\/logo\/image\/","url":"https:\/\/bilogic.hu\/wp-content\/uploads\/2021\/10\/logo_big-1.jpg","contentUrl":"https:\/\/bilogic.hu\/wp-content\/uploads\/2021\/10\/logo_big-1.jpg","width":501,"height":127,"caption":"BiLogic"},"image":{"@id":"https:\/\/bilogic.hu\/#\/schema\/logo\/image\/"},"sameAs":["https:\/\/www.facebook.com\/bilogickft","https:\/\/www.linkedin.com\/company\/bi-logic-kft"]}]}},"_links":{"self":[{"href":"https:\/\/bilogic.hu\/en\/wp-json\/wp\/v2\/pages\/653","targetHints":{"allow":["GET"]}}],"collection":[{"href":"https:\/\/bilogic.hu\/en\/wp-json\/wp\/v2\/pages"}],"about":[{"href":"https:\/\/bilogic.hu\/en\/wp-json\/wp\/v2\/types\/page"}],"author":[{"embeddable":true,"href":"https:\/\/bilogic.hu\/en\/wp-json\/wp\/v2\/users\/1"}],"replies":[{"embeddable":true,"href":"https:\/\/bilogic.hu\/en\/wp-json\/wp\/v2\/comments?post=653"}],"version-history":[{"count":2,"href":"https:\/\/bilogic.hu\/en\/wp-json\/wp\/v2\/pages\/653\/revisions"}],"predecessor-version":[{"id":665,"href":"https:\/\/bilogic.hu\/en\/wp-json\/wp\/v2\/pages\/653\/revisions\/665"}],"wp:attachment":[{"href":"https:\/\/bilogic.hu\/en\/wp-json\/wp\/v2\/media?parent=653"}],"curies":[{"name":"wp","href":"https:\/\/api.w.org\/{rel}","templated":true}]}}