{"id":789,"date":"2022-09-19T09:48:11","date_gmt":"2022-09-19T07:48:11","guid":{"rendered":"https:\/\/bilogic.hu\/?page_id=789"},"modified":"2022-09-19T09:48:11","modified_gmt":"2022-09-19T07:48:11","slug":"data-quality-wager","status":"publish","type":"page","link":"https:\/\/bilogic.hu\/en\/data-quality-wager\/","title":{"rendered":"Data quality wager"},"content":{"rendered":"\n<p>Gordon Hamilton emailed Jim Harris (the author of the original article) with the following to his data quality blog post:<\/p>\n\n\n\n<div class=\"wp-block-columns is-layout-flex wp-container-core-columns-is-layout-9d6595d7 wp-block-columns-is-layout-flex\">\n<div class=\"wp-block-column is-layout-flow wp-block-column-is-layout-flow\">\n<p>\u201cIt always seems crazy to me that few executives base their \u2018corporate wagers\u2019 on the statistical research touted by data quality authors such as <a href=\"http:\/\/www.amazon.com\/Data-Driven-Profiting-Important-Business\/dp\/1422119122\/\">Tom Redman<\/a>, <a href=\"http:\/\/www.amazon.com\/Data-Quality-Accuracy-Dimension-Management\/dp\/1558608915\/\">Jack Olson<\/a> and <a href=\"http:\/\/www.amazon.com\/Information-Quality-Applied-Practices-Improving\/dp\/047013447X\/\">Larry English<\/a> that shows that 15-45% of the operating expense of virtually all organizations is WASTED due to data quality issues.<\/p>\n\n\n\n<p>So, if every organization is leaving 15-45% on the table each year, why don\u2019t they do something about it? <a href=\"http:\/\/www.amazon.com\/Quality-Mentor-Books-Philip-Crosby\/dp\/0451622472\/\">Philip Crosby<\/a> says that quality is free, so why do the executives allow the waste to go on and on and on? It seems that if the shareholders think about the <em>Data Quality Wager,<\/em> they might wonder why their executives are wasting their shares\u2019 value. A substantial portion of that 15-45% could all go to the bottom line without a capital investment.<\/p>\n\n\n\n<p>I\u2019m maybe sounding a little vitriolic because I\u2019ve been re-reading Deming\u2019s <a href=\"http:\/\/www.amazon.com\/Out-Crisis-W-Edwards-Deming\/dp\/0262541157\/\"><em>Out of the Crisis<\/em><\/a> and he has a low regard for North American industry because they won\u2019t move beyond their short-term goals to build a quality organization, let alone implement <a href=\"http:\/\/en.wikipedia.org\/wiki\/W._Edwards_Deming#Key_principles\">Deming\u2019s 14 principles<\/a> or Larry English\u2019s paraphrasing of them in a data quality context.\u201d<\/p>\n\n\n\n<p>The reference to data quality reception in Hamilton&#8217;s email was a reference to Pascal&#8217;s wager, and now to Harris&#8217;s presentation in a data quality context:<\/p>\n<\/div>\n<\/div>\n\n\n\n<p>Investment in data quality initiatives is often conceptualised using non-business language and is seen as a short-term cost rather than a long-term investment. Increased short-term costs of an initiative may include the costs associated with the purchase and maintenance of data quality software, as well as the professional services required for installation, configuration, application development, testing, and training and consulting for implementation. In addition, there are often other short-term increased costs, both internal and external.<\/p>\n\n\n\n<p>Harris points out that he is talking about proactive investment costs before any data quality issues arise that require investment in a data cleansing project. Although the short-term costs are the same in both cases, it is much easier to get support for a reactive project than a proactive one &#8211; whatever the type of project. An organisation needs to assess the potential outcomes of proactive investment in data quality initiatives, while also taking into account the potential existence of data quality problems (i.e., the existence of tangible data quality issues that affect business operations):<\/p>\n\n\n\n<figure class=\"wp-block-table\"><table><tbody><tr><td>&nbsp;<\/td><td>data quality issues<\/td><td>no data quality issues<\/td><\/tr><tr><td>proactive investments<\/td><td>#1. lower risks and (eventually) lower costs<\/td><td>#2. higher costs<\/td><\/tr><tr><td>no proactive investments<\/td><td>#3. higher risks and (eventually) higher costs<\/td><td>#4. no higher costs or risks<\/td><\/tr><\/tbody><\/table><\/figure>\n\n\n\n<p>Data quality experts, vendors, industry analysts all strongly support option #1 &#8211; and all strongly criticize option #3. (Furthermore, because they believe that data quality problems do exist, most &#8220;orthodox&#8221; experts also refuse to acknowledge options #2 and #4.)<\/p>\n\n\n\n<p>Unfortunately, by supporting #1, we often fail to effectively sell the business benefits of data quality, and when we criticize #3, we focus too much on the negative aspect of not investing in data quality &#8211; no one will believe that such an unpleasant situation could really occur.<\/p>\n\n\n\n<p>Only option #4 guarantees no increased costs and risk if we do not invest &#8211; since we do not believe that data quality problems will arise \u2013 and many companies are betting on that.<\/p>\n\n\n\n<p>Source: <a href=\"https:\/\/www.ocdqblog.com\/home\/the-data-quality-wager.html\">QCDQ<\/a><\/p>\n\n\n\n<div style=\"height:100px\" aria-hidden=\"true\" class=\"wp-block-spacer\"><\/div>\n","protected":false},"excerpt":{"rendered":"<p>Gordon Hamilton emailed Jim Harris (the author of the original article) with the following to his data quality blog post: \u201cIt always seems crazy to me that few executives base their \u2018corporate wagers\u2019 on the statistical research touted by data quality authors such as Tom Redman, Jack Olson and Larry English that shows that 15-45%&hellip;&nbsp;<a href=\"https:\/\/bilogic.hu\/en\/data-quality-wager\/\" class=\"\" rel=\"bookmark\">Read More &raquo;<span class=\"screen-reader-text\">Data quality wager<\/span><\/a><\/p>\n","protected":false},"author":1,"featured_media":0,"parent":0,"menu_order":0,"comment_status":"closed","ping_status":"closed","template":"","meta":{"neve_meta_sidebar":"","neve_meta_container":"","neve_meta_enable_content_width":"","neve_meta_content_width":0,"neve_meta_title_alignment":"","neve_meta_author_avatar":"","neve_post_elements_order":"","neve_meta_disable_header":"","neve_meta_disable_footer":"","neve_meta_disable_title":"","footnotes":""},"class_list":["post-789","page","type-page","status-publish","hentry"],"yoast_head":"<!-- This site is optimized with the Yoast SEO plugin v27.2 - https:\/\/yoast.com\/product\/yoast-seo-wordpress\/ -->\n<title>Data quality wager - BI LOGIC<\/title>\n<meta name=\"description\" content=\"Fedezze fel a Powered BI \u00e1ltal ny\u00fajtott \u00fczleti intelligencia szolg\u00e1ltat\u00e1sokat \u00e9s tapasztalja meg, hogyan felfedheti \u00fczlet\u00e9nek val\u00f3di \u00e9rt\u00e9keit. Az adatok elemz\u00e9s\u00e9t\u0151l az \u00fczleti d\u00f6nt\u00e9sekig, a Bilogic az \u00d6n partnere a digit\u00e1lis \u00e1talakul\u00e1sban.\" \/>\n<meta name=\"robots\" content=\"index, follow, max-snippet:-1, max-image-preview:large, max-video-preview:-1\" \/>\n<link rel=\"canonical\" href=\"https:\/\/bilogic.hu\/en\/data-quality-wager\/\" \/>\n<meta property=\"og:locale\" content=\"en_US\" \/>\n<meta property=\"og:type\" content=\"article\" \/>\n<meta property=\"og:title\" content=\"Data quality wager - BI LOGIC\" \/>\n<meta property=\"og:description\" content=\"Fedezze fel a Powered BI \u00e1ltal ny\u00fajtott \u00fczleti intelligencia szolg\u00e1ltat\u00e1sokat \u00e9s tapasztalja meg, hogyan felfedheti \u00fczlet\u00e9nek val\u00f3di \u00e9rt\u00e9keit. Az adatok elemz\u00e9s\u00e9t\u0151l az \u00fczleti d\u00f6nt\u00e9sekig, a Bilogic az \u00d6n partnere a digit\u00e1lis \u00e1talakul\u00e1sban.\" \/>\n<meta property=\"og:url\" content=\"https:\/\/bilogic.hu\/en\/data-quality-wager\/\" \/>\n<meta property=\"og:site_name\" content=\"BI LOGIC\" \/>\n<meta property=\"article:publisher\" content=\"https:\/\/www.facebook.com\/bilogickft\" \/>\n<meta property=\"og:image\" content=\"https:\/\/bilogic.hu\/wp-content\/uploads\/2021\/10\/logo.png\" \/>\n\t<meta property=\"og:image:width\" content=\"127\" \/>\n\t<meta property=\"og:image:height\" content=\"127\" \/>\n\t<meta property=\"og:image:type\" content=\"image\/png\" \/>\n<meta name=\"twitter:card\" content=\"summary_large_image\" \/>\n<meta name=\"twitter:label1\" content=\"Est. reading time\" \/>\n\t<meta name=\"twitter:data1\" content=\"3 minutes\" \/>\n<script type=\"application\/ld+json\" class=\"yoast-schema-graph\">{\"@context\":\"https:\/\/schema.org\",\"@graph\":[{\"@type\":\"WebPage\",\"@id\":\"https:\/\/bilogic.hu\/en\/data-quality-wager\/\",\"url\":\"https:\/\/bilogic.hu\/en\/data-quality-wager\/\",\"name\":\"Data quality wager - BI LOGIC\",\"isPartOf\":{\"@id\":\"https:\/\/bilogic.hu\/#website\"},\"datePublished\":\"2022-09-19T07:48:11+00:00\",\"description\":\"Fedezze fel a Powered BI \u00e1ltal ny\u00fajtott \u00fczleti intelligencia szolg\u00e1ltat\u00e1sokat \u00e9s tapasztalja meg, hogyan felfedheti \u00fczlet\u00e9nek val\u00f3di \u00e9rt\u00e9keit. Az adatok elemz\u00e9s\u00e9t\u0151l az \u00fczleti d\u00f6nt\u00e9sekig, a Bilogic az \u00d6n partnere a digit\u00e1lis \u00e1talakul\u00e1sban.\",\"breadcrumb\":{\"@id\":\"https:\/\/bilogic.hu\/en\/data-quality-wager\/#breadcrumb\"},\"inLanguage\":\"en-US\",\"potentialAction\":[{\"@type\":\"ReadAction\",\"target\":[\"https:\/\/bilogic.hu\/en\/data-quality-wager\/\"]}]},{\"@type\":\"BreadcrumbList\",\"@id\":\"https:\/\/bilogic.hu\/en\/data-quality-wager\/#breadcrumb\",\"itemListElement\":[{\"@type\":\"ListItem\",\"position\":1,\"name\":\"Kezd\u0151lap\",\"item\":\"https:\/\/bilogic.hu\/en\/\"},{\"@type\":\"ListItem\",\"position\":2,\"name\":\"Data quality wager\"}]},{\"@type\":\"WebSite\",\"@id\":\"https:\/\/bilogic.hu\/#website\",\"url\":\"https:\/\/bilogic.hu\/\",\"name\":\"BiLogic\",\"description\":\"Felfedj\u00fck \u00fczlete \u00e9rt\u00e9keit a Powered BI seg\u00edts\u00e9g\u00e9vel\",\"publisher\":{\"@id\":\"https:\/\/bilogic.hu\/#organization\"},\"alternateName\":\"BiLogic\",\"potentialAction\":[{\"@type\":\"SearchAction\",\"target\":{\"@type\":\"EntryPoint\",\"urlTemplate\":\"https:\/\/bilogic.hu\/?s={search_term_string}\"},\"query-input\":{\"@type\":\"PropertyValueSpecification\",\"valueRequired\":true,\"valueName\":\"search_term_string\"}}],\"inLanguage\":\"en-US\"},{\"@type\":\"Organization\",\"@id\":\"https:\/\/bilogic.hu\/#organization\",\"name\":\"BiLogic\",\"alternateName\":\"BiLogic\",\"url\":\"https:\/\/bilogic.hu\/\",\"logo\":{\"@type\":\"ImageObject\",\"inLanguage\":\"en-US\",\"@id\":\"https:\/\/bilogic.hu\/#\/schema\/logo\/image\/\",\"url\":\"https:\/\/bilogic.hu\/wp-content\/uploads\/2021\/10\/logo_big-1.jpg\",\"contentUrl\":\"https:\/\/bilogic.hu\/wp-content\/uploads\/2021\/10\/logo_big-1.jpg\",\"width\":501,\"height\":127,\"caption\":\"BiLogic\"},\"image\":{\"@id\":\"https:\/\/bilogic.hu\/#\/schema\/logo\/image\/\"},\"sameAs\":[\"https:\/\/www.facebook.com\/bilogickft\",\"https:\/\/www.linkedin.com\/company\/bi-logic-kft\"]}]}<\/script>\n<!-- \/ Yoast SEO plugin. -->","yoast_head_json":{"title":"Data quality wager - BI LOGIC","description":"Fedezze fel a Powered BI \u00e1ltal ny\u00fajtott \u00fczleti intelligencia szolg\u00e1ltat\u00e1sokat \u00e9s tapasztalja meg, hogyan felfedheti \u00fczlet\u00e9nek val\u00f3di \u00e9rt\u00e9keit. Az adatok elemz\u00e9s\u00e9t\u0151l az \u00fczleti d\u00f6nt\u00e9sekig, a Bilogic az \u00d6n partnere a digit\u00e1lis \u00e1talakul\u00e1sban.","robots":{"index":"index","follow":"follow","max-snippet":"max-snippet:-1","max-image-preview":"max-image-preview:large","max-video-preview":"max-video-preview:-1"},"canonical":"https:\/\/bilogic.hu\/en\/data-quality-wager\/","og_locale":"en_US","og_type":"article","og_title":"Data quality wager - BI LOGIC","og_description":"Fedezze fel a Powered BI \u00e1ltal ny\u00fajtott \u00fczleti intelligencia szolg\u00e1ltat\u00e1sokat \u00e9s tapasztalja meg, hogyan felfedheti \u00fczlet\u00e9nek val\u00f3di \u00e9rt\u00e9keit. Az adatok elemz\u00e9s\u00e9t\u0151l az \u00fczleti d\u00f6nt\u00e9sekig, a Bilogic az \u00d6n partnere a digit\u00e1lis \u00e1talakul\u00e1sban.","og_url":"https:\/\/bilogic.hu\/en\/data-quality-wager\/","og_site_name":"BI LOGIC","article_publisher":"https:\/\/www.facebook.com\/bilogickft","og_image":[{"width":127,"height":127,"url":"https:\/\/bilogic.hu\/wp-content\/uploads\/2021\/10\/logo.png","type":"image\/png"}],"twitter_card":"summary_large_image","twitter_misc":{"Est. reading time":"3 minutes"},"schema":{"@context":"https:\/\/schema.org","@graph":[{"@type":"WebPage","@id":"https:\/\/bilogic.hu\/en\/data-quality-wager\/","url":"https:\/\/bilogic.hu\/en\/data-quality-wager\/","name":"Data quality wager - BI LOGIC","isPartOf":{"@id":"https:\/\/bilogic.hu\/#website"},"datePublished":"2022-09-19T07:48:11+00:00","description":"Fedezze fel a Powered BI \u00e1ltal ny\u00fajtott \u00fczleti intelligencia szolg\u00e1ltat\u00e1sokat \u00e9s tapasztalja meg, hogyan felfedheti \u00fczlet\u00e9nek val\u00f3di \u00e9rt\u00e9keit. Az adatok elemz\u00e9s\u00e9t\u0151l az \u00fczleti d\u00f6nt\u00e9sekig, a Bilogic az \u00d6n partnere a digit\u00e1lis \u00e1talakul\u00e1sban.","breadcrumb":{"@id":"https:\/\/bilogic.hu\/en\/data-quality-wager\/#breadcrumb"},"inLanguage":"en-US","potentialAction":[{"@type":"ReadAction","target":["https:\/\/bilogic.hu\/en\/data-quality-wager\/"]}]},{"@type":"BreadcrumbList","@id":"https:\/\/bilogic.hu\/en\/data-quality-wager\/#breadcrumb","itemListElement":[{"@type":"ListItem","position":1,"name":"Kezd\u0151lap","item":"https:\/\/bilogic.hu\/en\/"},{"@type":"ListItem","position":2,"name":"Data quality wager"}]},{"@type":"WebSite","@id":"https:\/\/bilogic.hu\/#website","url":"https:\/\/bilogic.hu\/","name":"BiLogic","description":"Felfedj\u00fck \u00fczlete \u00e9rt\u00e9keit a Powered BI seg\u00edts\u00e9g\u00e9vel","publisher":{"@id":"https:\/\/bilogic.hu\/#organization"},"alternateName":"BiLogic","potentialAction":[{"@type":"SearchAction","target":{"@type":"EntryPoint","urlTemplate":"https:\/\/bilogic.hu\/?s={search_term_string}"},"query-input":{"@type":"PropertyValueSpecification","valueRequired":true,"valueName":"search_term_string"}}],"inLanguage":"en-US"},{"@type":"Organization","@id":"https:\/\/bilogic.hu\/#organization","name":"BiLogic","alternateName":"BiLogic","url":"https:\/\/bilogic.hu\/","logo":{"@type":"ImageObject","inLanguage":"en-US","@id":"https:\/\/bilogic.hu\/#\/schema\/logo\/image\/","url":"https:\/\/bilogic.hu\/wp-content\/uploads\/2021\/10\/logo_big-1.jpg","contentUrl":"https:\/\/bilogic.hu\/wp-content\/uploads\/2021\/10\/logo_big-1.jpg","width":501,"height":127,"caption":"BiLogic"},"image":{"@id":"https:\/\/bilogic.hu\/#\/schema\/logo\/image\/"},"sameAs":["https:\/\/www.facebook.com\/bilogickft","https:\/\/www.linkedin.com\/company\/bi-logic-kft"]}]}},"_links":{"self":[{"href":"https:\/\/bilogic.hu\/en\/wp-json\/wp\/v2\/pages\/789","targetHints":{"allow":["GET"]}}],"collection":[{"href":"https:\/\/bilogic.hu\/en\/wp-json\/wp\/v2\/pages"}],"about":[{"href":"https:\/\/bilogic.hu\/en\/wp-json\/wp\/v2\/types\/page"}],"author":[{"embeddable":true,"href":"https:\/\/bilogic.hu\/en\/wp-json\/wp\/v2\/users\/1"}],"replies":[{"embeddable":true,"href":"https:\/\/bilogic.hu\/en\/wp-json\/wp\/v2\/comments?post=789"}],"version-history":[{"count":2,"href":"https:\/\/bilogic.hu\/en\/wp-json\/wp\/v2\/pages\/789\/revisions"}],"predecessor-version":[{"id":791,"href":"https:\/\/bilogic.hu\/en\/wp-json\/wp\/v2\/pages\/789\/revisions\/791"}],"wp:attachment":[{"href":"https:\/\/bilogic.hu\/en\/wp-json\/wp\/v2\/media?parent=789"}],"curies":[{"name":"wp","href":"https:\/\/api.w.org\/{rel}","templated":true}]}}